{"id":9319,"date":"2020-10-21T15:36:29","date_gmt":"2020-10-21T18:36:29","guid":{"rendered":"https:\/\/sds.unb.br\/?page_id=9319"},"modified":"2024-10-30T19:23:53","modified_gmt":"2024-10-30T22:23:53","slug":"redcap-sala-de-situacao","status":"publish","type":"page","link":"https:\/\/sds.unb.br\/es\/home-2\/producao-tecnica\/ferramentas\/redcap-sala-de-situacao\/","title":{"rendered":"REDCap &#8211; Sala de Situa\u00e7\u00e3o"},"content":{"rendered":"<p>     <\/p>\n\n\n\n<p class=\"has-text-align-left has-normal-font-size\">REDCAp \u00e9 uma plataforma digital para coleta de dados, de uso amig\u00e1vel e que pode ser usada a partir de um computador, tablet e smartphones. Com funcionamento nos modos online e offline, substitui o obsoleto e pouco confi\u00e1vel processo com uso de formul\u00e1rios de papel e anota\u00e7\u00f5es manuscritas na coleta de dados.<\/p>\n\n\n\n<p class=\"has-normal-font-size\">REDCap possui ferramentas que permitem o gerenciamento din\u00e2mico de dados, reduzindo drasticamente os principais problemas de qualidade. Al\u00e9m disso, REDCap tamb\u00e9m permite a importa\u00e7\u00e3o e exporta\u00e7\u00e3o de dados, a constru\u00e7\u00e3o de relat\u00f3rios reprodut\u00edveis e a transfer\u00eancia de dados para os principais softwares de an\u00e1lises estat\u00edsticas, garantindo o m\u00e1ximo de precis\u00e3o, seguran\u00e7a e rapidez na obten\u00e7\u00e3o de informa\u00e7\u00f5es confi\u00e1veis.<\/p>\n\n\n\n<p class=\"has-normal-font-size\">A Sala de Situa\u00e7\u00e3o disp\u00f5e de uma plataforma REDCap funcional e atualizada. Pronta para receber projetos de coleta de dados. <\/p>\n\n\n\n<p class=\"has-normal-font-size\">Caso j\u00e1 possua acesso a plataforma da SDS, acesse o endere\u00e7o <a href=\"https:\/\/forms.sds.unb.br\" data-type=\"URL\" data-id=\"https:\/\/forms.sds.unb.br\" target=\"_blank\" rel=\"noreferrer noopener\">forms.sds.unb.br<\/a>. <\/p>\n\n\n\n<p class=\"has-normal-font-size\">Se tem o interesse de hospedar seu projeto de pesquisa na plataforma da SDS, preencha o formul\u00e1rio abaixo, em breve entraremos em contato.<\/p>\n\n\n<p><iframe src=\"https:\/\/forms.sds.unb.br\/surveys\/?s=CFHWYPKCERELECLA\" allow=\"fullscreen\" width=\"1000\" height=\"900\"><\/iframe><\/p>","protected":false},"excerpt":{"rendered":"<p>REDCAp \u00e9 uma plataforma digital para coleta de dados, de uso amig\u00e1vel e que pode ser usada a partir de um computador, tablet e smartphones. Com funcionamento nos modos online e offline, substitui o obsoleto e pouco confi\u00e1vel processo com uso de formul\u00e1rios de papel e anota\u00e7\u00f5es manuscritas na coleta de dados. REDCap possui ferramentas que permitem o gerenciamento din\u00e2mico de dados, reduzindo drasticamente os principais&hellip;<\/p>\n<p> <a class=\"more-link\" href=\"https:\/\/sds.unb.br\/es\/home-2\/producao-tecnica\/ferramentas\/redcap-sala-de-situacao\/\">Leer m\u00e1s<\/a><\/p>","protected":false},"author":20,"featured_media":0,"parent":403,"menu_order":0,"comment_status":"closed","ping_status":"closed","template":"","meta":{"footnotes":""},"tnc_tax_1420":[],"folder":[],"class_list":["post-9319","page","type-page","status-publish"],"_links":{"self":[{"href":"https:\/\/sds.unb.br\/es\/wp-json\/wp\/v2\/pages\/9319","targetHints":{"allow":["GET"]}}],"collection":[{"href":"https:\/\/sds.unb.br\/es\/wp-json\/wp\/v2\/pages"}],"about":[{"href":"https:\/\/sds.unb.br\/es\/wp-json\/wp\/v2\/types\/page"}],"author":[{"embeddable":true,"href":"https:\/\/sds.unb.br\/es\/wp-json\/wp\/v2\/users\/20"}],"replies":[{"embeddable":true,"href":"https:\/\/sds.unb.br\/es\/wp-json\/wp\/v2\/comments?post=9319"}],"version-history":[{"count":19,"href":"https:\/\/sds.unb.br\/es\/wp-json\/wp\/v2\/pages\/9319\/revisions"}],"predecessor-version":[{"id":27219,"href":"https:\/\/sds.unb.br\/es\/wp-json\/wp\/v2\/pages\/9319\/revisions\/27219"}],"up":[{"embeddable":true,"href":"https:\/\/sds.unb.br\/es\/wp-json\/wp\/v2\/pages\/403"}],"wp:attachment":[{"href":"https:\/\/sds.unb.br\/es\/wp-json\/wp\/v2\/media?parent=9319"}],"wp:term":[{"taxonomy":"tnc_tax_1420","embeddable":true,"href":"https:\/\/sds.unb.br\/es\/wp-json\/wp\/v2\/tnc_tax_1420?post=9319"},{"taxonomy":"folder","embeddable":true,"href":"https:\/\/sds.unb.br\/es\/wp-json\/wp\/v2\/folder?post=9319"}],"curies":[{"name":"wp","href":"https:\/\/api.w.org\/{rel}","templated":true}]}}