{"id":39531,"date":"2026-04-23T20:44:01","date_gmt":"2026-04-23T23:44:01","guid":{"rendered":"https:\/\/sds.unb.br\/?page_id=39531"},"modified":"2026-04-23T20:48:01","modified_gmt":"2026-04-23T23:48:01","slug":"residencias-ride","status":"publish","type":"page","link":"https:\/\/sds.unb.br\/es\/residencias-ride\/","title":{"rendered":"Residencias Ride"},"content":{"rendered":"<div data-elementor-type=\"wp-page\" data-elementor-id=\"39531\" class=\"elementor elementor-39531\">\n\t\t\t\t\t\t<section class=\"elementor-section elementor-top-section elementor-element elementor-element-6c25f2b0 elementor-section-boxed elementor-section-height-default elementor-section-height-default\" data-id=\"6c25f2b0\" data-element_type=\"section\" data-settings=\"{&quot;background_background&quot;:&quot;classic&quot;}\">\n\t\t\t\t\t\t\t<div class=\"elementor-background-overlay\"><\/div>\n\t\t\t\t\t\t\t<div class=\"elementor-container elementor-column-gap-default\">\n\t\t\t\t\t<div class=\"elementor-column elementor-col-50 elementor-top-column elementor-element elementor-element-777d29b5\" data-id=\"777d29b5\" data-element_type=\"column\" data-settings=\"{&quot;background_background&quot;:&quot;classic&quot;}\">\n\t\t\t<div class=\"elementor-widget-wrap elementor-element-populated\">\n\t\t\t\t\t\t<div class=\"elementor-element elementor-element-5b565b3a elementor-widget elementor-widget-image\" data-id=\"5b565b3a\" data-element_type=\"widget\" data-widget_type=\"image.default\">\n\t\t\t\t<div class=\"elementor-widget-container\">\n\t\t\t\t\t\t\t\t\t\t\t\t\t<img fetchpriority=\"high\" decoding=\"async\" width=\"768\" height=\"768\" src=\"https:\/\/sds.unb.br\/wp-content\/uploads\/2026\/04\/3-768x768.jpg\" class=\"attachment-medium_large size-medium_large wp-image-39386\" alt=\"\" srcset=\"https:\/\/sds.unb.br\/wp-content\/uploads\/2026\/04\/3-768x768.jpg 768w, https:\/\/sds.unb.br\/wp-content\/uploads\/2026\/04\/3-300x300.jpg 300w, https:\/\/sds.unb.br\/wp-content\/uploads\/2026\/04\/3-1024x1024.jpg 1024w, https:\/\/sds.unb.br\/wp-content\/uploads\/2026\/04\/3-150x150.jpg 150w, https:\/\/sds.unb.br\/wp-content\/uploads\/2026\/04\/3-12x12.jpg 12w, https:\/\/sds.unb.br\/wp-content\/uploads\/2026\/04\/3-40x40.jpg 40w, https:\/\/sds.unb.br\/wp-content\/uploads\/2026\/04\/3-275x275.jpg 275w, https:\/\/sds.unb.br\/wp-content\/uploads\/2026\/04\/3-205x205.jpg 205w, https:\/\/sds.unb.br\/wp-content\/uploads\/2026\/04\/3-480x480.jpg 480w, https:\/\/sds.unb.br\/wp-content\/uploads\/2026\/04\/3.jpg 1080w\" sizes=\"(max-width: 768px) 100vw, 768px\" \/>\t\t\t\t\t\t\t\t\t\t\t\t\t<\/div>\n\t\t\t\t<\/div>\n\t\t\t\t\t<\/div>\n\t\t<\/div>\n\t\t\t\t<div class=\"elementor-column elementor-col-50 elementor-top-column elementor-element elementor-element-1bf1b2cd\" data-id=\"1bf1b2cd\" data-element_type=\"column\" data-settings=\"{&quot;background_background&quot;:&quot;classic&quot;}\">\n\t\t\t<div class=\"elementor-widget-wrap elementor-element-populated\">\n\t\t\t\t\t\t<div class=\"elementor-element elementor-element-69e02bb3 elementor-widget elementor-widget-heading\" data-id=\"69e02bb3\" data-element_type=\"widget\" data-widget_type=\"heading.default\">\n\t\t\t\t<div class=\"elementor-widget-container\">\n\t\t\t<h2 class=\"elementor-heading-title elementor-size-default\">RESID\u00caNCIAS RIDE DF <br>\nGest\u00e3o da Aten\u00e7\u00e3o Prim\u00e1ria e Vigil\u00e2ncia em sa\u00fade da RIDE DF<\/h2>\t\t<\/div>\n\t\t\t\t<\/div>\n\t\t\t\t<div class=\"elementor-element elementor-element-6c6a0840 e-grid-align-left elementor-shape-rounded elementor-grid-0 elementor-widget elementor-widget-social-icons\" data-id=\"6c6a0840\" data-element_type=\"widget\" data-widget_type=\"social-icons.default\">\n\t\t\t\t<div class=\"elementor-widget-container\">\n\t\t\t\t\t<div class=\"elementor-social-icons-wrapper elementor-grid\">\n\t\t\t\t\t\t\t<span class=\"elementor-grid-item\">\n\t\t\t\t\t<a class=\"elementor-icon elementor-social-icon elementor-social-icon-instagram elementor-repeater-item-74e7875\" href=\"https:\/\/www.instagram.com\/residencias.ride.df\" target=\"_blank\">\n\t\t\t\t\t\t<span class=\"elementor-screen-only\">Instagram<\/span>\n\t\t\t\t\t\t<i class=\"fab fa-instagram\"><\/i>\t\t\t\t\t<\/a>\n\t\t\t\t<\/span>\n\t\t\t\t\t<\/div>\n\t\t\t\t<\/div>\n\t\t\t\t<\/div>\n\t\t\t\t\t<\/div>\n\t\t<\/div>\n\t\t\t\t\t<\/div>\n\t\t<\/section>\n\t\t\t\t<section class=\"elementor-section elementor-top-section elementor-element elementor-element-29d20514 elementor-section-boxed elementor-section-height-default elementor-section-height-default\" data-id=\"29d20514\" data-element_type=\"section\" id=\"sec2\">\n\t\t\t\t\t\t<div class=\"elementor-container elementor-column-gap-default\">\n\t\t\t\t\t<div class=\"elementor-column elementor-col-100 elementor-top-column elementor-element elementor-element-52db078a\" data-id=\"52db078a\" data-element_type=\"column\">\n\t\t\t<div class=\"elementor-widget-wrap\">\n\t\t\t\t\t\t\t<\/div>\n\t\t<\/div>\n\t\t\t\t\t<\/div>\n\t\t<\/section>\n\t\t\t\t<section class=\"elementor-section elementor-top-section elementor-element elementor-element-429a2faa elementor-section-boxed elementor-section-height-default elementor-section-height-default\" data-id=\"429a2faa\" data-element_type=\"section\" id=\"sec2\">\n\t\t\t\t\t\t<div class=\"elementor-container elementor-column-gap-default\">\n\t\t\t\t\t<div class=\"elementor-column elementor-col-50 elementor-top-column elementor-element elementor-element-161a8c40\" data-id=\"161a8c40\" data-element_type=\"column\">\n\t\t\t<div class=\"elementor-widget-wrap elementor-element-populated\">\n\t\t\t\t\t\t<div class=\"elementor-element elementor-element-4ad0edf0 elementor-widget elementor-widget-heading\" data-id=\"4ad0edf0\" data-element_type=\"widget\" data-widget_type=\"heading.default\">\n\t\t\t\t<div class=\"elementor-widget-container\">\n\t\t\t<h2 class=\"elementor-heading-title elementor-size-xl\">Sobre o Projeto<\/h2>\t\t<\/div>\n\t\t\t\t<\/div>\n\t\t\t\t<div class=\"elementor-element elementor-element-505c3597 elementor-widget elementor-widget-image\" data-id=\"505c3597\" data-element_type=\"widget\" data-widget_type=\"image.default\">\n\t\t\t\t<div class=\"elementor-widget-container\">\n\t\t\t\t\t\t\t\t\t\t\t\t\t<img decoding=\"async\" width=\"398\" height=\"300\" src=\"https:\/\/sds.unb.br\/wp-content\/uploads\/2022\/05\/imagem_2022-05-25_113754635.png\" class=\"attachment-large size-large wp-image-27582\" alt=\"\" srcset=\"https:\/\/sds.unb.br\/wp-content\/uploads\/2022\/05\/imagem_2022-05-25_113754635.png 398w, https:\/\/sds.unb.br\/wp-content\/uploads\/2022\/05\/imagem_2022-05-25_113754635-300x226.png 300w, https:\/\/sds.unb.br\/wp-content\/uploads\/2022\/05\/imagem_2022-05-25_113754635-16x12.png 16w, https:\/\/sds.unb.br\/wp-content\/uploads\/2022\/05\/imagem_2022-05-25_113754635-205x155.png 205w\" sizes=\"(max-width: 398px) 100vw, 398px\" \/>\t\t\t\t\t\t\t\t\t\t\t\t\t<\/div>\n\t\t\t\t<\/div>\n\t\t\t\t\t<\/div>\n\t\t<\/div>\n\t\t\t\t<div class=\"elementor-column elementor-col-50 elementor-top-column elementor-element elementor-element-38a592ac\" data-id=\"38a592ac\" data-element_type=\"column\">\n\t\t\t<div class=\"elementor-widget-wrap elementor-element-populated\">\n\t\t\t\t\t\t<div class=\"elementor-element elementor-element-faab7d7 animated-slow elementor-invisible elementor-widget elementor-widget-text-editor\" data-id=\"faab7d7\" data-element_type=\"widget\" data-settings=\"{&quot;_animation&quot;:&quot;fadeIn&quot;,&quot;_animation_delay&quot;:100}\" data-widget_type=\"text-editor.default\">\n\t\t\t\t<div class=\"elementor-widget-container\">\n\t\t\t\t\t\t\t<h3><span style=\"font-weight: normal;\">O Programa Resid\u00eancia RIDE-DF \u00e9 uma iniciativa de p\u00f3s-gradua\u00e7\u00e3o lato sensu em servi\u00e7o, focada no fortalecimento da Aten\u00e7\u00e3o Prim\u00e1ria e Vigil\u00e2ncia em Sa\u00fade na Regi\u00e3o Integrada de Desenvolvimento do Distrito Federal e Entorno. Parceria entre AMAB, UnB, HUB e Minist\u00e9rio da Sa\u00fade, que busca qualificar profissionais na rede p\u00fablica de munic\u00edpios da RIDE.\u00a0<\/span><\/h3>\t\t\t\t\t\t<\/div>\n\t\t\t\t<\/div>\n\t\t\t\t\t<\/div>\n\t\t<\/div>\n\t\t\t\t\t<\/div>\n\t\t<\/section>\n\t\t\t\t<section class=\"elementor-section elementor-top-section elementor-element elementor-element-14afb3a0 elementor-section-boxed elementor-section-height-default elementor-section-height-default\" data-id=\"14afb3a0\" data-element_type=\"section\" id=\"sec3\">\n\t\t\t\t\t\t<div class=\"elementor-container elementor-column-gap-default\">\n\t\t\t\t\t<div class=\"elementor-column elementor-col-100 elementor-top-column elementor-element elementor-element-4a813b79\" data-id=\"4a813b79\" data-element_type=\"column\">\n\t\t\t<div class=\"elementor-widget-wrap elementor-element-populated\">\n\t\t\t\t\t\t<div class=\"elementor-element elementor-element-6f64cf2d elementor-widget elementor-widget-spacer\" data-id=\"6f64cf2d\" data-element_type=\"widget\" data-widget_type=\"spacer.default\">\n\t\t\t\t<div class=\"elementor-widget-container\">\n\t\t\t\t\t<div class=\"elementor-spacer\">\n\t\t\t<div class=\"elementor-spacer-inner\"><\/div>\n\t\t<\/div>\n\t\t\t\t<\/div>\n\t\t\t\t<\/div>\n\t\t\t\t\t<\/div>\n\t\t<\/div>\n\t\t\t\t\t<\/div>\n\t\t<\/section>\n\t\t\t\t<section class=\"elementor-section elementor-top-section elementor-element elementor-element-10f03d7d elementor-section-boxed elementor-section-height-default elementor-section-height-default\" data-id=\"10f03d7d\" data-element_type=\"section\" id=\"sec3\" data-settings=\"{&quot;background_background&quot;:&quot;classic&quot;}\">\n\t\t\t\t\t\t<div class=\"elementor-container elementor-column-gap-default\">\n\t\t\t\t\t<div class=\"elementor-column elementor-col-100 elementor-top-column elementor-element elementor-element-53762954\" data-id=\"53762954\" data-element_type=\"column\">\n\t\t\t<div class=\"elementor-widget-wrap elementor-element-populated\">\n\t\t\t\t\t\t<div class=\"elementor-element elementor-element-7463293f elementor-widget elementor-widget-spacer\" data-id=\"7463293f\" data-element_type=\"widget\" data-widget_type=\"spacer.default\">\n\t\t\t\t<div class=\"elementor-widget-container\">\n\t\t\t\t\t<div class=\"elementor-spacer\">\n\t\t\t<div class=\"elementor-spacer-inner\"><\/div>\n\t\t<\/div>\n\t\t\t\t<\/div>\n\t\t\t\t<\/div>\n\t\t\t\t\t<\/div>\n\t\t<\/div>\n\t\t\t\t\t<\/div>\n\t\t<\/section>\n\t\t\t\t<section class=\"elementor-section elementor-top-section elementor-element elementor-element-2881ef8b elementor-section-boxed elementor-section-height-default elementor-section-height-default\" data-id=\"2881ef8b\" data-element_type=\"section\" id=\"sec4\">\n\t\t\t\t\t\t<div class=\"elementor-container elementor-column-gap-default\">\n\t\t\t\t\t<div class=\"elementor-column elementor-col-100 elementor-top-column elementor-element elementor-element-57d1d822\" data-id=\"57d1d822\" data-element_type=\"column\">\n\t\t\t<div class=\"elementor-widget-wrap elementor-element-populated\">\n\t\t\t\t\t\t<div class=\"elementor-element elementor-element-7f9fb5a6 elementor-widget elementor-widget-spacer\" data-id=\"7f9fb5a6\" data-element_type=\"widget\" data-widget_type=\"spacer.default\">\n\t\t\t\t<div class=\"elementor-widget-container\">\n\t\t\t\t\t<div class=\"elementor-spacer\">\n\t\t\t<div class=\"elementor-spacer-inner\"><\/div>\n\t\t<\/div>\n\t\t\t\t<\/div>\n\t\t\t\t<\/div>\n\t\t\t\t\t<\/div>\n\t\t<\/div>\n\t\t\t\t\t<\/div>\n\t\t<\/section>\n\t\t\t\t<section class=\"elementor-section elementor-top-section elementor-element elementor-element-537862da elementor-section-boxed elementor-section-height-default elementor-section-height-default\" data-id=\"537862da\" data-element_type=\"section\">\n\t\t\t\t\t\t<div class=\"elementor-container elementor-column-gap-default\">\n\t\t\t\t\t<div class=\"elementor-column elementor-col-100 elementor-top-column elementor-element elementor-element-cf885e6\" data-id=\"cf885e6\" data-element_type=\"column\">\n\t\t\t<div class=\"elementor-widget-wrap elementor-element-populated\">\n\t\t\t\t\t\t<div class=\"elementor-element elementor-element-280bf9d4 elementor-widget elementor-widget-spacer\" data-id=\"280bf9d4\" data-element_type=\"widget\" data-widget_type=\"spacer.default\">\n\t\t\t\t<div class=\"elementor-widget-container\">\n\t\t\t\t\t<div class=\"elementor-spacer\">\n\t\t\t<div class=\"elementor-spacer-inner\"><\/div>\n\t\t<\/div>\n\t\t\t\t<\/div>\n\t\t\t\t<\/div>\n\t\t\t\t\t<\/div>\n\t\t<\/div>\n\t\t\t\t\t<\/div>\n\t\t<\/section>\n\t\t\t\t<\/div>","protected":false},"excerpt":{"rendered":"<p>RESID\u00caNCIAS RIDE DF Gest\u00e3o da Aten\u00e7\u00e3o Prim\u00e1ria e Vigil\u00e2ncia em sa\u00fade da RIDE DF Instagram Sobre o Projeto O Programa Resid\u00eancia RIDE-DF \u00e9 uma iniciativa de p\u00f3s-gradua\u00e7\u00e3o lato sensu em servi\u00e7o, focada no fortalecimento da Aten\u00e7\u00e3o Prim\u00e1ria e Vigil\u00e2ncia em Sa\u00fade na Regi\u00e3o Integrada de Desenvolvimento do Distrito Federal e Entorno. Parceria entre AMAB, UnB, HUB e Minist\u00e9rio da Sa\u00fade, que busca qualificar profissionais na rede&hellip;<\/p>\n<p> <a class=\"more-link\" href=\"https:\/\/sds.unb.br\/es\/residencias-ride\/\">Leer m\u00e1s<\/a><\/p>","protected":false},"author":28,"featured_media":0,"parent":0,"menu_order":0,"comment_status":"closed","ping_status":"closed","template":"elementor_canvas","meta":{"footnotes":""},"tnc_tax_1420":[],"folder":[],"class_list":["post-39531","page","type-page","status-publish"],"_links":{"self":[{"href":"https:\/\/sds.unb.br\/es\/wp-json\/wp\/v2\/pages\/39531","targetHints":{"allow":["GET"]}}],"collection":[{"href":"https:\/\/sds.unb.br\/es\/wp-json\/wp\/v2\/pages"}],"about":[{"href":"https:\/\/sds.unb.br\/es\/wp-json\/wp\/v2\/types\/page"}],"author":[{"embeddable":true,"href":"https:\/\/sds.unb.br\/es\/wp-json\/wp\/v2\/users\/28"}],"replies":[{"embeddable":true,"href":"https:\/\/sds.unb.br\/es\/wp-json\/wp\/v2\/comments?post=39531"}],"version-history":[{"count":5,"href":"https:\/\/sds.unb.br\/es\/wp-json\/wp\/v2\/pages\/39531\/revisions"}],"predecessor-version":[{"id":39536,"href":"https:\/\/sds.unb.br\/es\/wp-json\/wp\/v2\/pages\/39531\/revisions\/39536"}],"wp:attachment":[{"href":"https:\/\/sds.unb.br\/es\/wp-json\/wp\/v2\/media?parent=39531"}],"wp:term":[{"taxonomy":"tnc_tax_1420","embeddable":true,"href":"https:\/\/sds.unb.br\/es\/wp-json\/wp\/v2\/tnc_tax_1420?post=39531"},{"taxonomy":"folder","embeddable":true,"href":"https:\/\/sds.unb.br\/es\/wp-json\/wp\/v2\/folder?post=39531"}],"curies":[{"name":"wp","href":"https:\/\/api.w.org\/{rel}","templated":true}]}}