{"id":34840,"date":"2024-07-24T13:00:11","date_gmt":"2024-07-24T16:00:11","guid":{"rendered":"https:\/\/sds.unb.br\/?page_id=34840"},"modified":"2025-10-09T16:42:49","modified_gmt":"2025-10-09T19:42:49","slug":"gds-faq","status":"publish","type":"page","link":"https:\/\/sds.unb.br\/es\/home-2\/nossos-projetos\/guardioes\/gds-faq\/","title":{"rendered":"GDS-FAQ"},"content":{"rendered":"<div data-elementor-type=\"wp-page\" data-elementor-id=\"34840\" class=\"elementor elementor-34840\">\n\t\t\t\t\t\t<section class=\"elementor-section elementor-top-section elementor-element elementor-element-cc89216 elementor-section-boxed elementor-section-height-default elementor-section-height-default\" data-id=\"cc89216\" data-element_type=\"section\" data-settings=\"{&quot;background_background&quot;:&quot;gradient&quot;}\">\n\t\t\t\t\t\t\t<div class=\"elementor-background-overlay\"><\/div>\n\t\t\t\t\t\t\t<div class=\"elementor-container elementor-column-gap-default\">\n\t\t\t\t\t<div class=\"elementor-column elementor-col-50 elementor-top-column elementor-element elementor-element-3e996bc\" data-id=\"3e996bc\" data-element_type=\"column\" data-settings=\"{&quot;background_background&quot;:&quot;classic&quot;}\">\n\t\t\t<div class=\"elementor-widget-wrap elementor-element-populated\">\n\t\t\t\t\t\t<div class=\"elementor-element elementor-element-42b1712 elementor-widget elementor-widget-image\" data-id=\"42b1712\" data-element_type=\"widget\" data-widget_type=\"image.default\">\n\t\t\t\t<div class=\"elementor-widget-container\">\n\t\t\t\t\t\t\t\t\t\t\t\t\t<img fetchpriority=\"high\" decoding=\"async\" width=\"800\" height=\"903\" src=\"https:\/\/sds.unb.br\/wp-content\/uploads\/2024\/05\/branco-logo-pequena-907x1024.png\" class=\"attachment-large size-large wp-image-34741\" alt=\"\" srcset=\"https:\/\/sds.unb.br\/wp-content\/uploads\/2024\/05\/branco-logo-pequena-907x1024.png 907w, https:\/\/sds.unb.br\/wp-content\/uploads\/2024\/05\/branco-logo-pequena-266x300.png 266w, https:\/\/sds.unb.br\/wp-content\/uploads\/2024\/05\/branco-logo-pequena-768x867.png 768w, https:\/\/sds.unb.br\/wp-content\/uploads\/2024\/05\/branco-logo-pequena-1360x1536.png 1360w, https:\/\/sds.unb.br\/wp-content\/uploads\/2024\/05\/branco-logo-pequena-11x12.png 11w, https:\/\/sds.unb.br\/wp-content\/uploads\/2024\/05\/branco-logo-pequena-205x232.png 205w, https:\/\/sds.unb.br\/wp-content\/uploads\/2024\/05\/branco-logo-pequena-480x542.png 480w, https:\/\/sds.unb.br\/wp-content\/uploads\/2024\/05\/branco-logo-pequena.png 1500w\" sizes=\"(max-width: 800px) 100vw, 800px\" \/>\t\t\t\t\t\t\t\t\t\t\t\t\t<\/div>\n\t\t\t\t<\/div>\n\t\t\t\t\t<\/div>\n\t\t<\/div>\n\t\t\t\t<div class=\"elementor-column elementor-col-50 elementor-top-column elementor-element elementor-element-2925d99\" data-id=\"2925d99\" data-element_type=\"column\" data-settings=\"{&quot;background_background&quot;:&quot;classic&quot;}\">\n\t\t\t<div class=\"elementor-widget-wrap elementor-element-populated\">\n\t\t\t\t\t\t<div class=\"elementor-element elementor-element-1ca1cf4 elementor-widget elementor-widget-heading\" data-id=\"1ca1cf4\" data-element_type=\"widget\" data-widget_type=\"heading.default\">\n\t\t\t\t<div class=\"elementor-widget-container\">\n\t\t\t<h2 class=\"elementor-heading-title elementor-size-default\">FAQ GUARDI\u00d5ES<\/h2>\t\t<\/div>\n\t\t\t\t<\/div>\n\t\t\t\t<div class=\"elementor-element elementor-element-059e219 e-grid-align-right elementor-shape-rounded elementor-grid-0 elementor-widget elementor-widget-social-icons\" data-id=\"059e219\" data-element_type=\"widget\" data-widget_type=\"social-icons.default\">\n\t\t\t\t<div class=\"elementor-widget-container\">\n\t\t\t\t\t<div class=\"elementor-social-icons-wrapper elementor-grid\">\n\t\t\t\t\t\t\t<span class=\"elementor-grid-item\">\n\t\t\t\t\t<a class=\"elementor-icon elementor-social-icon elementor-social-icon-instagram elementor-repeater-item-74e7875\" href=\"https:\/\/www.instagram.com\/sds_unb\/\" target=\"_blank\">\n\t\t\t\t\t\t<span class=\"elementor-screen-only\">Instagram<\/span>\n\t\t\t\t\t\t<i class=\"fab fa-instagram\"><\/i>\t\t\t\t\t<\/a>\n\t\t\t\t<\/span>\n\t\t\t\t\t\t\t<span class=\"elementor-grid-item\">\n\t\t\t\t\t<a class=\"elementor-icon elementor-social-icon elementor-social-icon-facebook elementor-repeater-item-c21643d\" href=\"https:\/\/web.facebook.com\/Sala-de-Situa\u00e7\u00e3o-de-Sa\u00fade-UnB-104865918001731\" target=\"_blank\">\n\t\t\t\t\t\t<span class=\"elementor-screen-only\">Facebook<\/span>\n\t\t\t\t\t\t<i class=\"fab fa-facebook\"><\/i>\t\t\t\t\t<\/a>\n\t\t\t\t<\/span>\n\t\t\t\t\t\t\t<span class=\"elementor-grid-item\">\n\t\t\t\t\t<a class=\"elementor-icon elementor-social-icon elementor-social-icon-twitter elementor-repeater-item-bf65a3e\" href=\"https:\/\/twitter.com\/sds_unb\" target=\"_blank\">\n\t\t\t\t\t\t<span class=\"elementor-screen-only\">Twitter<\/span>\n\t\t\t\t\t\t<i class=\"fab fa-twitter\"><\/i>\t\t\t\t\t<\/a>\n\t\t\t\t<\/span>\n\t\t\t\t\t\t\t<span class=\"elementor-grid-item\">\n\t\t\t\t\t<a class=\"elementor-icon elementor-social-icon elementor-social-icon-youtube elementor-repeater-item-f085c37\" href=\"https:\/\/www.youtube.com\/channel\/UCE-qtyTHQDU26uy-EXR-H4g\" target=\"_blank\">\n\t\t\t\t\t\t<span class=\"elementor-screen-only\">Youtube<\/span>\n\t\t\t\t\t\t<i class=\"fab fa-youtube\"><\/i>\t\t\t\t\t<\/a>\n\t\t\t\t<\/span>\n\t\t\t\t\t<\/div>\n\t\t\t\t<\/div>\n\t\t\t\t<\/div>\n\t\t\t\t\t<\/div>\n\t\t<\/div>\n\t\t\t\t\t<\/div>\n\t\t<\/section>\n\t\t\t\t<section class=\"elementor-section elementor-top-section elementor-element elementor-element-6f22995e elementor-section-boxed elementor-section-height-default elementor-section-height-default\" data-id=\"6f22995e\" data-element_type=\"section\">\n\t\t\t\t\t\t<div class=\"elementor-container elementor-column-gap-default\">\n\t\t\t\t\t<div class=\"elementor-column elementor-col-100 elementor-top-column elementor-element elementor-element-50f73b06\" data-id=\"50f73b06\" data-element_type=\"column\">\n\t\t\t<div class=\"elementor-widget-wrap elementor-element-populated\">\n\t\t\t\t\t\t<div class=\"elementor-element elementor-element-7cb30826 elementor-widget-divider--view-line elementor-widget elementor-widget-divider\" data-id=\"7cb30826\" data-element_type=\"widget\" data-widget_type=\"divider.default\">\n\t\t\t\t<div class=\"elementor-widget-container\">\n\t\t\t\t\t<div class=\"elementor-divider\">\n\t\t\t<span class=\"elementor-divider-separator\">\n\t\t\t\t\t\t<\/span>\n\t\t<\/div>\n\t\t\t\t<\/div>\n\t\t\t\t<\/div>\n\t\t\t\t\t<\/div>\n\t\t<\/div>\n\t\t\t\t\t<\/div>\n\t\t<\/section>\n\t\t\t\t<section class=\"elementor-section elementor-top-section elementor-element elementor-element-ec8c445 elementor-section-boxed elementor-section-height-default elementor-section-height-default\" data-id=\"ec8c445\" data-element_type=\"section\">\n\t\t\t\t\t\t<div class=\"elementor-container elementor-column-gap-default\">\n\t\t\t\t\t<div class=\"elementor-column elementor-col-100 elementor-top-column elementor-element elementor-element-eb7b11e\" data-id=\"eb7b11e\" data-element_type=\"column\">\n\t\t\t<div class=\"elementor-widget-wrap elementor-element-populated\">\n\t\t\t\t\t\t<div class=\"elementor-element elementor-element-f77acc0 elementor-widget elementor-widget-htmega-accordion-addons\" data-id=\"f77acc0\" data-element_type=\"widget\" data-widget_type=\"htmega-accordion-addons.default\">\n\t\t\t\t<div class=\"elementor-widget-container\">\n\t\t\t<div class=\"accordion\" id=\"accordionExamplef77acc0\">                            <div class=\"single_accourdion htmega-icon-align-left\">\n\n                                <div class=\"htmega-accourdion-title\">\n                                    <h2 data-toggle=\"htbcollapse\" data-target=\"#htmega-collapse1f77acc0\" class=\"htb-collapsed htmega-items-hedding\">No meu aplicativo n\u00e3o est\u00e1 aparecendo os quizzes, o que devo fazer? <span class=\"accourdion-icon close-accourdion\"><i class=\"fas fa-times\"><\/i><\/span><span class=\"accourdion-icon open-accourdion\"><i class=\"fas fa-angle-down\"><\/i><\/span><\/h2>                                <\/div>\n\n                                <div id=\"htmega-collapse1f77acc0\" class=\"htb-collapse\" data-parent=\"#accordionExamplef77acc0\" >\n                                    <div class=\"accordion-content\">\n                                        <p>\u00c9 necess\u00e1rio entrar em editar o perfil e conferir se os dados est\u00e3o respondidos de maneira correta. Nome, Matr\u00edcula, Mun\u00edcipio, o depto e o curso. Assim, os quizzes ir\u00e3o aparecer.<\/p>                                    <\/div>\n                                <\/div>\n\n                            <\/div>\n\n                                                    <div class=\"single_accourdion htmega-icon-align-left\">\n\n                                <div class=\"htmega-accourdion-title\">\n                                    <h2 data-toggle=\"htbcollapse\" data-target=\"#htmega-collapse2f77acc0\" class=\"htb-collapsed htmega-items-hedding\">No cadastro do app, como devo colocar a matr\u00edcula? <span class=\"accourdion-icon close-accourdion\"><i class=\"fas fa-times\"><\/i><\/span><span class=\"accourdion-icon open-accourdion\"><i class=\"fas fa-angle-down\"><\/i><\/span><\/h2>                                <\/div>\n\n                                <div id=\"htmega-collapse2f77acc0\" class=\"htb-collapse\" data-parent=\"#accordionExamplef77acc0\" >\n                                    <div class=\"accordion-content\">\n                                        <p>No app, a matr\u00edcula deve ser colocada conforme o seguinte exemplo: 200014875. N\u00e3o \u00e9 preciso colocar barra ou ponto.<\/p>                                    <\/div>\n                                <\/div>\n\n                            <\/div>\n\n                                                    <div class=\"single_accourdion htmega-icon-align-left\">\n\n                                <div class=\"htmega-accourdion-title\">\n                                    <h2 data-toggle=\"htbcollapse\" data-target=\"#htmega-collapse3f77acc0\" class=\"htb-collapsed htmega-items-hedding\">Por alguma raz\u00e3o n\u00e3o quero mais realizar a disciplina. Como devo proceder? <span class=\"accourdion-icon close-accourdion\"><i class=\"fas fa-times\"><\/i><\/span><span class=\"accourdion-icon open-accourdion\"><i class=\"fas fa-angle-down\"><\/i><\/span><\/h2>                                <\/div>\n\n                                <div id=\"htmega-collapse3f77acc0\" class=\"htb-collapse\" data-parent=\"#accordionExamplef77acc0\" >\n                                    <div class=\"accordion-content\">\n                                        <p>\u00c9 importante lembrar que a retirada da disciplina ocorre de acordo com o prazo que o sigaa determina. Caso n\u00e3o realize no prazo de retirada, \u00e9 poss\u00edvel trancar a disciplina sem que afete o IRA.<\/p>                                    <\/div>\n                                <\/div>\n\n                            <\/div>\n\n                                                    <div class=\"single_accourdion htmega-icon-align-left\">\n\n                                <div class=\"htmega-accourdion-title\">\n                                    <h2 data-toggle=\"htbcollapse\" data-target=\"#htmega-collapse4f77acc0\" class=\"htb-collapsed htmega-items-hedding\">Importante! <span class=\"accourdion-icon close-accourdion\"><i class=\"fas fa-times\"><\/i><\/span><span class=\"accourdion-icon open-accourdion\"><i class=\"fas fa-angle-down\"><\/i><\/span><\/h2>                                <\/div>\n\n                                <div id=\"htmega-collapse4f77acc0\" class=\"htb-collapse\" data-parent=\"#accordionExamplef77acc0\" >\n                                    <div class=\"accordion-content\">\n                                        <p>Ao se matricular na mat\u00e9ria, \u00e9 bom sempre verificar se o app est\u00e1 atualizado para n\u00e3o ocorrer problemas ao responder o quiz e ao realizar o reporte semanal.<\/p>                                    <\/div>\n                                <\/div>\n\n                            <\/div>\n\n                                                    <div class=\"single_accourdion htmega-icon-align-left\">\n\n                                <div class=\"htmega-accourdion-title\">\n                                    <h2 data-toggle=\"htbcollapse\" data-target=\"#htmega-collapse5f77acc0\" class=\"htb-collapsed htmega-items-hedding\">Sobre o e-mail! <span class=\"accourdion-icon close-accourdion\"><i class=\"fas fa-times\"><\/i><\/span><span class=\"accourdion-icon open-accourdion\"><i class=\"fas fa-angle-down\"><\/i><\/span><\/h2>                                <\/div>\n\n                                <div id=\"htmega-collapse5f77acc0\" class=\"htb-collapse\" data-parent=\"#accordionExamplef77acc0\" >\n                                    <div class=\"accordion-content\">\n                                        <p>Ao realizar o cadastro, utilize apenas um email e de prefer\u00eancia aquele que voc\u00ea sempre acompanha. Pois iremos enviar comunicados importantes durante o andamento da disciplina atrav\u00e9s dele. E al\u00e9m disso, anote a senha para que n\u00e3o necessite fazer um novo cadastro.<\/p>                                    <\/div>\n                                <\/div>\n\n                            <\/div>\n\n                                                    <div class=\"single_accourdion htmega-icon-align-left\">\n\n                                <div class=\"htmega-accourdion-title\">\n                                    <h2 data-toggle=\"htbcollapse\" data-target=\"#htmega-collapse6f77acc0\" class=\"htb-collapsed htmega-items-hedding\">Como ser\u00e1 calculada a men\u00e7\u00e3o? <span class=\"accourdion-icon close-accourdion\"><i class=\"fas fa-times\"><\/i><\/span><span class=\"accourdion-icon open-accourdion\"><i class=\"fas fa-angle-down\"><\/i><\/span><\/h2>                                <\/div>\n\n                                <div id=\"htmega-collapse6f77acc0\" class=\"htb-collapse\" data-parent=\"#accordionExamplef77acc0\" >\n                                    <div class=\"accordion-content\">\n                                        <p><span style=\"font-weight: 400\">Risco refere-se \u00e0 possibilidade de ocorrer perda, dano, preju\u00edzo ou consequ\u00eancia indesejada devido a a\u00e7\u00f5es, situa\u00e7\u00f5es ou eventos, a palavra risco \u00e9 utilizada em uma variedade de contextos, por exemplo, o risco ambiental, o risco de epidemia, o risco de morte, o risco biol\u00f3gico, o risco de acidente, o risco financeiro.<\/span><\/p><p><span style=\"font-weight: 400\">Em cada \u00e1rea o risco est\u00e1 presente, no financeiro est\u00e1 relacionado \u00e0 associada aos investimentos e \u00e0 possibilidade de perda de capital. Na seguran\u00e7a, o risco refere-se \u00e0 probabilidade de ocorr\u00eancia de amea\u00e7as ou ataques.\u00a0<\/span><\/p><p><span style=\"font-weight: 400\">Em sa\u00fade, o risco pode ser associado \u00e0 possibilidade de contrair doen\u00e7as ou sofrer les\u00f5es, ou seja, refere \u00e0 probabilidade de uma pessoa sofrer danos \u00e0 sa\u00fade devido a um perigo em\u00a0 espec\u00edfico. Portanto, o risco em sa\u00fade pode ser considerado a possibilidade de ocorrer situa\u00e7\u00f5es que impactem na sa\u00fade\u00a0 de uma pessoa como resultado da exposi\u00e7\u00e3o a determinados cen\u00e1rios, comportamentos, ou atividades. Embora seja poss\u00edvel tomar medidas para mitigar\u00a0 riscos em sa\u00fade, elimin\u00e1-lo por completo pode ser desafiador em\u00a0 muitos casos, visto que, a maioria das atividades humanas possui algum n\u00edvel de risco associado.<\/span><\/p><p><span style=\"font-weight: 400\">O conceito de risco envolve dois elementos principais:<\/span><\/p><p><b>Probabilidade:<\/b><span style=\"font-weight: 400\"> \u00c9 a possibilidade ou frequ\u00eancia de ocorr\u00eancia de um evento induzido, quanto maior a probabilidade para esse evento, maior ser\u00e1 o risco associado.<\/span><\/p><p><b>Impacto:<\/b><span style=\"font-weight: 400\"> Refere-se \u00e0 gravidade das consequ\u00eancias negativas caso o evento causador. Quanto mais dolorosas forem as consequ\u00eancias, maior ser\u00e1 o risco.<\/span><\/p><p><span style=\"font-weight: 400\">Por fim, avaliar o risco envolve considerar a probabilidade e o impacto de eventos incidentes, sendo fundamental para tomar decis\u00f5es de sobreviv\u00eancia e adotar medidas de preven\u00e7\u00e3o.<\/span><\/p><p><b>REFER\u00caNCIAS<\/b><\/p><p><span style=\"font-weight: 400\">Conceito: Risco - TRT-PR | Tribunal Regional do Trabalho do Paran\u00e1. Dispon\u00edvel em: &lt;https:\/\/www.trt9.jus.br\/pds\/pdstrt9\/guidances\/concepts\/risk_AF5840DA.html&gt;. Acesso em: 15 ago. 2023.<\/span><\/p><p><span style=\"font-weight: 400\">UNIFAL - Minas Gerais. Perigo e Risco. Universidade Federal de Alfena. Dispon\u00edvel em: &lt;https:\/\/www.unifal-mg.edu.br\/riscosambientais\/perigoseriscos&gt;. Acesso em: 24 ago. 2023.<\/span><\/p><p><span style=\"font-weight: 400\">ALMEIDA-FILHO, Naomar de; COUTINHO, Denise. Causalidade, conting\u00eancia, complexidade: o futuro do conceito de risco. <\/span><b>Physis: revista de sa\u00fade coletiva<\/b><span style=\"font-weight: 400\">, v. 17, p. 95-137, 2007<\/span><\/p>                                    <\/div>\n                                <\/div>\n\n                            <\/div>\n\n                                                    <div class=\"single_accourdion htmega-icon-align-left\">\n\n                                <div class=\"htmega-accourdion-title\">\n                                    <h2 data-toggle=\"htbcollapse\" data-target=\"#htmega-collapse7f77acc0\" class=\"htb-collapsed htmega-items-hedding\">Quantas vezes devo fazer o reporte? <span class=\"accourdion-icon close-accourdion\"><i class=\"fas fa-times\"><\/i><\/span><span class=\"accourdion-icon open-accourdion\"><i class=\"fas fa-angle-down\"><\/i><\/span><\/h2>                                <\/div>\n\n                                <div id=\"htmega-collapse7f77acc0\" class=\"htb-collapse\" data-parent=\"#accordionExamplef77acc0\" >\n                                    <div class=\"accordion-content\">\n                                        <p>O reporte deve ser feito semanalmente! N\u00e3o diariamente como aconteceu nas primeiras vers\u00f5es da disciplina.<\/p>                                    <\/div>\n                                <\/div>\n\n                            <\/div>\n\n                                                    <div class=\"single_accourdion htmega-icon-align-left\">\n\n                                <div class=\"htmega-accourdion-title\">\n                                    <h2 data-toggle=\"htbcollapse\" data-target=\"#htmega-collapse8f77acc0\" class=\"htb-collapsed htmega-items-hedding\">Por quanto tempo o quiz fica aberto? <span class=\"accourdion-icon close-accourdion\"><i class=\"fas fa-times\"><\/i><\/span><span class=\"accourdion-icon open-accourdion\"><i class=\"fas fa-angle-down\"><\/i><\/span><\/h2>                                <\/div>\n\n                                <div id=\"htmega-collapse8f77acc0\" class=\"htb-collapse\" data-parent=\"#accordionExamplef77acc0\" >\n                                    <div class=\"accordion-content\">\n                                        <p>Os quizzes s\u00e3o abertos \u00e0s segundas-feiras e fecham aos s\u00e1bados \u00e0s 23:59. Fiquem atentos e n\u00e3o deixem para responder de \u00faltima hora.<\/p>                                    <\/div>\n                                <\/div>\n\n                            <\/div>\n\n                                                    <div class=\"single_accourdion htmega-icon-align-left\">\n\n                                <div class=\"htmega-accourdion-title\">\n                                    <h2 data-toggle=\"htbcollapse\" data-target=\"#htmega-collapse9f77acc0\" class=\"htb-collapsed htmega-items-hedding\">Ao responder o quiz posso sair do aplicativo antes de finaliz\u00e1-lo? <span class=\"accourdion-icon close-accourdion\"><i class=\"fas fa-times\"><\/i><\/span><span class=\"accourdion-icon open-accourdion\"><i class=\"fas fa-angle-down\"><\/i><\/span><\/h2>                                <\/div>\n\n                                <div id=\"htmega-collapse9f77acc0\" class=\"htb-collapse\" data-parent=\"#accordionExamplef77acc0\" >\n                                    <div class=\"accordion-content\">\n                                        <p>N\u00e3o, ao responder o quiz \u00e9 necess\u00e1rio finaliz\u00e1-lo. Caso contr\u00e1rio, ele acaba fechando e voc\u00ea perde a oportunidade de respond\u00ea-lo. Por isso, abra quando j\u00e1 for respond\u00ea-lo.<\/p>                                    <\/div>\n                                <\/div>\n\n                            <\/div>\n\n                                                    <div class=\"single_accourdion htmega-icon-align-left\">\n\n                                <div class=\"htmega-accourdion-title\">\n                                    <h2 data-toggle=\"htbcollapse\" data-target=\"#htmega-collapse10f77acc0\" class=\"htb-collapsed htmega-items-hedding\"> Quantas vezes posso realizar a disciplina? <span class=\"accourdion-icon close-accourdion\"><i class=\"fas fa-times\"><\/i><\/span><span class=\"accourdion-icon open-accourdion\"><i class=\"fas fa-angle-down\"><\/i><\/span><\/h2>                                <\/div>\n\n                                <div id=\"htmega-collapse10f77acc0\" class=\"htb-collapse\" data-parent=\"#accordionExamplef77acc0\" >\n                                    <div class=\"accordion-content\">\n                                        <p>A disciplina pode ser realizada at\u00e9 tr\u00eas vezes pelo mesmo aluno. \u00c9 importante ter hora de m\u00f3dulo livre sobrando, caso n\u00e3o tenha, entrar\u00e1 como carga hor\u00e1ria de extens\u00e3o. Exceto para os alunos que t\u00eam a mat\u00e9ria como optativa.<\/p>                                    <\/div>\n                                <\/div>\n\n                            <\/div>\n\n                                                    <div class=\"single_accourdion htmega-icon-align-left\">\n\n                                <div class=\"htmega-accourdion-title\">\n                                    <h2 data-toggle=\"htbcollapse\" data-target=\"#htmega-collapse11f77acc0\" class=\"htb-collapsed htmega-items-hedding\">Se eu n\u00e3o participar de nenhum evento presencial estarei reprovado? <span class=\"accourdion-icon close-accourdion\"><i class=\"fas fa-times\"><\/i><\/span><span class=\"accourdion-icon open-accourdion\"><i class=\"fas fa-angle-down\"><\/i><\/span><\/h2>                                <\/div>\n\n                                <div id=\"htmega-collapse11f77acc0\" class=\"htb-collapse\" data-parent=\"#accordionExamplef77acc0\" >\n                                    <div class=\"accordion-content\">\n                                        <p>Sim, ser\u00e1 reprovado automaticamente, posto que o evento presencial \u00e9 uma das atividades obrigat\u00f3rias!<\/p>                                    <\/div>\n                                <\/div>\n\n                            <\/div>\n\n                                                    <div class=\"single_accourdion htmega-icon-align-left\">\n\n                                <div class=\"htmega-accourdion-title\">\n                                    <h2 data-toggle=\"htbcollapse\" data-target=\"#htmega-collapse12f77acc0\" class=\"htb-collapsed htmega-items-hedding\">Como s\u00e3o distribu\u00eddos os cr\u00e9ditos da disciplina? <span class=\"accourdion-icon close-accourdion\"><i class=\"fas fa-times\"><\/i><\/span><span class=\"accourdion-icon open-accourdion\"><i class=\"fas fa-angle-down\"><\/i><\/span><\/h2>                                <\/div>\n\n                                <div id=\"htmega-collapse12f77acc0\" class=\"htb-collapse\" data-parent=\"#accordionExamplef77acc0\" >\n                                    <div class=\"accordion-content\">\n                                        <p>A disciplina \u00e9 composta por 02 cr\u00e9ditos, que entram como disciplina eletiva. Apenas para o curso de sa\u00fade coletiva ir\u00e1 contar como disciplina optativa.<\/p>                                    <\/div>\n                                <\/div>\n\n                            <\/div>\n\n                        <\/div>\t\t<\/div>\n\t\t\t\t<\/div>\n\t\t\t\t\t<\/div>\n\t\t<\/div>\n\t\t\t\t\t<\/div>\n\t\t<\/section>\n\t\t\t\t<\/div>","protected":false},"excerpt":{"rendered":"<p>FAQ GUARDI\u00d5ES Instagram Facebook Twitter Youtube No meu aplicativo n\u00e3o est\u00e1 aparecendo os quizzes, o que devo fazer? \u00c9 necess\u00e1rio entrar em editar o perfil e conferir se os dados est\u00e3o respondidos de maneira correta. Nome, Matr\u00edcula, Mun\u00edcipio, o depto e o curso. Assim, os quizzes ir\u00e3o aparecer. No cadastro do app, como devo colocar a matr\u00edcula? No app, a matr\u00edcula deve ser colocada conforme o&hellip;<\/p>\n<p> <a class=\"more-link\" href=\"https:\/\/sds.unb.br\/es\/home-2\/nossos-projetos\/guardioes\/gds-faq\/\">Leer m\u00e1s<\/a><\/p>","protected":false},"author":39,"featured_media":0,"parent":34756,"menu_order":0,"comment_status":"closed","ping_status":"closed","template":"","meta":{"footnotes":""},"tnc_tax_1420":[],"folder":[321,340],"class_list":["post-34840","page","type-page","status-publish"],"_links":{"self":[{"href":"https:\/\/sds.unb.br\/es\/wp-json\/wp\/v2\/pages\/34840","targetHints":{"allow":["GET"]}}],"collection":[{"href":"https:\/\/sds.unb.br\/es\/wp-json\/wp\/v2\/pages"}],"about":[{"href":"https:\/\/sds.unb.br\/es\/wp-json\/wp\/v2\/types\/page"}],"author":[{"embeddable":true,"href":"https:\/\/sds.unb.br\/es\/wp-json\/wp\/v2\/users\/39"}],"replies":[{"embeddable":true,"href":"https:\/\/sds.unb.br\/es\/wp-json\/wp\/v2\/comments?post=34840"}],"version-history":[{"count":6,"href":"https:\/\/sds.unb.br\/es\/wp-json\/wp\/v2\/pages\/34840\/revisions"}],"predecessor-version":[{"id":38564,"href":"https:\/\/sds.unb.br\/es\/wp-json\/wp\/v2\/pages\/34840\/revisions\/38564"}],"up":[{"embeddable":true,"href":"https:\/\/sds.unb.br\/es\/wp-json\/wp\/v2\/pages\/34756"}],"wp:attachment":[{"href":"https:\/\/sds.unb.br\/es\/wp-json\/wp\/v2\/media?parent=34840"}],"wp:term":[{"taxonomy":"tnc_tax_1420","embeddable":true,"href":"https:\/\/sds.unb.br\/es\/wp-json\/wp\/v2\/tnc_tax_1420?post=34840"},{"taxonomy":"folder","embeddable":true,"href":"https:\/\/sds.unb.br\/es\/wp-json\/wp\/v2\/folder?post=34840"}],"curies":[{"name":"wp","href":"https:\/\/api.w.org\/{rel}","templated":true}]}}