{"id":34756,"date":"2024-05-21T15:57:01","date_gmt":"2024-05-21T18:57:01","guid":{"rendered":"https:\/\/sds.unb.br\/?page_id=34756"},"modified":"2025-10-09T16:45:58","modified_gmt":"2025-10-09T19:45:58","slug":"guardioes","status":"publish","type":"page","link":"https:\/\/sds.unb.br\/es\/home-2\/nossos-projetos\/guardioes\/","title":{"rendered":"Guardi\u00f5es"},"content":{"rendered":"<div data-elementor-type=\"wp-page\" data-elementor-id=\"34756\" class=\"elementor elementor-34756\">\n\t\t\t\t\t\t<section class=\"elementor-section elementor-top-section elementor-element elementor-element-40285f3 elementor-section-boxed elementor-section-height-default elementor-section-height-default\" data-id=\"40285f3\" data-element_type=\"section\" data-settings=\"{&quot;background_background&quot;:&quot;gradient&quot;}\">\n\t\t\t\t\t\t\t<div class=\"elementor-background-overlay\"><\/div>\n\t\t\t\t\t\t\t<div class=\"elementor-container elementor-column-gap-default\">\n\t\t\t\t\t<div class=\"elementor-column elementor-col-50 elementor-top-column elementor-element elementor-element-936eb56\" data-id=\"936eb56\" data-element_type=\"column\" data-settings=\"{&quot;background_background&quot;:&quot;classic&quot;}\">\n\t\t\t<div class=\"elementor-widget-wrap elementor-element-populated\">\n\t\t\t\t\t\t<div class=\"elementor-element elementor-element-2e99305 elementor-widget elementor-widget-image\" data-id=\"2e99305\" data-element_type=\"widget\" data-widget_type=\"image.default\">\n\t\t\t\t<div class=\"elementor-widget-container\">\n\t\t\t\t\t\t\t\t\t\t\t\t\t<img fetchpriority=\"high\" decoding=\"async\" width=\"800\" height=\"903\" src=\"https:\/\/sds.unb.br\/wp-content\/uploads\/2024\/05\/branco-logo-pequena-907x1024.png\" class=\"attachment-large size-large wp-image-34741\" alt=\"\" srcset=\"https:\/\/sds.unb.br\/wp-content\/uploads\/2024\/05\/branco-logo-pequena-907x1024.png 907w, https:\/\/sds.unb.br\/wp-content\/uploads\/2024\/05\/branco-logo-pequena-266x300.png 266w, https:\/\/sds.unb.br\/wp-content\/uploads\/2024\/05\/branco-logo-pequena-768x867.png 768w, https:\/\/sds.unb.br\/wp-content\/uploads\/2024\/05\/branco-logo-pequena-1360x1536.png 1360w, https:\/\/sds.unb.br\/wp-content\/uploads\/2024\/05\/branco-logo-pequena-11x12.png 11w, https:\/\/sds.unb.br\/wp-content\/uploads\/2024\/05\/branco-logo-pequena-205x232.png 205w, https:\/\/sds.unb.br\/wp-content\/uploads\/2024\/05\/branco-logo-pequena-480x542.png 480w, https:\/\/sds.unb.br\/wp-content\/uploads\/2024\/05\/branco-logo-pequena.png 1500w\" sizes=\"(max-width: 800px) 100vw, 800px\" \/>\t\t\t\t\t\t\t\t\t\t\t\t\t<\/div>\n\t\t\t\t<\/div>\n\t\t\t\t\t<\/div>\n\t\t<\/div>\n\t\t\t\t<div class=\"elementor-column elementor-col-50 elementor-top-column elementor-element elementor-element-2e5f512\" data-id=\"2e5f512\" data-element_type=\"column\" data-settings=\"{&quot;background_background&quot;:&quot;classic&quot;}\">\n\t\t\t<div class=\"elementor-widget-wrap elementor-element-populated\">\n\t\t\t\t\t\t<div class=\"elementor-element elementor-element-2dadb5e elementor-widget elementor-widget-heading\" data-id=\"2dadb5e\" data-element_type=\"widget\" data-widget_type=\"heading.default\">\n\t\t\t\t<div class=\"elementor-widget-container\">\n\t\t\t<h2 class=\"elementor-heading-title elementor-size-default\">Guardi\u00f5es da Sa\u00fade<\/h2>\t\t<\/div>\n\t\t\t\t<\/div>\n\t\t\t\t<div class=\"elementor-element elementor-element-345bbcf e-grid-align-right elementor-shape-rounded elementor-grid-0 elementor-widget elementor-widget-social-icons\" data-id=\"345bbcf\" data-element_type=\"widget\" data-widget_type=\"social-icons.default\">\n\t\t\t\t<div class=\"elementor-widget-container\">\n\t\t\t\t\t<div class=\"elementor-social-icons-wrapper elementor-grid\">\n\t\t\t\t\t\t\t<span class=\"elementor-grid-item\">\n\t\t\t\t\t<a class=\"elementor-icon elementor-social-icon elementor-social-icon-instagram elementor-repeater-item-74e7875\" href=\"https:\/\/www.instagram.com\/sds_unb\/\" target=\"_blank\">\n\t\t\t\t\t\t<span class=\"elementor-screen-only\">Instagram<\/span>\n\t\t\t\t\t\t<i class=\"fab fa-instagram\"><\/i>\t\t\t\t\t<\/a>\n\t\t\t\t<\/span>\n\t\t\t\t\t\t\t<span class=\"elementor-grid-item\">\n\t\t\t\t\t<a class=\"elementor-icon elementor-social-icon elementor-social-icon-facebook elementor-repeater-item-c21643d\" href=\"https:\/\/web.facebook.com\/Sala-de-Situa\u00e7\u00e3o-de-Sa\u00fade-UnB-104865918001731\" target=\"_blank\">\n\t\t\t\t\t\t<span class=\"elementor-screen-only\">Facebook<\/span>\n\t\t\t\t\t\t<i class=\"fab fa-facebook\"><\/i>\t\t\t\t\t<\/a>\n\t\t\t\t<\/span>\n\t\t\t\t\t\t\t<span class=\"elementor-grid-item\">\n\t\t\t\t\t<a class=\"elementor-icon elementor-social-icon elementor-social-icon-twitter elementor-repeater-item-bf65a3e\" href=\"https:\/\/twitter.com\/sds_unb\" target=\"_blank\">\n\t\t\t\t\t\t<span class=\"elementor-screen-only\">Twitter<\/span>\n\t\t\t\t\t\t<i class=\"fab fa-twitter\"><\/i>\t\t\t\t\t<\/a>\n\t\t\t\t<\/span>\n\t\t\t\t\t\t\t<span class=\"elementor-grid-item\">\n\t\t\t\t\t<a class=\"elementor-icon elementor-social-icon elementor-social-icon-youtube elementor-repeater-item-f085c37\" href=\"https:\/\/www.youtube.com\/channel\/UCE-qtyTHQDU26uy-EXR-H4g\" target=\"_blank\">\n\t\t\t\t\t\t<span class=\"elementor-screen-only\">Youtube<\/span>\n\t\t\t\t\t\t<i class=\"fab fa-youtube\"><\/i>\t\t\t\t\t<\/a>\n\t\t\t\t<\/span>\n\t\t\t\t\t<\/div>\n\t\t\t\t<\/div>\n\t\t\t\t<\/div>\n\t\t\t\t\t<\/div>\n\t\t<\/div>\n\t\t\t\t\t<\/div>\n\t\t<\/section>\n\t\t\t\t<section class=\"elementor-section elementor-top-section elementor-element elementor-element-7145cbe elementor-section-boxed elementor-section-height-default elementor-section-height-default\" data-id=\"7145cbe\" data-element_type=\"section\" id=\"sec2\">\n\t\t\t\t\t\t<div class=\"elementor-container elementor-column-gap-default\">\n\t\t\t\t\t<div class=\"elementor-column elementor-col-100 elementor-top-column elementor-element elementor-element-b8f7c1c\" data-id=\"b8f7c1c\" data-element_type=\"column\">\n\t\t\t<div class=\"elementor-widget-wrap elementor-element-populated\">\n\t\t\t\t\t\t<div class=\"elementor-element elementor-element-81e62e5 elementor-icon-list--layout-inline elementor-align-center elementor-list-item-link-full_width elementor-widget elementor-widget-icon-list\" data-id=\"81e62e5\" data-element_type=\"widget\" data-widget_type=\"icon-list.default\">\n\t\t\t\t<div class=\"elementor-widget-container\">\n\t\t\t\t\t<ul class=\"elementor-icon-list-items elementor-inline-items\">\n\t\t\t\t\t\t\t<li class=\"elementor-icon-list-item elementor-inline-item\">\n\t\t\t\t\t\t\t\t\t\t\t<a href=\"#sec2\">\n\n\t\t\t\t\t\t\t\t\t\t\t<span class=\"elementor-icon-list-text\">Sobre<\/span>\n\t\t\t\t\t\t\t\t\t\t\t<\/a>\n\t\t\t\t\t\t\t\t\t<\/li>\n\t\t\t\t\t\t\t\t<li class=\"elementor-icon-list-item elementor-inline-item\">\n\t\t\t\t\t\t\t\t\t\t\t<a href=\"#sec3\">\n\n\t\t\t\t\t\t\t\t\t\t\t<span class=\"elementor-icon-list-text\">NOSSO ALCANCE<\/span>\n\t\t\t\t\t\t\t\t\t\t\t<\/a>\n\t\t\t\t\t\t\t\t\t<\/li>\n\t\t\t\t\t\t\t\t<li class=\"elementor-icon-list-item elementor-inline-item\">\n\t\t\t\t\t\t\t\t\t\t\t<a href=\"#sec4\">\n\n\t\t\t\t\t\t\t\t\t\t\t<span class=\"elementor-icon-list-text\">Produ\u00e7\u00f5es<\/span>\n\t\t\t\t\t\t\t\t\t\t\t<\/a>\n\t\t\t\t\t\t\t\t\t<\/li>\n\t\t\t\t\t\t<\/ul>\n\t\t\t\t<\/div>\n\t\t\t\t<\/div>\n\t\t\t\t\t<\/div>\n\t\t<\/div>\n\t\t\t\t\t<\/div>\n\t\t<\/section>\n\t\t\t\t<section class=\"elementor-section elementor-top-section elementor-element elementor-element-7b07a45 elementor-section-boxed elementor-section-height-default elementor-section-height-default\" data-id=\"7b07a45\" data-element_type=\"section\" id=\"sec2\">\n\t\t\t\t\t\t<div class=\"elementor-container elementor-column-gap-default\">\n\t\t\t\t\t<div class=\"elementor-column elementor-col-50 elementor-top-column elementor-element elementor-element-42aeab9\" data-id=\"42aeab9\" data-element_type=\"column\">\n\t\t\t<div class=\"elementor-widget-wrap elementor-element-populated\">\n\t\t\t\t\t\t<div class=\"elementor-element elementor-element-04db493 elementor-widget elementor-widget-heading\" data-id=\"04db493\" data-element_type=\"widget\" data-widget_type=\"heading.default\">\n\t\t\t\t<div class=\"elementor-widget-container\">\n\t\t\t<h2 class=\"elementor-heading-title elementor-size-xl\">Sobre o Projeto<\/h2>\t\t<\/div>\n\t\t\t\t<\/div>\n\t\t\t\t<div class=\"elementor-element elementor-element-1586974 elementor-widget elementor-widget-image\" data-id=\"1586974\" data-element_type=\"widget\" data-widget_type=\"image.default\">\n\t\t\t\t<div class=\"elementor-widget-container\">\n\t\t\t\t\t\t\t\t\t\t\t\t\t<img decoding=\"async\" width=\"398\" height=\"300\" src=\"https:\/\/sds.unb.br\/wp-content\/uploads\/2022\/05\/imagem_2022-05-25_113754635.png\" class=\"attachment-large size-large wp-image-27582\" alt=\"\" srcset=\"https:\/\/sds.unb.br\/wp-content\/uploads\/2022\/05\/imagem_2022-05-25_113754635.png 398w, https:\/\/sds.unb.br\/wp-content\/uploads\/2022\/05\/imagem_2022-05-25_113754635-300x226.png 300w, https:\/\/sds.unb.br\/wp-content\/uploads\/2022\/05\/imagem_2022-05-25_113754635-16x12.png 16w, https:\/\/sds.unb.br\/wp-content\/uploads\/2022\/05\/imagem_2022-05-25_113754635-205x155.png 205w\" sizes=\"(max-width: 398px) 100vw, 398px\" \/>\t\t\t\t\t\t\t\t\t\t\t\t\t<\/div>\n\t\t\t\t<\/div>\n\t\t\t\t<div class=\"elementor-element elementor-element-a2c02df elementor-align-center elementor-widget elementor-widget-button\" data-id=\"a2c02df\" data-element_type=\"widget\" data-widget_type=\"button.default\">\n\t\t\t\t<div class=\"elementor-widget-container\">\n\t\t\t\t\t<div class=\"elementor-button-wrapper\">\n\t\t\t<a class=\"elementor-button elementor-button-link elementor-size-sm elementor-animation-grow\" href=\"https:\/\/sds.unb.br\/es\/epi-ride-saiba-mais\/\" target=\"_blank\">\n\t\t\t\t\t\t<span class=\"elementor-button-content-wrapper\">\n\t\t\t\t\t\t\t\t\t<span class=\"elementor-button-text\">Saiba mais<\/span>\n\t\t\t\t\t<\/span>\n\t\t\t\t\t<\/a>\n\t\t<\/div>\n\t\t\t\t<\/div>\n\t\t\t\t<\/div>\n\t\t\t\t\t<\/div>\n\t\t<\/div>\n\t\t\t\t<div class=\"elementor-column elementor-col-50 elementor-top-column elementor-element elementor-element-cd8349e\" data-id=\"cd8349e\" data-element_type=\"column\">\n\t\t\t<div class=\"elementor-widget-wrap elementor-element-populated\">\n\t\t\t\t\t\t<div class=\"elementor-element elementor-element-9250346 animated-slow elementor-invisible elementor-widget elementor-widget-text-editor\" data-id=\"9250346\" data-element_type=\"widget\" data-settings=\"{&quot;_animation&quot;:&quot;fadeIn&quot;,&quot;_animation_delay&quot;:100}\" data-widget_type=\"text-editor.default\">\n\t\t\t\t<div class=\"elementor-widget-container\">\n\t\t\t\t\t\t\t<p><span id=\"docs-internal-guid-b864d7f7-7fff-9d0a-1cf3-6902cd3eae41\" style=\"font-size: 12pt; font-family: Roboto,sans-serif; color: #0d0d0d; background-color: #ffffff; font-weight: 400; font-style: normal; font-variant: normal; text-decoration: none; vertical-align: baseline; white-space: pre-wrap;\">O aplicativo Guardi\u00f5es da Sa\u00fade envolve os cidad\u00e3os na vigil\u00e2ncia epidemiol\u00f3gica e oferece acesso a informa\u00e7\u00f5es confi\u00e1veis sobre sa\u00fade p\u00fablica. Al\u00e9m disso, em parceria com a Universidade de Bras\u00edlia, foi criada uma disciplina educacional complementar sobre vigil\u00e2ncia epidemiol\u00f3gica participativa, atraindo mais de 5.000 alunos. O aplicativo permite que os usu\u00e1rios relatem sintomas para detectar precocemente surtos e promove a vigil\u00e2ncia ativa institucional, respeitando a privacidade dos dados conforme a LGPD.<\/span><\/p>\t\t\t\t\t\t<\/div>\n\t\t\t\t<\/div>\n\t\t\t\t\t<\/div>\n\t\t<\/div>\n\t\t\t\t\t<\/div>\n\t\t<\/section>\n\t\t\t\t<section class=\"elementor-section elementor-top-section elementor-element elementor-element-f59390b elementor-section-boxed elementor-section-height-default elementor-section-height-default\" data-id=\"f59390b\" data-element_type=\"section\" id=\"sec3\">\n\t\t\t\t\t\t<div class=\"elementor-container elementor-column-gap-default\">\n\t\t\t\t\t<div class=\"elementor-column elementor-col-100 elementor-top-column elementor-element elementor-element-fcef9aa\" data-id=\"fcef9aa\" data-element_type=\"column\">\n\t\t\t<div class=\"elementor-widget-wrap elementor-element-populated\">\n\t\t\t\t\t\t<div class=\"elementor-element elementor-element-850799c elementor-widget elementor-widget-spacer\" data-id=\"850799c\" data-element_type=\"widget\" data-widget_type=\"spacer.default\">\n\t\t\t\t<div class=\"elementor-widget-container\">\n\t\t\t\t\t<div class=\"elementor-spacer\">\n\t\t\t<div class=\"elementor-spacer-inner\"><\/div>\n\t\t<\/div>\n\t\t\t\t<\/div>\n\t\t\t\t<\/div>\n\t\t\t\t\t<\/div>\n\t\t<\/div>\n\t\t\t\t\t<\/div>\n\t\t<\/section>\n\t\t\t\t<section class=\"elementor-section elementor-top-section elementor-element elementor-element-006f403 elementor-section-boxed elementor-section-height-default elementor-section-height-default\" data-id=\"006f403\" data-element_type=\"section\" data-settings=\"{&quot;background_background&quot;:&quot;gradient&quot;}\">\n\t\t\t\t\t\t<div class=\"elementor-container elementor-column-gap-default\">\n\t\t\t\t\t<div class=\"elementor-column elementor-col-100 elementor-top-column elementor-element elementor-element-fd263c0\" data-id=\"fd263c0\" data-element_type=\"column\">\n\t\t\t<div class=\"elementor-widget-wrap elementor-element-populated\">\n\t\t\t\t\t\t<div class=\"elementor-element elementor-element-d1a6a44 elementor-widget elementor-widget-heading\" data-id=\"d1a6a44\" data-element_type=\"widget\" data-widget_type=\"heading.default\">\n\t\t\t\t<div class=\"elementor-widget-container\">\n\t\t\t<h2 class=\"elementor-heading-title elementor-size-default\">Nosso alcance <\/h2>\t\t<\/div>\n\t\t\t\t<\/div>\n\t\t\t\t<div class=\"elementor-element elementor-element-b71de1a elementor-widget elementor-widget-text-editor\" data-id=\"b71de1a\" data-element_type=\"widget\" data-widget_type=\"text-editor.default\">\n\t\t\t\t<div class=\"elementor-widget-container\">\n\t\t\t\t\t\t\t<ul><li aria-level=\"1\">N\u00famero de alunos inscritos ( + 5000)<\/li><li aria-level=\"1\">N\u00famero de reportes di\u00e1rios (+ 47.000 desde janeiro de 2024)\u00a0<\/li><li aria-level=\"1\">N\u00famero de seguidores (+ 6000)<\/li><\/ul>\t\t\t\t\t\t<\/div>\n\t\t\t\t<\/div>\n\t\t\t\t\t<\/div>\n\t\t<\/div>\n\t\t\t\t\t<\/div>\n\t\t<\/section>\n\t\t\t\t<section class=\"elementor-section elementor-top-section elementor-element elementor-element-7523923 elementor-section-boxed elementor-section-height-default elementor-section-height-default\" data-id=\"7523923\" data-element_type=\"section\">\n\t\t\t\t\t\t<div class=\"elementor-container elementor-column-gap-default\">\n\t\t\t\t\t<div class=\"elementor-column elementor-col-100 elementor-top-column elementor-element elementor-element-9b7584d\" data-id=\"9b7584d\" data-element_type=\"column\">\n\t\t\t<div class=\"elementor-widget-wrap elementor-element-populated\">\n\t\t\t\t\t\t<div class=\"elementor-element elementor-element-7523717 elementor-widget elementor-widget-heading\" data-id=\"7523717\" data-element_type=\"widget\" data-widget_type=\"heading.default\">\n\t\t\t\t<div class=\"elementor-widget-container\">\n\t\t\t<h2 class=\"elementor-heading-title elementor-size-default\">Produ\u00e7\u00f5es<\/h2>\t\t<\/div>\n\t\t\t\t<\/div>\n\t\t\t\t\t<\/div>\n\t\t<\/div>\n\t\t\t\t\t<\/div>\n\t\t<\/section>\n\t\t\t\t<section class=\"elementor-section elementor-top-section elementor-element elementor-element-e1a5158 elementor-section-boxed elementor-section-height-default elementor-section-height-default\" data-id=\"e1a5158\" data-element_type=\"section\">\n\t\t\t\t\t\t<div class=\"elementor-container elementor-column-gap-default\">\n\t\t\t\t\t<div class=\"elementor-column elementor-col-50 elementor-top-column elementor-element elementor-element-f2697ac\" data-id=\"f2697ac\" data-element_type=\"column\">\n\t\t\t<div class=\"elementor-widget-wrap elementor-element-populated\">\n\t\t\t\t\t\t<div class=\"elementor-element elementor-element-85af017 elementor-widget elementor-widget-htmega-button-addons\" data-id=\"85af017\" data-element_type=\"widget\" data-widget_type=\"htmega-button-addons.default\">\n\t\t\t\t<div class=\"elementor-widget-container\">\n\t\t\t<div class=\"htmega-button htmega-btn-style-1 htmega-btn-shadow-0\"><a href=\"https:\/\/sds.unb.br\/es\/epi-ride-glossario\/\" class=\"htb-btn htmega-btn-size-lg htmega-btn-effect-0\">Gloss\u00e1rio<\/a><\/div>\t\t<\/div>\n\t\t\t\t<\/div>\n\t\t\t\t<div class=\"elementor-element elementor-element-6240fe5 elementor-widget elementor-widget-htmega-button-addons\" data-id=\"6240fe5\" data-element_type=\"widget\" data-widget_type=\"htmega-button-addons.default\">\n\t\t\t\t<div class=\"elementor-widget-container\">\n\t\t\t<div class=\"htmega-button htmega-btn-style-1 htmega-btn-shadow-0\"><a href=\"https:\/\/sds.unb.br\/es\/GDS-FAQ\/\" class=\"htb-btn htmega-btn-size-lg htmega-btn-effect-0\">FAQ<\/a><\/div>\t\t<\/div>\n\t\t\t\t<\/div>\n\t\t\t\t\t<\/div>\n\t\t<\/div>\n\t\t\t\t<div class=\"elementor-column elementor-col-50 elementor-top-column elementor-element elementor-element-39aa7e4\" data-id=\"39aa7e4\" data-element_type=\"column\">\n\t\t\t<div class=\"elementor-widget-wrap elementor-element-populated\">\n\t\t\t\t\t\t<div class=\"elementor-element elementor-element-c633446 elementor-widget elementor-widget-htmega-button-addons\" data-id=\"c633446\" data-element_type=\"widget\" data-widget_type=\"htmega-button-addons.default\">\n\t\t\t\t<div class=\"elementor-widget-container\">\n\t\t\t<div class=\"htmega-button htmega-btn-style-1 htmega-btn-shadow-0\"><a href=\"https:\/\/app.powerbi.com\/view?r=eyJrIjoiZTQyMDhkMGEtNmVkMi00NGJhLWI0ZTctMGRjYTczZGYyNGUyIiwidCI6ImVjMzU5YmExLTYzMGItNGQyYi1iODMzLWM4ZTZkNDhmODA1OSJ9\" class=\"htb-btn htmega-btn-size-lg htmega-btn-effect-0\">Dashboard<\/a><\/div>\t\t<\/div>\n\t\t\t\t<\/div>\n\t\t\t\t<div class=\"elementor-element elementor-element-8519f74 elementor-widget elementor-widget-htmega-button-addons\" data-id=\"8519f74\" data-element_type=\"widget\" data-widget_type=\"htmega-button-addons.default\">\n\t\t\t\t<div class=\"elementor-widget-container\">\n\t\t\t<div class=\"htmega-button htmega-btn-style-1 htmega-btn-shadow-0\"><a href=\"https:\/\/app.powerbi.com\/view?r=eyJrIjoiZTQyMDhkMGEtNmVkMi00NGJhLWI0ZTctMGRjYTczZGYyNGUyIiwidCI6ImVjMzU5YmExLTYzMGItNGQyYi1iODMzLWM4ZTZkNDhmODA1OSJ9\" class=\"htb-btn htmega-btn-size-lg htmega-btn-effect-0\">Equipe<\/a><\/div>\t\t<\/div>\n\t\t\t\t<\/div>\n\t\t\t\t\t<\/div>\n\t\t<\/div>\n\t\t\t\t\t<\/div>\n\t\t<\/section>\n\t\t\t\t<section class=\"elementor-section elementor-top-section elementor-element elementor-element-99e1396 elementor-section-boxed elementor-section-height-default elementor-section-height-default\" data-id=\"99e1396\" data-element_type=\"section\">\n\t\t\t\t\t\t<div class=\"elementor-container elementor-column-gap-default\">\n\t\t\t\t\t<div class=\"elementor-column elementor-col-100 elementor-top-column elementor-element elementor-element-014f619\" data-id=\"014f619\" data-element_type=\"column\">\n\t\t\t<div class=\"elementor-widget-wrap elementor-element-populated\">\n\t\t\t\t\t\t<div class=\"elementor-element elementor-element-1627ab7 elementor-widget elementor-widget-heading\" data-id=\"1627ab7\" data-element_type=\"widget\" data-widget_type=\"heading.default\">\n\t\t\t\t<div class=\"elementor-widget-container\">\n\t\t\t<h2 class=\"elementor-heading-title elementor-size-default\">Equipe<\/h2>\t\t<\/div>\n\t\t\t\t<\/div>\n\t\t\t\t\t<\/div>\n\t\t<\/div>\n\t\t\t\t\t<\/div>\n\t\t<\/section>\n\t\t\t\t<\/div>","protected":false},"excerpt":{"rendered":"<p>Guardi\u00f5es da Sa\u00fade Instagram Facebook Twitter Youtube Sobre NOSSO ALCANCE Produ\u00e7\u00f5es Sobre o Projeto Saiba mais O aplicativo Guardi\u00f5es da Sa\u00fade envolve os cidad\u00e3os na vigil\u00e2ncia epidemiol\u00f3gica e oferece acesso a informa\u00e7\u00f5es confi\u00e1veis sobre sa\u00fade p\u00fablica. Al\u00e9m disso, em parceria com a Universidade de Bras\u00edlia, foi criada uma disciplina educacional complementar sobre vigil\u00e2ncia epidemiol\u00f3gica participativa, atraindo mais de 5.000 alunos. O aplicativo permite que os usu\u00e1rios&hellip;<\/p>\n<p> <a class=\"more-link\" href=\"https:\/\/sds.unb.br\/es\/home-2\/nossos-projetos\/guardioes\/\">Leer m\u00e1s<\/a><\/p>","protected":false},"author":39,"featured_media":0,"parent":31049,"menu_order":0,"comment_status":"closed","ping_status":"closed","template":"","meta":{"footnotes":""},"tnc_tax_1420":[],"folder":[321,340],"class_list":["post-34756","page","type-page","status-publish"],"_links":{"self":[{"href":"https:\/\/sds.unb.br\/es\/wp-json\/wp\/v2\/pages\/34756","targetHints":{"allow":["GET"]}}],"collection":[{"href":"https:\/\/sds.unb.br\/es\/wp-json\/wp\/v2\/pages"}],"about":[{"href":"https:\/\/sds.unb.br\/es\/wp-json\/wp\/v2\/types\/page"}],"author":[{"embeddable":true,"href":"https:\/\/sds.unb.br\/es\/wp-json\/wp\/v2\/users\/39"}],"replies":[{"embeddable":true,"href":"https:\/\/sds.unb.br\/es\/wp-json\/wp\/v2\/comments?post=34756"}],"version-history":[{"count":41,"href":"https:\/\/sds.unb.br\/es\/wp-json\/wp\/v2\/pages\/34756\/revisions"}],"predecessor-version":[{"id":38567,"href":"https:\/\/sds.unb.br\/es\/wp-json\/wp\/v2\/pages\/34756\/revisions\/38567"}],"up":[{"embeddable":true,"href":"https:\/\/sds.unb.br\/es\/wp-json\/wp\/v2\/pages\/31049"}],"wp:attachment":[{"href":"https:\/\/sds.unb.br\/es\/wp-json\/wp\/v2\/media?parent=34756"}],"wp:term":[{"taxonomy":"tnc_tax_1420","embeddable":true,"href":"https:\/\/sds.unb.br\/es\/wp-json\/wp\/v2\/tnc_tax_1420?post=34756"},{"taxonomy":"folder","embeddable":true,"href":"https:\/\/sds.unb.br\/es\/wp-json\/wp\/v2\/folder?post=34756"}],"curies":[{"name":"wp","href":"https:\/\/api.w.org\/{rel}","templated":true}]}}