{"id":32433,"date":"2023-06-21T10:21:32","date_gmt":"2023-06-21T13:21:32","guid":{"rendered":"https:\/\/sds.unb.br\/?page_id=32433"},"modified":"2025-10-09T16:37:07","modified_gmt":"2025-10-09T19:37:07","slug":"epi-ride-glossario","status":"publish","type":"page","link":"https:\/\/sds.unb.br\/es\/home-2\/nossos-projetos\/epiride\/epi-ride-glossario\/","title":{"rendered":"epi-ride-glossario"},"content":{"rendered":"<div data-elementor-type=\"wp-page\" data-elementor-id=\"32433\" class=\"elementor elementor-32433\">\n\t\t\t\t\t\t<section class=\"elementor-section elementor-top-section elementor-element elementor-element-41cf308 elementor-section-boxed elementor-section-height-default elementor-section-height-default\" data-id=\"41cf308\" data-element_type=\"section\" data-settings=\"{&quot;background_background&quot;:&quot;classic&quot;}\">\n\t\t\t\t\t\t<div class=\"elementor-container elementor-column-gap-default\">\n\t\t\t\t\t<div class=\"elementor-column elementor-col-50 elementor-top-column elementor-element elementor-element-79df55d\" data-id=\"79df55d\" data-element_type=\"column\">\n\t\t\t<div class=\"elementor-widget-wrap elementor-element-populated\">\n\t\t\t\t\t\t<div class=\"elementor-element elementor-element-c2b933f elementor-hidden-mobile elementor-widget elementor-widget-image\" data-id=\"c2b933f\" data-element_type=\"widget\" data-widget_type=\"image.default\">\n\t\t\t\t<div class=\"elementor-widget-container\">\n\t\t\t\t\t\t\t\t\t\t\t\t\t<img fetchpriority=\"high\" decoding=\"async\" width=\"800\" height=\"993\" src=\"https:\/\/sds.unb.br\/wp-content\/uploads\/2023\/06\/logo-epiride-branca-825x1024.png\" class=\"attachment-large size-large wp-image-32468\" alt=\"\" srcset=\"https:\/\/sds.unb.br\/wp-content\/uploads\/2023\/06\/logo-epiride-branca-825x1024.png 825w, https:\/\/sds.unb.br\/wp-content\/uploads\/2023\/06\/logo-epiride-branca-242x300.png 242w, https:\/\/sds.unb.br\/wp-content\/uploads\/2023\/06\/logo-epiride-branca-768x953.png 768w, https:\/\/sds.unb.br\/wp-content\/uploads\/2023\/06\/logo-epiride-branca-1238x1536.png 1238w, https:\/\/sds.unb.br\/wp-content\/uploads\/2023\/06\/logo-epiride-branca-1651x2048.png 1651w, https:\/\/sds.unb.br\/wp-content\/uploads\/2023\/06\/logo-epiride-branca-10x12.png 10w, https:\/\/sds.unb.br\/wp-content\/uploads\/2023\/06\/logo-epiride-branca-205x254.png 205w, https:\/\/sds.unb.br\/wp-content\/uploads\/2023\/06\/logo-epiride-branca-480x595.png 480w, https:\/\/sds.unb.br\/wp-content\/uploads\/2023\/06\/logo-epiride-branca.png 1783w\" sizes=\"(max-width: 800px) 100vw, 800px\" \/>\t\t\t\t\t\t\t\t\t\t\t\t\t<\/div>\n\t\t\t\t<\/div>\n\t\t\t\t\t<\/div>\n\t\t<\/div>\n\t\t\t\t<div class=\"elementor-column elementor-col-50 elementor-top-column elementor-element elementor-element-2f0b352\" data-id=\"2f0b352\" data-element_type=\"column\">\n\t\t\t<div class=\"elementor-widget-wrap elementor-element-populated\">\n\t\t\t\t\t\t<div class=\"elementor-element elementor-element-4b71114 elementor-hidden-mobile elementor-widget elementor-widget-spacer\" data-id=\"4b71114\" data-element_type=\"widget\" data-widget_type=\"spacer.default\">\n\t\t\t\t<div class=\"elementor-widget-container\">\n\t\t\t\t\t<div class=\"elementor-spacer\">\n\t\t\t<div class=\"elementor-spacer-inner\"><\/div>\n\t\t<\/div>\n\t\t\t\t<\/div>\n\t\t\t\t<\/div>\n\t\t\t\t<div class=\"elementor-element elementor-element-e7c3090 elementor-widget elementor-widget-heading\" data-id=\"e7c3090\" data-element_type=\"widget\" data-widget_type=\"heading.default\">\n\t\t\t\t<div class=\"elementor-widget-container\">\n\t\t\t<h2 class=\"elementor-heading-title elementor-size-default\">Gloss\u00e1rio<\/h2>\t\t<\/div>\n\t\t\t\t<\/div>\n\t\t\t\t<div class=\"elementor-element elementor-element-6a371b8 animated-slow elementor-invisible elementor-widget elementor-widget-text-editor\" data-id=\"6a371b8\" data-element_type=\"widget\" data-settings=\"{&quot;_animation&quot;:&quot;fadeIn&quot;,&quot;_animation_delay&quot;:100}\" data-widget_type=\"text-editor.default\">\n\t\t\t\t<div class=\"elementor-widget-container\">\n\t\t\t\t\t\t\t<p>O Epi-RIDE tem como objetivo aprimorar a capacidade de monitoramento, a gest\u00e3o de crises e fornecer respostas mais efetivas \u00e0s demandas de sa\u00fade da popula\u00e7\u00e3o. Para alcan\u00e7ar esse prop\u00f3sito, a Sala de Situa\u00e7\u00e3o de Sa\u00fade disponibiliza este gloss\u00e1rio, com o intuito de auxiliar os usu\u00e1rios no entendimento das palavras-chave utilizadas nos processos de trabalho.<\/p>\t\t\t\t\t\t<\/div>\n\t\t\t\t<\/div>\n\t\t\t\t\t<\/div>\n\t\t<\/div>\n\t\t\t\t\t<\/div>\n\t\t<\/section>\n\t\t\t\t<section class=\"elementor-section elementor-top-section elementor-element elementor-element-e3723f2 elementor-section-boxed elementor-section-height-default elementor-section-height-default\" data-id=\"e3723f2\" data-element_type=\"section\">\n\t\t\t\t\t\t<div class=\"elementor-container elementor-column-gap-default\">\n\t\t\t\t\t<div class=\"elementor-column elementor-col-100 elementor-top-column elementor-element elementor-element-92059ed\" data-id=\"92059ed\" data-element_type=\"column\">\n\t\t\t<div class=\"elementor-widget-wrap elementor-element-populated\">\n\t\t\t\t\t\t<div class=\"elementor-element elementor-element-bfcead9 elementor-widget elementor-widget-heading\" data-id=\"bfcead9\" data-element_type=\"widget\" data-widget_type=\"heading.default\">\n\t\t\t\t<div class=\"elementor-widget-container\">\n\t\t\t<h2 class=\"elementor-heading-title elementor-size-default\">Eixos tem\u00e1ticos<\/h2>\t\t<\/div>\n\t\t\t\t<\/div>\n\t\t\t\t\t<\/div>\n\t\t<\/div>\n\t\t\t\t\t<\/div>\n\t\t<\/section>\n\t\t\t\t<section class=\"elementor-section elementor-top-section elementor-element elementor-element-351210c elementor-section-boxed elementor-section-height-default elementor-section-height-default\" data-id=\"351210c\" data-element_type=\"section\">\n\t\t\t\t\t\t<div class=\"elementor-container elementor-column-gap-extended\">\n\t\t\t\t\t<div class=\"elementor-column elementor-col-20 elementor-top-column elementor-element elementor-element-d9ef8c3\" data-id=\"d9ef8c3\" data-element_type=\"column\">\n\t\t\t<div class=\"elementor-widget-wrap elementor-element-populated\">\n\t\t\t\t\t\t<div class=\"elementor-element elementor-element-39d9bb9 elementor-widget elementor-widget-htmega-button-addons\" data-id=\"39d9bb9\" data-element_type=\"widget\" data-widget_type=\"htmega-button-addons.default\">\n\t\t\t\t<div class=\"elementor-widget-container\">\n\t\t\t<div class=\"htmega-button htmega-btn-style-1 htmega-btn-shadow-0\"><a href=\"https:\/\/sds.unb.br\/es\/glossariocomunicacao\/\" class=\"htb-btn htmega-btn-size-md htmega-btn-effect-0\">Comunica\u00e7\u00e3o<\/a><\/div>\t\t<\/div>\n\t\t\t\t<\/div>\n\t\t\t\t\t<\/div>\n\t\t<\/div>\n\t\t\t\t<div class=\"elementor-column elementor-col-20 elementor-top-column elementor-element elementor-element-a4b5e88\" data-id=\"a4b5e88\" data-element_type=\"column\">\n\t\t\t<div class=\"elementor-widget-wrap elementor-element-populated\">\n\t\t\t\t\t\t<div class=\"elementor-element elementor-element-f3ae16a elementor-widget elementor-widget-htmega-button-addons\" data-id=\"f3ae16a\" data-element_type=\"widget\" data-widget_type=\"htmega-button-addons.default\">\n\t\t\t\t<div class=\"elementor-widget-container\">\n\t\t\t<div class=\"htmega-button htmega-btn-style-1 htmega-btn-shadow-0\"><a href=\"https:\/\/sds.unb.br\/es\/glossarioepidemiologia\/\" class=\"htb-btn htmega-btn-size-md htmega-btn-effect-0\">Epidemiologia<\/a><\/div>\t\t<\/div>\n\t\t\t\t<\/div>\n\t\t\t\t\t<\/div>\n\t\t<\/div>\n\t\t\t\t<div class=\"elementor-column elementor-col-20 elementor-top-column elementor-element elementor-element-c4a6743\" data-id=\"c4a6743\" data-element_type=\"column\">\n\t\t\t<div class=\"elementor-widget-wrap elementor-element-populated\">\n\t\t\t\t\t\t<div class=\"elementor-element elementor-element-3f0fa23 elementor-widget elementor-widget-htmega-button-addons\" data-id=\"3f0fa23\" data-element_type=\"widget\" data-widget_type=\"htmega-button-addons.default\">\n\t\t\t\t<div class=\"elementor-widget-container\">\n\t\t\t<div class=\"htmega-button htmega-btn-style-1 htmega-btn-shadow-0\"><a href=\"https:\/\/sds.unb.br\/es\/glossariogestaosus\/\" class=\"htb-btn htmega-btn-size-md htmega-btn-effect-0\">Gest\u00e3o SUS<\/a><\/div>\t\t<\/div>\n\t\t\t\t<\/div>\n\t\t\t\t\t<\/div>\n\t\t<\/div>\n\t\t\t\t<div class=\"elementor-column elementor-col-20 elementor-top-column elementor-element elementor-element-83b1b0f\" data-id=\"83b1b0f\" data-element_type=\"column\">\n\t\t\t<div class=\"elementor-widget-wrap elementor-element-populated\">\n\t\t\t\t\t\t<div class=\"elementor-element elementor-element-6c07b54 elementor-widget elementor-widget-htmega-button-addons\" data-id=\"6c07b54\" data-element_type=\"widget\" data-widget_type=\"htmega-button-addons.default\">\n\t\t\t\t<div class=\"elementor-widget-container\">\n\t\t\t<div class=\"htmega-button htmega-btn-style-1 htmega-btn-shadow-0\"><a href=\"https:\/\/sds.unb.br\/es\/glossarioonehealth\/\" class=\"htb-btn htmega-btn-size-md htmega-btn-effect-0\">One Health<\/a><\/div>\t\t<\/div>\n\t\t\t\t<\/div>\n\t\t\t\t\t<\/div>\n\t\t<\/div>\n\t\t\t\t<div class=\"elementor-column elementor-col-20 elementor-top-column elementor-element elementor-element-52eb790\" data-id=\"52eb790\" data-element_type=\"column\">\n\t\t\t<div class=\"elementor-widget-wrap elementor-element-populated\">\n\t\t\t\t\t\t<div class=\"elementor-element elementor-element-e0eae7a elementor-widget elementor-widget-htmega-button-addons\" data-id=\"e0eae7a\" data-element_type=\"widget\" data-widget_type=\"htmega-button-addons.default\">\n\t\t\t\t<div class=\"elementor-widget-container\">\n\t\t\t<div class=\"htmega-button htmega-btn-style-1 htmega-btn-shadow-0\"><a href=\"https:\/\/sds.unb.br\/es\/glossariovigilancia\/\" class=\"htb-btn htmega-btn-size-md htmega-btn-effect-0\">Vigil\u00e2ncia<\/a><\/div>\t\t<\/div>\n\t\t\t\t<\/div>\n\t\t\t\t\t<\/div>\n\t\t<\/div>\n\t\t\t\t\t<\/div>\n\t\t<\/section>\n\t\t\t\t<\/div>","protected":false},"excerpt":{"rendered":"<p>Gloss\u00e1rio O Epi-RIDE tem como objetivo aprimorar a capacidade de monitoramento, a gest\u00e3o de crises e fornecer respostas mais efetivas \u00e0s demandas de sa\u00fade da popula\u00e7\u00e3o. Para alcan\u00e7ar esse prop\u00f3sito, a Sala de Situa\u00e7\u00e3o de Sa\u00fade disponibiliza este gloss\u00e1rio, com o intuito de auxiliar os usu\u00e1rios no entendimento das palavras-chave utilizadas nos processos de trabalho. Eixos tem\u00e1ticos Comunica\u00e7\u00e3o Epidemiologia Gest\u00e3o SUS One Health Vigil\u00e2ncia<\/p>","protected":false},"author":31,"featured_media":0,"parent":27576,"menu_order":0,"comment_status":"closed","ping_status":"closed","template":"","meta":{"footnotes":""},"tnc_tax_1420":[],"folder":[321],"class_list":["post-32433","page","type-page","status-publish"],"_links":{"self":[{"href":"https:\/\/sds.unb.br\/es\/wp-json\/wp\/v2\/pages\/32433","targetHints":{"allow":["GET"]}}],"collection":[{"href":"https:\/\/sds.unb.br\/es\/wp-json\/wp\/v2\/pages"}],"about":[{"href":"https:\/\/sds.unb.br\/es\/wp-json\/wp\/v2\/types\/page"}],"author":[{"embeddable":true,"href":"https:\/\/sds.unb.br\/es\/wp-json\/wp\/v2\/users\/31"}],"replies":[{"embeddable":true,"href":"https:\/\/sds.unb.br\/es\/wp-json\/wp\/v2\/comments?post=32433"}],"version-history":[{"count":25,"href":"https:\/\/sds.unb.br\/es\/wp-json\/wp\/v2\/pages\/32433\/revisions"}],"predecessor-version":[{"id":38555,"href":"https:\/\/sds.unb.br\/es\/wp-json\/wp\/v2\/pages\/32433\/revisions\/38555"}],"up":[{"embeddable":true,"href":"https:\/\/sds.unb.br\/es\/wp-json\/wp\/v2\/pages\/27576"}],"wp:attachment":[{"href":"https:\/\/sds.unb.br\/es\/wp-json\/wp\/v2\/media?parent=32433"}],"wp:term":[{"taxonomy":"tnc_tax_1420","embeddable":true,"href":"https:\/\/sds.unb.br\/es\/wp-json\/wp\/v2\/tnc_tax_1420?post=32433"},{"taxonomy":"folder","embeddable":true,"href":"https:\/\/sds.unb.br\/es\/wp-json\/wp\/v2\/folder?post=32433"}],"curies":[{"name":"wp","href":"https:\/\/api.w.org\/{rel}","templated":true}]}}