{"id":32391,"date":"2023-06-20T09:59:40","date_gmt":"2023-06-20T12:59:40","guid":{"rendered":"https:\/\/sds.unb.br\/?page_id=32391"},"modified":"2024-10-30T18:59:19","modified_gmt":"2024-10-30T21:59:19","slug":"glossarioonehealth","status":"publish","type":"page","link":"https:\/\/sds.unb.br\/es\/home-2\/nossos-projetos\/epiride\/epi-ride-glossario\/glossarioonehealth\/","title":{"rendered":"glossarioOneHealth"},"content":{"rendered":"<div data-elementor-type=\"wp-page\" data-elementor-id=\"32391\" class=\"elementor elementor-32391\">\n\t\t\t\t\t\t<section class=\"elementor-section elementor-top-section elementor-element elementor-element-2882ea1 elementor-section-boxed elementor-section-height-default elementor-section-height-default\" data-id=\"2882ea1\" data-element_type=\"section\" data-settings=\"{&quot;background_background&quot;:&quot;classic&quot;}\">\n\t\t\t\t\t\t<div class=\"elementor-container elementor-column-gap-default\">\n\t\t\t\t\t<div class=\"elementor-column elementor-col-50 elementor-top-column elementor-element elementor-element-47bfc1b\" data-id=\"47bfc1b\" data-element_type=\"column\">\n\t\t\t<div class=\"elementor-widget-wrap elementor-element-populated\">\n\t\t\t\t\t\t<div class=\"elementor-element elementor-element-64f4301 elementor-hidden-mobile elementor-widget elementor-widget-image\" data-id=\"64f4301\" data-element_type=\"widget\" data-widget_type=\"image.default\">\n\t\t\t\t<div class=\"elementor-widget-container\">\n\t\t\t\t\t\t\t\t\t\t\t\t\t<img fetchpriority=\"high\" decoding=\"async\" width=\"800\" height=\"993\" src=\"https:\/\/sds.unb.br\/wp-content\/uploads\/2023\/06\/logo-epiride-branca-825x1024.png\" class=\"attachment-large size-large wp-image-32468\" alt=\"\" srcset=\"https:\/\/sds.unb.br\/wp-content\/uploads\/2023\/06\/logo-epiride-branca-825x1024.png 825w, https:\/\/sds.unb.br\/wp-content\/uploads\/2023\/06\/logo-epiride-branca-242x300.png 242w, https:\/\/sds.unb.br\/wp-content\/uploads\/2023\/06\/logo-epiride-branca-768x953.png 768w, https:\/\/sds.unb.br\/wp-content\/uploads\/2023\/06\/logo-epiride-branca-1238x1536.png 1238w, https:\/\/sds.unb.br\/wp-content\/uploads\/2023\/06\/logo-epiride-branca-1651x2048.png 1651w, https:\/\/sds.unb.br\/wp-content\/uploads\/2023\/06\/logo-epiride-branca-10x12.png 10w, https:\/\/sds.unb.br\/wp-content\/uploads\/2023\/06\/logo-epiride-branca-205x254.png 205w, https:\/\/sds.unb.br\/wp-content\/uploads\/2023\/06\/logo-epiride-branca-480x595.png 480w, https:\/\/sds.unb.br\/wp-content\/uploads\/2023\/06\/logo-epiride-branca.png 1783w\" sizes=\"(max-width: 800px) 100vw, 800px\" \/>\t\t\t\t\t\t\t\t\t\t\t\t\t<\/div>\n\t\t\t\t<\/div>\n\t\t\t\t\t<\/div>\n\t\t<\/div>\n\t\t\t\t<div class=\"elementor-column elementor-col-50 elementor-top-column elementor-element elementor-element-d061d3e\" data-id=\"d061d3e\" data-element_type=\"column\">\n\t\t\t<div class=\"elementor-widget-wrap elementor-element-populated\">\n\t\t\t\t\t\t<div class=\"elementor-element elementor-element-4deebff elementor-hidden-mobile elementor-widget elementor-widget-spacer\" data-id=\"4deebff\" data-element_type=\"widget\" data-widget_type=\"spacer.default\">\n\t\t\t\t<div class=\"elementor-widget-container\">\n\t\t\t\t\t<div class=\"elementor-spacer\">\n\t\t\t<div class=\"elementor-spacer-inner\"><\/div>\n\t\t<\/div>\n\t\t\t\t<\/div>\n\t\t\t\t<\/div>\n\t\t\t\t<div class=\"elementor-element elementor-element-c852f0a elementor-widget elementor-widget-heading\" data-id=\"c852f0a\" data-element_type=\"widget\" data-widget_type=\"heading.default\">\n\t\t\t\t<div class=\"elementor-widget-container\">\n\t\t\t<h2 class=\"elementor-heading-title elementor-size-default\">Gloss\u00e1rio<\/h2>\t\t<\/div>\n\t\t\t\t<\/div>\n\t\t\t\t<div class=\"elementor-element elementor-element-f5526ae animated-slow elementor-invisible elementor-widget elementor-widget-text-editor\" data-id=\"f5526ae\" data-element_type=\"widget\" data-settings=\"{&quot;_animation&quot;:&quot;fadeIn&quot;,&quot;_animation_delay&quot;:100}\" data-widget_type=\"text-editor.default\">\n\t\t\t\t<div class=\"elementor-widget-container\">\n\t\t\t\t\t\t\t<p>O Epi-Ride busca melhorar a capacidade de monitoramento, a gest\u00e3o de crises e proporcionar respostas mais efetivas \u00e0s demandas de sa\u00fade da popula\u00e7\u00e3o. Para isso, a Sala de Situa\u00e7\u00e3o de Sa\u00fade fornece este gloss\u00e1rio a fim de auxiliar os usu\u00e1rios nos conhecimentos de palavras chaves utilizadas durante o trabalho<\/p>\t\t\t\t\t\t<\/div>\n\t\t\t\t<\/div>\n\t\t\t\t\t<\/div>\n\t\t<\/div>\n\t\t\t\t\t<\/div>\n\t\t<\/section>\n\t\t\t\t<section class=\"elementor-section elementor-top-section elementor-element elementor-element-4931c13 elementor-section-boxed elementor-section-height-default elementor-section-height-default\" data-id=\"4931c13\" data-element_type=\"section\">\n\t\t\t\t\t\t<div class=\"elementor-container elementor-column-gap-default\">\n\t\t\t\t\t<div class=\"elementor-column elementor-col-100 elementor-top-column elementor-element elementor-element-5b75502\" data-id=\"5b75502\" data-element_type=\"column\">\n\t\t\t<div class=\"elementor-widget-wrap elementor-element-populated\">\n\t\t\t\t\t\t<div class=\"elementor-element elementor-element-45a992a elementor-widget elementor-widget-heading\" data-id=\"45a992a\" data-element_type=\"widget\" data-widget_type=\"heading.default\">\n\t\t\t\t<div class=\"elementor-widget-container\">\n\t\t\t<h2 class=\"elementor-heading-title elementor-size-default\">One Health<\/h2>\t\t<\/div>\n\t\t\t\t<\/div>\n\t\t\t\t\t<\/div>\n\t\t<\/div>\n\t\t\t\t\t<\/div>\n\t\t<\/section>\n\t\t\t\t<section class=\"elementor-section elementor-top-section elementor-element elementor-element-f3d5e25 elementor-section-boxed elementor-section-height-default elementor-section-height-default\" data-id=\"f3d5e25\" data-element_type=\"section\">\n\t\t\t\t\t\t<div class=\"elementor-container elementor-column-gap-default\">\n\t\t\t\t\t<div class=\"elementor-column elementor-col-100 elementor-top-column elementor-element elementor-element-752900d\" data-id=\"752900d\" data-element_type=\"column\">\n\t\t\t<div class=\"elementor-widget-wrap elementor-element-populated\">\n\t\t\t\t\t\t<div class=\"elementor-element elementor-element-f2d924a elementor-widget elementor-widget-htmega-accordion-addons\" data-id=\"f2d924a\" data-element_type=\"widget\" data-widget_type=\"htmega-accordion-addons.default\">\n\t\t\t\t<div class=\"elementor-widget-container\">\n\t\t\t<div class=\"accordion\" id=\"accordionExamplef2d924a\">                            <div class=\"single_accourdion htmega-icon-align-left\">\n\n                                <div class=\"htmega-accourdion-title\">\n                                    <h2 data-toggle=\"htbcollapse\" data-target=\"#htmega-collapse1f2d924a\" class=\"htmega-items-hedding\">Sa\u00fade Global <span class=\"accourdion-icon close-accourdion\"><i class=\"fas fa-minus\"><\/i><\/span><span class=\"accourdion-icon open-accourdion\"><i class=\"fas fa-plus\"><\/i><\/span><\/h2>                                <\/div>\n\n                                <div id=\"htmega-collapse1f2d924a\" class=\"htb-collapse htb-show\" data-parent=\"#accordionExamplef2d924a\" >\n                                    <div class=\"accordion-content\">\n                                        <p>Ainda que n\u00e3o haja um consenso no meio cient\u00edfico sobre sua defini\u00e7\u00e3o, o termo Sa\u00fade Global se consolida como uma a\u00e7\u00e3o colaborativa transnacional para promo\u00e7\u00e3o dos campos de conhecimento da sa\u00fade coletiva, da sa\u00fade p\u00fablica e da sa\u00fade internacional em quest\u00f5es que transcendem os limites fronteiri\u00e7os e os interesses de uma na\u00e7\u00e3o em particular.\u00a0<\/p><p>\u00a0<\/p><p>Configura-se na amplia\u00e7\u00e3o do di\u00e1logo centrada na redu\u00e7\u00e3o das iniquidades, na mobiliza\u00e7\u00e3o de recursos, na amplia\u00e7\u00e3o das interven\u00e7\u00f5es e acordos entre diversos atores sociais incluindo pa\u00edses, ag\u00eancias, institui\u00e7\u00f5es p\u00fablicas e privadas tendo como princ\u00edpios a justi\u00e7a social, a equidade, a solidariedade, a compaix\u00e3o e o respeito m\u00fatuo.<\/p><p><br \/><b>Refer\u00eancias<\/b><\/p><p>BUSS, P.M., GALV\u00c3O, Luiz A. e BUSS, Daniel F. Sa\u00fade na Agenda 2030 para o desenvolvimento sustent\u00e1vel: pol\u00edtica central para a governan\u00e7a global<i>. <\/i>In<i>. Diplomacia em Sa\u00fade e Sa\u00fade Global: perspectivas latino-americanas. <\/i>Rio de Janeiro, Ed. Fiocruz, 2017.<\/p><p>BUSS, P.M., TOBAR, S. Apresenta\u00e7\u00e3o. In<i>. Diplomacia em Sa\u00fade e Sa\u00fade Global: perspectivas latino-americanas. <\/i>Rio de Janeiro, Ed. Fiocruz, 2017.<\/p><p>MARKLE, William H.; FISHER, Melanie A.; SMEGO JR, Raymond A. <b>Compreendendo a Sa\u00fade Global-2<\/b>. AMGH Editora, 2015.<\/p><p><br \/><br \/><\/p><p>FORTES, Paulo Antonio de Carvalho. Refletindo sobre valores \u00e9ticos da Sa\u00fade Global. <b>Sa\u00fade e Sociedade<\/b>, v. 24, p. 152-161, 2015.<\/p><p>FORTES, Paulo Ant\u00f4nio de Carvalho; RIBEIRO, Helena. Sa\u00fade Global em tempos de globaliza\u00e7\u00e3o. <b>Sa\u00fade e Sociedade<\/b>, v. 23, p. 366-375, 2014.<\/p><p>FRIED, Linda P. <i>et al. <\/i>Global health is public health. Comment. <i>The Lancet<\/i>, Vol 375, February 13, 2010.<\/p>                                    <\/div>\n                                <\/div>\n\n                            <\/div>\n\n                                                    <div class=\"single_accourdion htmega-icon-align-left\">\n\n                                <div class=\"htmega-accourdion-title\">\n                                    <h2 data-toggle=\"htbcollapse\" data-target=\"#htmega-collapse2f2d924a\" class=\"htb-collapsed htmega-items-hedding\">Sa\u00fade \u00danica <span class=\"accourdion-icon close-accourdion\"><i class=\"fas fa-minus\"><\/i><\/span><span class=\"accourdion-icon open-accourdion\"><i class=\"fas fa-plus\"><\/i><\/span><\/h2>                                <\/div>\n\n                                <div id=\"htmega-collapse2f2d924a\" class=\"htb-collapse\" data-parent=\"#accordionExamplef2d924a\" >\n                                    <div class=\"accordion-content\">\n                                        <p>O conceito de Sa\u00fade \u00danica surgiu do estudo integrado de zoonoses e podemos defini-lo como uma abordagem que reconhece a \u00edntima e complexa conex\u00e3o existente entre a sa\u00fade dos animais, pessoas e do meio ambiente. Uma vez que est\u00e3o interconectados e s\u00e3o interdependentes, altera\u00e7\u00f5es em qualquer uma dessas esferas impactam a outra, o que pode contribuir para emerg\u00eancia ou ressurg\u00eancia de doen\u00e7as.<\/p><p>\u00a0<\/p><p>O principal pilar da Sa\u00fade \u00danica \u00e9 a colabora\u00e7\u00e3o interdisciplinar e intersetorial visando a resolu\u00e7\u00e3o coletiva dos problemas que envolvem a tr\u00edade humano - animal - ambiente. O modelo \u201cguarda-chuva\u201d ilustra o conceito interdisciplinar da Sa\u00fade \u00danica, por englobar diversos atores e fatores de diferentes \u00e1reas que impactam direta ou indiretamente a sa\u00fade p\u00fablica.\u00a0\u00a0\u00a0\u00a0\u00a0\u00a0\u00a0\u00a0\u00a0\u00a0\u00a0\u00a0\u00a0\u00a0\u00a0\u00a0\u00a0\u00a0\u00a0\u00a0\u00a0\u00a0\u00a0\u00a0\u00a0\u00a0\u00a0\u00a0\u00a0\u00a0\u00a0\u00a0\u00a0\u00a0\u00a0\u00a0 <b>Refer\u00eancias<\/b><\/p><p>Gyles, Carlton. \u201cOne Medicine, One Health, One World.\u201d <b>The Canadian veterinary journal<\/b> = La revue veterinaire canadienne vol. 57,4 . 345-6. 2016. Dispon\u00edvel em:\u00a0 \u00a0 <a href=\"https:\/\/ohi.vetmed.ucdavis.edu\/about\/one-health#:~:text=The%20One%20Health%20approach%20recognizes,the%20larger%2C%20total%20living%20ecosystem\">https:\/\/ohi.vetmed.ucdavis.edu\/about\/one-health#:~:text=The%20One%20Health%20approach%20recognizes,the%20larger%2C%20total%20living%20ecosystem<\/a>.\u00a0 Acesso em 8 fev. 2023.<\/p><p>Mackenzie JS, Jeggo M. The One Health Approach\u2014Why Is It So Important?<b> Tropical Medicine and Infectious Disease<\/b>.; 4(2):88. 2019. Dispon\u00edvel em: <a href=\"https:\/\/doi.org\/10.3390\/tropicalmed4020088\">https:\/\/doi.org\/10.3390\/tropicalmed4020088<\/a>. Acesso em 10 fev. 2023.<\/p><p>Henrik Lerner &amp; Charlotte Berg.The concept of health in One Health and some practical implications for research and education: What is One Health?, <b>Infection Ecology &amp; Epidemiology<\/b>, 5:1,2015.\u00a0 Dispon\u00edvel em: <a href=\"https:\/\/doi.org\/10.3402\/iee.v5.25300\">https:\/\/doi.org\/10.3402\/iee.v5.25300<\/a>. Acesso em 10 fev. 2023.<\/p><p>KAHN, Laura H. et al. Teaching \u201cone medicine, one health\u201d. <b>The American journal of medicine<\/b>, v. 121, n. 3, p. 169-170, 2008. Dispon\u00edvel em: <a href=\"https:\/\/doi.org\/10.1016\/j.amjmed.2007.09.023\">https:\/\/doi.org\/10.1016\/j.amjmed.2007.09.023<\/a>. Acesso em 10. fev. 2023.<\/p>                                    <\/div>\n                                <\/div>\n\n                            <\/div>\n\n                                                    <div class=\"single_accourdion htmega-icon-align-left\">\n\n                                <div class=\"htmega-accourdion-title\">\n                                    <h2 data-toggle=\"htbcollapse\" data-target=\"#htmega-collapse3f2d924a\" class=\"htb-collapsed htmega-items-hedding\">Zoonose <span class=\"accourdion-icon close-accourdion\"><i class=\"fas fa-minus\"><\/i><\/span><span class=\"accourdion-icon open-accourdion\"><i class=\"fas fa-plus\"><\/i><\/span><\/h2>                                <\/div>\n\n                                <div id=\"htmega-collapse3f2d924a\" class=\"htb-collapse\" data-parent=\"#accordionExamplef2d924a\" >\n                                    <div class=\"accordion-content\">\n                                        <p>As zoonoses s\u00e3o doen\u00e7as infecciosas que podem ser transmitidas de animais para seres humanos, e vice-versa. Elas podem ser causadas por bact\u00e9rias, v\u00edrus, fungos, parasitas e pr\u00edons. O modo de transmiss\u00e3o pode ocorrer de v\u00e1rias maneiras, incluindo contato direto ou mordedura por animais infectados, ingest\u00e3o de alimentos ou \u00e1gua contaminados, e at\u00e9 mesmo por picada de insetos infectados, que atuam como vetores de doen\u00e7as. S\u00e3o exemplos de doen\u00e7as zoon\u00f3ticas a raiva, a leptospirose, a toxoplasmose, a brucelose e a febre do Nilo Ocidental. A preven\u00e7\u00e3o contra algumas zoonoses envolve medidas profil\u00e1ticas como lavar as m\u00e3os com frequ\u00eancia, evitar o contato pr\u00f3ximo com animais dom\u00e9sticos doentes ou animais silvestres, lavar e\/ou cozinhar bem os alimentos, vacinar-se e proteger-se contra a picada de insetos.<\/p><p><br \/>Refer\u00eancias:<\/p><p>Organiza\u00e7\u00e3o Mundial da Sa\u00fade. Zoonoses. Dispon\u00edvel em: <a href=\"https:\/\/www.who.int\/news-room\/fact-sheets\/detail\/zoonoses#:~:text=A%20zoonosis%20is%20an%20infectious,food%2C%20water%20or%20the%20environment\">https:\/\/www.who.int\/news-room\/fact-sheets\/detail\/zoonoses#:~:text=A%20zoonosis%20is%20an%20infectious,food%2C%20water%20or%20the%20environment<\/a>.<\/p><p>Centers for Disease Control and Prevention. Zoonoses. Dispon\u00edvel em:<a href=\"https:\/\/www.cdc.gov\/onehealth\/basics\/zoonotic-diseases.html\">https:\/\/www.cdc.gov\/onehealth\/basics\/zoonotic-diseases.html<\/a><\/p>                                    <\/div>\n                                <\/div>\n\n                            <\/div>\n\n                        <\/div>\t\t<\/div>\n\t\t\t\t<\/div>\n\t\t\t\t\t<\/div>\n\t\t<\/div>\n\t\t\t\t\t<\/div>\n\t\t<\/section>\n\t\t\t\t<\/div>","protected":false},"excerpt":{"rendered":"<p>Gloss\u00e1rio O Epi-Ride busca melhorar a capacidade de monitoramento, a gest\u00e3o de crises e proporcionar respostas mais efetivas \u00e0s demandas de sa\u00fade da popula\u00e7\u00e3o. Para isso, a Sala de Situa\u00e7\u00e3o de Sa\u00fade fornece este gloss\u00e1rio a fim de auxiliar os usu\u00e1rios nos conhecimentos de palavras chaves utilizadas durante o trabalho One Health Sa\u00fade Global Ainda que n\u00e3o haja um consenso no meio cient\u00edfico sobre sua defini\u00e7\u00e3o,&hellip;<\/p>\n<p> <a class=\"more-link\" href=\"https:\/\/sds.unb.br\/es\/home-2\/nossos-projetos\/epiride\/epi-ride-glossario\/glossarioonehealth\/\">Leer m\u00e1s<\/a><\/p>","protected":false},"author":31,"featured_media":0,"parent":32433,"menu_order":0,"comment_status":"closed","ping_status":"closed","template":"","meta":{"footnotes":""},"tnc_tax_1420":[],"folder":[326],"class_list":["post-32391","page","type-page","status-publish"],"_links":{"self":[{"href":"https:\/\/sds.unb.br\/es\/wp-json\/wp\/v2\/pages\/32391","targetHints":{"allow":["GET"]}}],"collection":[{"href":"https:\/\/sds.unb.br\/es\/wp-json\/wp\/v2\/pages"}],"about":[{"href":"https:\/\/sds.unb.br\/es\/wp-json\/wp\/v2\/types\/page"}],"author":[{"embeddable":true,"href":"https:\/\/sds.unb.br\/es\/wp-json\/wp\/v2\/users\/31"}],"replies":[{"embeddable":true,"href":"https:\/\/sds.unb.br\/es\/wp-json\/wp\/v2\/comments?post=32391"}],"version-history":[{"count":22,"href":"https:\/\/sds.unb.br\/es\/wp-json\/wp\/v2\/pages\/32391\/revisions"}],"predecessor-version":[{"id":33692,"href":"https:\/\/sds.unb.br\/es\/wp-json\/wp\/v2\/pages\/32391\/revisions\/33692"}],"up":[{"embeddable":true,"href":"https:\/\/sds.unb.br\/es\/wp-json\/wp\/v2\/pages\/32433"}],"wp:attachment":[{"href":"https:\/\/sds.unb.br\/es\/wp-json\/wp\/v2\/media?parent=32391"}],"wp:term":[{"taxonomy":"tnc_tax_1420","embeddable":true,"href":"https:\/\/sds.unb.br\/es\/wp-json\/wp\/v2\/tnc_tax_1420?post=32391"},{"taxonomy":"folder","embeddable":true,"href":"https:\/\/sds.unb.br\/es\/wp-json\/wp\/v2\/folder?post=32391"}],"curies":[{"name":"wp","href":"https:\/\/api.w.org\/{rel}","templated":true}]}}