{"id":32388,"date":"2023-06-20T09:58:55","date_gmt":"2023-06-20T12:58:55","guid":{"rendered":"https:\/\/sds.unb.br\/?page_id=32388"},"modified":"2024-10-30T18:59:19","modified_gmt":"2024-10-30T21:59:19","slug":"glossariogestaosus","status":"publish","type":"page","link":"https:\/\/sds.unb.br\/es\/home-2\/nossos-projetos\/epiride\/epi-ride-glossario\/glossariogestaosus\/","title":{"rendered":"glossarioGestaoSUS"},"content":{"rendered":"<div data-elementor-type=\"wp-page\" data-elementor-id=\"32388\" class=\"elementor elementor-32388\">\n\t\t\t\t\t\t<section class=\"elementor-section elementor-top-section elementor-element elementor-element-2882ea1 elementor-section-boxed elementor-section-height-default elementor-section-height-default\" data-id=\"2882ea1\" data-element_type=\"section\" data-settings=\"{&quot;background_background&quot;:&quot;classic&quot;}\">\n\t\t\t\t\t\t<div class=\"elementor-container elementor-column-gap-default\">\n\t\t\t\t\t<div class=\"elementor-column elementor-col-50 elementor-top-column elementor-element elementor-element-47bfc1b\" data-id=\"47bfc1b\" data-element_type=\"column\">\n\t\t\t<div class=\"elementor-widget-wrap elementor-element-populated\">\n\t\t\t\t\t\t<div class=\"elementor-element elementor-element-64f4301 elementor-hidden-mobile elementor-widget elementor-widget-image\" data-id=\"64f4301\" data-element_type=\"widget\" data-widget_type=\"image.default\">\n\t\t\t\t<div class=\"elementor-widget-container\">\n\t\t\t\t\t\t\t\t\t\t\t\t\t<img fetchpriority=\"high\" decoding=\"async\" width=\"800\" height=\"993\" src=\"https:\/\/sds.unb.br\/wp-content\/uploads\/2023\/06\/logo-epiride-branca-825x1024.png\" class=\"attachment-large size-large wp-image-32468\" alt=\"\" srcset=\"https:\/\/sds.unb.br\/wp-content\/uploads\/2023\/06\/logo-epiride-branca-825x1024.png 825w, https:\/\/sds.unb.br\/wp-content\/uploads\/2023\/06\/logo-epiride-branca-242x300.png 242w, https:\/\/sds.unb.br\/wp-content\/uploads\/2023\/06\/logo-epiride-branca-768x953.png 768w, https:\/\/sds.unb.br\/wp-content\/uploads\/2023\/06\/logo-epiride-branca-1238x1536.png 1238w, https:\/\/sds.unb.br\/wp-content\/uploads\/2023\/06\/logo-epiride-branca-1651x2048.png 1651w, https:\/\/sds.unb.br\/wp-content\/uploads\/2023\/06\/logo-epiride-branca-10x12.png 10w, https:\/\/sds.unb.br\/wp-content\/uploads\/2023\/06\/logo-epiride-branca-205x254.png 205w, https:\/\/sds.unb.br\/wp-content\/uploads\/2023\/06\/logo-epiride-branca-480x595.png 480w, https:\/\/sds.unb.br\/wp-content\/uploads\/2023\/06\/logo-epiride-branca.png 1783w\" sizes=\"(max-width: 800px) 100vw, 800px\" \/>\t\t\t\t\t\t\t\t\t\t\t\t\t<\/div>\n\t\t\t\t<\/div>\n\t\t\t\t\t<\/div>\n\t\t<\/div>\n\t\t\t\t<div class=\"elementor-column elementor-col-50 elementor-top-column elementor-element elementor-element-d061d3e\" data-id=\"d061d3e\" data-element_type=\"column\">\n\t\t\t<div class=\"elementor-widget-wrap elementor-element-populated\">\n\t\t\t\t\t\t<div class=\"elementor-element elementor-element-4deebff elementor-hidden-mobile elementor-widget elementor-widget-spacer\" data-id=\"4deebff\" data-element_type=\"widget\" data-widget_type=\"spacer.default\">\n\t\t\t\t<div class=\"elementor-widget-container\">\n\t\t\t\t\t<div class=\"elementor-spacer\">\n\t\t\t<div class=\"elementor-spacer-inner\"><\/div>\n\t\t<\/div>\n\t\t\t\t<\/div>\n\t\t\t\t<\/div>\n\t\t\t\t<div class=\"elementor-element elementor-element-c852f0a elementor-widget elementor-widget-heading\" data-id=\"c852f0a\" data-element_type=\"widget\" data-widget_type=\"heading.default\">\n\t\t\t\t<div class=\"elementor-widget-container\">\n\t\t\t<h2 class=\"elementor-heading-title elementor-size-default\">Gloss\u00e1rio<\/h2>\t\t<\/div>\n\t\t\t\t<\/div>\n\t\t\t\t<div class=\"elementor-element elementor-element-f5526ae animated-slow elementor-invisible elementor-widget elementor-widget-text-editor\" data-id=\"f5526ae\" data-element_type=\"widget\" data-settings=\"{&quot;_animation&quot;:&quot;fadeIn&quot;,&quot;_animation_delay&quot;:100}\" data-widget_type=\"text-editor.default\">\n\t\t\t\t<div class=\"elementor-widget-container\">\n\t\t\t\t\t\t\t<p>O Epi-Ride busca melhorar a capacidade de monitoramento, a gest\u00e3o de crises e proporcionar respostas mais efetivas \u00e0s demandas de sa\u00fade da popula\u00e7\u00e3o. Para isso, a Sala de Situa\u00e7\u00e3o de Sa\u00fade fornece este gloss\u00e1rio a fim de auxiliar os usu\u00e1rios nos conhecimentos de palavras chaves utilizadas durante o trabalho<\/p>\t\t\t\t\t\t<\/div>\n\t\t\t\t<\/div>\n\t\t\t\t\t<\/div>\n\t\t<\/div>\n\t\t\t\t\t<\/div>\n\t\t<\/section>\n\t\t\t\t<section class=\"elementor-section elementor-top-section elementor-element elementor-element-4931c13 elementor-section-boxed elementor-section-height-default elementor-section-height-default\" data-id=\"4931c13\" data-element_type=\"section\">\n\t\t\t\t\t\t<div class=\"elementor-container elementor-column-gap-default\">\n\t\t\t\t\t<div class=\"elementor-column elementor-col-100 elementor-top-column elementor-element elementor-element-5b75502\" data-id=\"5b75502\" data-element_type=\"column\">\n\t\t\t<div class=\"elementor-widget-wrap elementor-element-populated\">\n\t\t\t\t\t\t<div class=\"elementor-element elementor-element-45a992a elementor-widget elementor-widget-heading\" data-id=\"45a992a\" data-element_type=\"widget\" data-widget_type=\"heading.default\">\n\t\t\t\t<div class=\"elementor-widget-container\">\n\t\t\t<h2 class=\"elementor-heading-title elementor-size-default\">Gestao do SUS<\/h2>\t\t<\/div>\n\t\t\t\t<\/div>\n\t\t\t\t\t<\/div>\n\t\t<\/div>\n\t\t\t\t\t<\/div>\n\t\t<\/section>\n\t\t\t\t<section class=\"elementor-section elementor-top-section elementor-element elementor-element-f3d5e25 elementor-section-boxed elementor-section-height-default elementor-section-height-default\" data-id=\"f3d5e25\" data-element_type=\"section\">\n\t\t\t\t\t\t<div class=\"elementor-container elementor-column-gap-default\">\n\t\t\t\t\t<div class=\"elementor-column elementor-col-100 elementor-top-column elementor-element elementor-element-752900d\" data-id=\"752900d\" data-element_type=\"column\">\n\t\t\t<div class=\"elementor-widget-wrap elementor-element-populated\">\n\t\t\t\t\t\t<div class=\"elementor-element elementor-element-d47aa0b elementor-widget elementor-widget-htmega-accordion-addons\" data-id=\"d47aa0b\" data-element_type=\"widget\" data-widget_type=\"htmega-accordion-addons.default\">\n\t\t\t\t<div class=\"elementor-widget-container\">\n\t\t\t<div class=\"accordion\" id=\"accordionExampled47aa0b\">                            <div class=\"single_accourdion htmega-icon-align-left\">\n\n                                <div class=\"htmega-accourdion-title\">\n                                    <h2 data-toggle=\"htbcollapse\" data-target=\"#htmega-collapse1d47aa0b\" class=\"htmega-items-hedding\">Comiss\u00e3o Intergestores Tripartite (CIT) <span class=\"accourdion-icon close-accourdion\"><i class=\"fas fa-minus\"><\/i><\/span><span class=\"accourdion-icon open-accourdion\"><i class=\"fas fa-plus\"><\/i><\/span><\/h2>                                <\/div>\n\n                                <div id=\"htmega-collapse1d47aa0b\" class=\"htb-collapse htb-show\" data-parent=\"#accordionExampled47aa0b\" >\n                                    <div class=\"accordion-content\">\n                                        <p>A Comiss\u00e3o Intergestores Tripartite (CIT) \u00e9 uma inst\u00e2ncia de negocia\u00e7\u00e3o, pactua\u00e7\u00e3o e decis\u00e3o entre gestores estaduais, municipais e o governo federal. S\u00e3o compostas por representantes do Minist\u00e9rio da Sa\u00fade, das Secretarias Estaduais de Sa\u00fade e das Secretarias Municipais de Sa\u00fade. A CIT \u00e9 respons\u00e1vel por estabelecer diretrizes e pactuar pol\u00edticas, programas, projetos e metas para o SUS em n\u00edvel nacional. As atribui\u00e7\u00f5es da CIT incluem a defini\u00e7\u00e3o e pactua\u00e7\u00e3o de crit\u00e9rios de repasse de recursos financeiros federais para os estados e munic\u00edpios, a discuss\u00e3o e aprova\u00e7\u00e3o de normas e regulamentos t\u00e9cnicos, a defini\u00e7\u00e3o de pol\u00edticas de sa\u00fade, a pactua\u00e7\u00e3o de indicadores e metas para o monitoramento e avalia\u00e7\u00e3o do SUS, entre outras.<\/p><p>MS - Minist\u00e9rio da Sa\u00fade. <b>RESOLU\u00c7\u00c3O DE CONSOLIDA\u00c7\u00c3O CIT N\u00b0 1, DE 30 DE MAR\u00c7O DE 2021. <\/b>Dispon\u00edvel em: <a href=\"https:\/\/bvsms.saude.gov.br\/bvs\/saudelegis\/cit\/2021\/rsc0001_02_06_2021.html\">https:\/\/bvsms.saude.gov.br\/bvs\/saudelegis\/cit\/2021\/rsc0001_02_06_2021.html<\/a><\/p><p>\u00a0<\/p><p><a href=\"https:\/\/search.bvsalud.org\/gim\/?lang=es&amp;q=au:%22Felipe,%20Leticia%20Klima%22\">FELIPE, L. K<\/a>; <a href=\"https:\/\/search.bvsalud.org\/gim\/?lang=es&amp;q=au:%22Nunes,%20Rafael%20Zaneripe%20de%20Souza%22\">NUNES, R. Z. de S<\/a>.; <a href=\"https:\/\/search.bvsalud.org\/gim\/?lang=es&amp;q=au:%22Demarch,%20Hexael%20Borges%22\">DEMARCH, H. B<\/a>.; <a href=\"https:\/\/search.bvsalud.org\/gim\/?lang=es&amp;q=au:%22Ceretta,%20Renan%20Ant%C3%B4nio%22\">CERETTA, R. A<\/a>.; <a href=\"https:\/\/search.bvsalud.org\/gim\/?lang=es&amp;q=au:%22Ceretta,%20Luciane%20Bisognin%22\">CERETTA, L. B<\/a>.; <a href=\"https:\/\/search.bvsalud.org\/gim\/?lang=es&amp;q=au:%22Corr%C3%AAa,%20Vanessa%20Pereira%22\">CORR\u00caA, V. P<\/a>.; <a href=\"https:\/\/search.bvsalud.org\/gim\/?lang=es&amp;q=au:%22Tuon,%20Lisiane%22\">TUON, L<\/a>. <b>Centrais de Regula\u00e7\u00e3o e Cons\u00f3rcios Intermunicipais de Sa\u00fade: a Percep\u00e7\u00e3o de Gestores Catarinenses. <\/b>Revista Sa\u00fade em Redes (ISSN 2446-4813), v. 8, n. 3 (2022). DOI: 10.18310\/2446-4813.2022v8n3p73-88<\/p><p>UNASUS - Universidade Federal do Maranh\u00e3o.<b> Contexto de implanta\u00e7\u00e3o e aspectos organizacionais da gest\u00e3o do SUS<\/b>. S\u00e3o Lu\u00eds, 2016. Dispon\u00edvel em: <a href=\"https:\/\/moodle.unasus.gov.br\/vitrine29\/pluginfile.php\/2528\/mod_resource\/content\/4\/ebook\/media\/pdf\/livro_pdf.pdf\">https:\/\/moodle.unasus.gov.br\/vitrine29\/pluginfile.php\/2528\/mod_resource\/content\/4\/ebook\/media\/pdf\/livro_pdf.pdf<\/a><\/p>                                    <\/div>\n                                <\/div>\n\n                            <\/div>\n\n                                                    <div class=\"single_accourdion htmega-icon-align-left\">\n\n                                <div class=\"htmega-accourdion-title\">\n                                    <h2 data-toggle=\"htbcollapse\" data-target=\"#htmega-collapse2d47aa0b\" class=\"htb-collapsed htmega-items-hedding\">Comiss\u00e3o Intergestores Bipartite (CIB) <span class=\"accourdion-icon close-accourdion\"><i class=\"fas fa-minus\"><\/i><\/span><span class=\"accourdion-icon open-accourdion\"><i class=\"fas fa-plus\"><\/i><\/span><\/h2>                                <\/div>\n\n                                <div id=\"htmega-collapse2d47aa0b\" class=\"htb-collapse\" data-parent=\"#accordionExampled47aa0b\" >\n                                    <div class=\"accordion-content\">\n                                        <p>A Comiss\u00e3o Intergestores Bipartite (CIB) \u00e9 uma inst\u00e2ncia de negocia\u00e7\u00e3o, pactua\u00e7\u00e3o e decis\u00e3o entre gestores estaduais e municipais de sa\u00fade. S\u00e3o compostas por representantes das Secretarias Estaduais de Sa\u00fade (SES) e das Secretarias Municipais de Sa\u00fade (SMS) de determinada regi\u00e3o ou estado. A CIB \u00e9 respons\u00e1vel por pactuar as diretrizes, metas e estrat\u00e9gias para a organiza\u00e7\u00e3o e funcionamento do SUS em seu \u00e2mbito de atua\u00e7\u00e3o. Entre as principais atribui\u00e7\u00f5es da CIB, destacam-se a defini\u00e7\u00e3o de crit\u00e9rios para aloca\u00e7\u00e3o de recursos, a pactua\u00e7\u00e3o de a\u00e7\u00f5es e servi\u00e7os de sa\u00fade, a elabora\u00e7\u00e3o de planos regionais de sa\u00fade, a discuss\u00e3o e defini\u00e7\u00e3o de protocolos assistenciais e a defini\u00e7\u00e3o de crit\u00e9rios para a regionaliza\u00e7\u00e3o da sa\u00fade.<\/p><p>MS - Minist\u00e9rio da Sa\u00fade. <b>RESOLU\u00c7\u00c3O DE CONSOLIDA\u00c7\u00c3O CIT N\u00b0 1, DE 30 DE MAR\u00c7O DE 2021. <\/b>Dispon\u00edvel em: <a href=\"https:\/\/bvsms.saude.gov.br\/bvs\/saudelegis\/cit\/2021\/rsc0001_02_06_2021.html\">https:\/\/bvsms.saude.gov.br\/bvs\/saudelegis\/cit\/2021\/rsc0001_02_06_2021.html<\/a><\/p><p>\u00a0<\/p><p><a href=\"https:\/\/search.bvsalud.org\/gim\/?lang=es&amp;q=au:%22Felipe,%20Leticia%20Klima%22\">FELIPE, L. K<\/a>; <a href=\"https:\/\/search.bvsalud.org\/gim\/?lang=es&amp;q=au:%22Nunes,%20Rafael%20Zaneripe%20de%20Souza%22\">NUNES, R. Z. de S<\/a>.; <a href=\"https:\/\/search.bvsalud.org\/gim\/?lang=es&amp;q=au:%22Demarch,%20Hexael%20Borges%22\">DEMARCH, H. B<\/a>.; <a href=\"https:\/\/search.bvsalud.org\/gim\/?lang=es&amp;q=au:%22Ceretta,%20Renan%20Ant%C3%B4nio%22\">CERETTA, R. A<\/a>.; <a href=\"https:\/\/search.bvsalud.org\/gim\/?lang=es&amp;q=au:%22Ceretta,%20Luciane%20Bisognin%22\">CERETTA, L. B<\/a>.; <a href=\"https:\/\/search.bvsalud.org\/gim\/?lang=es&amp;q=au:%22Corr%C3%AAa,%20Vanessa%20Pereira%22\">CORR\u00caA, V. P<\/a>.; <a href=\"https:\/\/search.bvsalud.org\/gim\/?lang=es&amp;q=au:%22Tuon,%20Lisiane%22\">TUON, L<\/a>. <b>Centrais de Regula\u00e7\u00e3o e Cons\u00f3rcios Intermunicipais de Sa\u00fade: a Percep\u00e7\u00e3o de Gestores Catarinenses. <\/b>Revista Sa\u00fade em Redes (ISSN 2446-4813), v. 8, n. 3 (2022). DOI: 10.18310\/2446-4813.2022v8n3p73-88<\/p>                                    <\/div>\n                                <\/div>\n\n                            <\/div>\n\n                                                    <div class=\"single_accourdion htmega-icon-align-left\">\n\n                                <div class=\"htmega-accourdion-title\">\n                                    <h2 data-toggle=\"htbcollapse\" data-target=\"#htmega-collapse3d47aa0b\" class=\"htb-collapsed htmega-items-hedding\">Comiss\u00e3o Intergestores Regional (CIR) <span class=\"accourdion-icon close-accourdion\"><i class=\"fas fa-minus\"><\/i><\/span><span class=\"accourdion-icon open-accourdion\"><i class=\"fas fa-plus\"><\/i><\/span><\/h2>                                <\/div>\n\n                                <div id=\"htmega-collapse3d47aa0b\" class=\"htb-collapse\" data-parent=\"#accordionExampled47aa0b\" >\n                                    <div class=\"accordion-content\">\n                                        <p>A Comiss\u00e3o Intergestores Regional (CIR) \u00e9 uma inst\u00e2ncia de negocia\u00e7\u00e3o, pactua\u00e7\u00e3o e decis\u00e3o entre gestores municipais de sa\u00fade de uma determinada regi\u00e3o ou microrregi\u00e3o. S\u00e3o compostas pelos secret\u00e1rios municipais de sa\u00fade ou por representantes indicados pelas secretarias municipais. A CIR tem a finalidade de promover a articula\u00e7\u00e3o e a coopera\u00e7\u00e3o entre os munic\u00edpios para o planejamento e a gest\u00e3o regionalizada da sa\u00fade. Entre as atribui\u00e7\u00f5es da CIR, destacam-se a discuss\u00e3o e pactua\u00e7\u00e3o de fluxos de atendimento e refer\u00eancia, a defini\u00e7\u00e3o de crit\u00e9rios para compartilhamento de recursos e a\u00e7\u00f5es entre os munic\u00edpios, a elabora\u00e7\u00e3o de planos regionais de sa\u00fade, a discuss\u00e3o e defini\u00e7\u00e3o de estrat\u00e9gias de aten\u00e7\u00e3o b\u00e1sica e de vigil\u00e2ncia em sa\u00fade.<\/p><p>\u00a0<\/p><p><b>Refer\u00eancias:\u00a0<\/b><\/p><p>\u00a0<\/p><p>MS - Minist\u00e9rio da Sa\u00fade. <b>RESOLU\u00c7\u00c3O DE CONSOLIDA\u00c7\u00c3O CIT N\u00b0 1, DE 30 DE MAR\u00c7O DE 2021. <\/b>Dispon\u00edvel em: <a href=\"https:\/\/bvsms.saude.gov.br\/bvs\/saudelegis\/cit\/2021\/rsc0001_02_06_2021.html\">https:\/\/bvsms.saude.gov.br\/bvs\/saudelegis\/cit\/2021\/rsc0001_02_06_2021.html<\/a><\/p><p>\u00a0<\/p><p><a href=\"https:\/\/search.bvsalud.org\/gim\/?lang=es&amp;q=au:%22Felipe,%20Leticia%20Klima%22\">FELIPE, L. K<\/a>; <a href=\"https:\/\/search.bvsalud.org\/gim\/?lang=es&amp;q=au:%22Nunes,%20Rafael%20Zaneripe%20de%20Souza%22\">NUNES, R. Z. de S<\/a>.; <a href=\"https:\/\/search.bvsalud.org\/gim\/?lang=es&amp;q=au:%22Demarch,%20Hexael%20Borges%22\">DEMARCH, H. B<\/a>.; <a href=\"https:\/\/search.bvsalud.org\/gim\/?lang=es&amp;q=au:%22Ceretta,%20Renan%20Ant%C3%B4nio%22\">CERETTA, R. A<\/a>.; <a href=\"https:\/\/search.bvsalud.org\/gim\/?lang=es&amp;q=au:%22Ceretta,%20Luciane%20Bisognin%22\">CERETTA, L. B<\/a>.; <a href=\"https:\/\/search.bvsalud.org\/gim\/?lang=es&amp;q=au:%22Corr%C3%AAa,%20Vanessa%20Pereira%22\">CORR\u00caA, V. P<\/a>.; <a href=\"https:\/\/search.bvsalud.org\/gim\/?lang=es&amp;q=au:%22Tuon,%20Lisiane%22\">TUON, L<\/a>. <b>Centrais de Regula\u00e7\u00e3o e Cons\u00f3rcios Intermunicipais de Sa\u00fade: a Percep\u00e7\u00e3o de Gestores Catarinenses. <\/b>Revista Sa\u00fade em Redes (ISSN 2446-4813), v. 8, n. 3 (2022). DOI: 10.18310\/2446-4813.2022v8n3p73-88<\/p>                                    <\/div>\n                                <\/div>\n\n                            <\/div>\n\n                                                    <div class=\"single_accourdion htmega-icon-align-left\">\n\n                                <div class=\"htmega-accourdion-title\">\n                                    <h2 data-toggle=\"htbcollapse\" data-target=\"#htmega-collapse4d47aa0b\" class=\"htb-collapsed htmega-items-hedding\">Conselho Nacional de Secret\u00e1rios de Sa\u00fade (CONASS) <span class=\"accourdion-icon close-accourdion\"><i class=\"fas fa-minus\"><\/i><\/span><span class=\"accourdion-icon open-accourdion\"><i class=\"fas fa-plus\"><\/i><\/span><\/h2>                                <\/div>\n\n                                <div id=\"htmega-collapse4d47aa0b\" class=\"htb-collapse\" data-parent=\"#accordionExampled47aa0b\" >\n                                    <div class=\"accordion-content\">\n                                        <p>O Conselho Nacional de Secret\u00e1rios de Sa\u00fade (CONASS) \u00e9 uma entidade de car\u00e1ter nacional que representa os gestores estaduais de sa\u00fade do brasil que atua como um f\u00f3rum permanente de discuss\u00e3o e delibera\u00e7\u00e3o sobre pol\u00edticas e a\u00e7\u00f5es de sa\u00fade\u00a0 Foi fundado em 1982 com o objetivo de promover o fortalecimento da gest\u00e3o estadual do Sistema \u00danico de Sa\u00fade (SUS) e contribuir para a melhoria da sa\u00fade p\u00fablica no pa\u00eds.<\/p><p>Entre as principais atividades do CONASS est\u00e3o a promo\u00e7\u00e3o de debates, semin\u00e1rios e workshops sobre temas relevantes para a sa\u00fade p\u00fablica, a articula\u00e7\u00e3o com outras entidades e \u00f3rg\u00e3os governamentais, a elabora\u00e7\u00e3o de estudos e pesquisas sobre pol\u00edticas de sa\u00fade, e o apoio t\u00e9cnico e institucional aos gestores estaduais de sa\u00fade.<\/p><p>BRASIL. Minist\u00e9rio da Sa\u00fade. <b>CONASS 20 anos (2002)<\/b>. Dispon\u00edvel em: <a href=\"https:\/\/bvsms.saude.gov.br\/bvs\/publicacoes\/progestores\/20anos2.pdf\">https:\/\/bvsms.saude.gov.br\/bvs\/publicacoes\/progestores\/20anos2.pdf<\/a>.<\/p>                                    <\/div>\n                                <\/div>\n\n                            <\/div>\n\n                                                    <div class=\"single_accourdion htmega-icon-align-left\">\n\n                                <div class=\"htmega-accourdion-title\">\n                                    <h2 data-toggle=\"htbcollapse\" data-target=\"#htmega-collapse5d47aa0b\" class=\"htb-collapsed htmega-items-hedding\">Conselho Nacional de Secretarias Municipais de Sa\u00fade (CONASEMS) <span class=\"accourdion-icon close-accourdion\"><i class=\"fas fa-minus\"><\/i><\/span><span class=\"accourdion-icon open-accourdion\"><i class=\"fas fa-plus\"><\/i><\/span><\/h2>                                <\/div>\n\n                                <div id=\"htmega-collapse5d47aa0b\" class=\"htb-collapse\" data-parent=\"#accordionExampled47aa0b\" >\n                                    <div class=\"accordion-content\">\n                                        <p>O Conselho Nacional de Secretarias Municipais de Sa\u00fade (CONASEMS) \u00e9 uma entidade que representa os gestores municipais de sa\u00fade do Brasil, tem como objetivo promover o fortalecimento da gest\u00e3o municipal de sa\u00fade, por meio da articula\u00e7\u00e3o, representa\u00e7\u00e3o e defesa dos interesses dos secret\u00e1rios municipais de sa\u00fade.\u00a0<\/p><p>Entre as principais atividades do CONASEMS, est\u00e3o a organiza\u00e7\u00e3o de eventos, congressos e cursos, a publica\u00e7\u00e3o de documentos t\u00e9cnicos e orienta\u00e7\u00f5es para gestores municipais, e o desenvolvimento de parcerias com outras entidades e institui\u00e7\u00f5es do setor de sa\u00fade. O Conselho \u00e9 uma importante inst\u00e2ncia de representa\u00e7\u00e3o e defesa dos interesses dos munic\u00edpios brasileiros no \u00e2mbito nacional.<\/p><p>CONASEMS - Conselho dos Secret\u00e1rios Municipais de Sa\u00fade. <b>Manual do Gestor Municipal do SUS. Di\u00e1logos do cotidiano<\/b>. Bras\u00edlia, 2021. Dispon\u00edvel em: <a href=\"https:\/\/conasems-ava-prod.s3.sa-east-1.amazonaws.com\/institucional\/wpcontent\/2021\/02\/manual_do_gestor_2021_F02.pdf\">https:\/\/conasems-ava-prod.s3.sa-east-1.amazonaws.com\/institucional\/wpcontent\/2021\/02\/manual_do_gestor_2021_F02.pdf<\/a><\/p>                                    <\/div>\n                                <\/div>\n\n                            <\/div>\n\n                                                    <div class=\"single_accourdion htmega-icon-align-left\">\n\n                                <div class=\"htmega-accourdion-title\">\n                                    <h2 data-toggle=\"htbcollapse\" data-target=\"#htmega-collapse6d47aa0b\" class=\"htb-collapsed htmega-items-hedding\">Conselho de Secretarias Municipais de Sa\u00fade (COSEMS) <span class=\"accourdion-icon close-accourdion\"><i class=\"fas fa-minus\"><\/i><\/span><span class=\"accourdion-icon open-accourdion\"><i class=\"fas fa-plus\"><\/i><\/span><\/h2>                                <\/div>\n\n                                <div id=\"htmega-collapse6d47aa0b\" class=\"htb-collapse\" data-parent=\"#accordionExampled47aa0b\" >\n                                    <div class=\"accordion-content\">\n                                        <p>O Conselho de Secretarias Municipais de Sa\u00fade (COSEMS), \u00e9 uma entidade que representa as secretarias municipais de sa\u00fade de cada estado brasileiro. Tem como objetivo promover o fortalecimento da gest\u00e3o municipal do SUS e aprimorar as pol\u00edticas p\u00fablicas de sa\u00fade no \u00e2mbito municipal.<\/p><p>\u00c9 respons\u00e1vel por fomentar a\u00e7\u00f5es e estrat\u00e9gias que garantam a universaliza\u00e7\u00e3o, a integralidade e a equidade do acesso aos servi\u00e7os de sa\u00fade, com a\u00e7\u00f5es voltadas para a promo\u00e7\u00e3o, preven\u00e7\u00e3o e assist\u00eancia em sa\u00fade, al\u00e9m da articula\u00e7\u00e3o com as demais inst\u00e2ncias do SUS.<\/p><p>Entre as principais atividades do COSEMS est\u00e3o o apoio t\u00e9cnico aos munic\u00edpios na elabora\u00e7\u00e3o e implanta\u00e7\u00e3o de planos de sa\u00fade locais, a realiza\u00e7\u00e3o de eventos, semin\u00e1rios, congressos e capacita\u00e7\u00f5es para os gestores municipais, e a articula\u00e7\u00e3o com outros \u00f3rg\u00e3os e entidades para a defesa dos interesses dos munic\u00edpios no \u00e2mbito da sa\u00fade p\u00fablica.<\/p><p>COSEMS\/GO - Conselho de Secretarias Municipais de Sa\u00fade do Estado de Goi\u00e1s. <b>Folder: Acolhimento Gestores Municipais de Sa\u00fade 2021. <\/b>Dispon\u00edvel em: <a href=\"https:\/\/cosemsgo.org.br\/eventos\/wp-content\/uploads\/2021\/01\/Folder-O-que-e-o-Cosems-Acolhimento-Gestores-2021.pdf\">https:\/\/cosemsgo.org.br\/eventos\/wp-content\/uploads\/2021\/01\/Folder-O-que-e-o-Cosems-Acolhimento-Gestores-2021.pdf<\/a><\/p>                                    <\/div>\n                                <\/div>\n\n                            <\/div>\n\n                        <\/div>\t\t<\/div>\n\t\t\t\t<\/div>\n\t\t\t\t\t<\/div>\n\t\t<\/div>\n\t\t\t\t\t<\/div>\n\t\t<\/section>\n\t\t\t\t<\/div>","protected":false},"excerpt":{"rendered":"<p>Gloss\u00e1rio O Epi-Ride busca melhorar a capacidade de monitoramento, a gest\u00e3o de crises e proporcionar respostas mais efetivas \u00e0s demandas de sa\u00fade da popula\u00e7\u00e3o. Para isso, a Sala de Situa\u00e7\u00e3o de Sa\u00fade fornece este gloss\u00e1rio a fim de auxiliar os usu\u00e1rios nos conhecimentos de palavras chaves utilizadas durante o trabalho Gestao do SUS Comiss\u00e3o Intergestores Tripartite (CIT) A Comiss\u00e3o Intergestores Tripartite (CIT) \u00e9 uma inst\u00e2ncia de&hellip;<\/p>\n<p> <a class=\"more-link\" href=\"https:\/\/sds.unb.br\/es\/home-2\/nossos-projetos\/epiride\/epi-ride-glossario\/glossariogestaosus\/\">Leer m\u00e1s<\/a><\/p>","protected":false},"author":31,"featured_media":0,"parent":32433,"menu_order":0,"comment_status":"closed","ping_status":"closed","template":"","meta":{"footnotes":""},"tnc_tax_1420":[],"folder":[326],"class_list":["post-32388","page","type-page","status-publish"],"_links":{"self":[{"href":"https:\/\/sds.unb.br\/es\/wp-json\/wp\/v2\/pages\/32388","targetHints":{"allow":["GET"]}}],"collection":[{"href":"https:\/\/sds.unb.br\/es\/wp-json\/wp\/v2\/pages"}],"about":[{"href":"https:\/\/sds.unb.br\/es\/wp-json\/wp\/v2\/types\/page"}],"author":[{"embeddable":true,"href":"https:\/\/sds.unb.br\/es\/wp-json\/wp\/v2\/users\/31"}],"replies":[{"embeddable":true,"href":"https:\/\/sds.unb.br\/es\/wp-json\/wp\/v2\/comments?post=32388"}],"version-history":[{"count":19,"href":"https:\/\/sds.unb.br\/es\/wp-json\/wp\/v2\/pages\/32388\/revisions"}],"predecessor-version":[{"id":33689,"href":"https:\/\/sds.unb.br\/es\/wp-json\/wp\/v2\/pages\/32388\/revisions\/33689"}],"up":[{"embeddable":true,"href":"https:\/\/sds.unb.br\/es\/wp-json\/wp\/v2\/pages\/32433"}],"wp:attachment":[{"href":"https:\/\/sds.unb.br\/es\/wp-json\/wp\/v2\/media?parent=32388"}],"wp:term":[{"taxonomy":"tnc_tax_1420","embeddable":true,"href":"https:\/\/sds.unb.br\/es\/wp-json\/wp\/v2\/tnc_tax_1420?post=32388"},{"taxonomy":"folder","embeddable":true,"href":"https:\/\/sds.unb.br\/es\/wp-json\/wp\/v2\/folder?post=32388"}],"curies":[{"name":"wp","href":"https:\/\/api.w.org\/{rel}","templated":true}]}}