{"id":31971,"date":"2025-10-10T13:36:30","date_gmt":"2025-10-10T16:36:30","guid":{"rendered":"https:\/\/sds.unb.br\/?page_id=31971"},"modified":"2025-10-10T13:44:46","modified_gmt":"2025-10-10T16:44:46","slug":"cooperemanutencao","status":"publish","type":"page","link":"https:\/\/sds.unb.br\/es\/cooperemanutencao\/","title":{"rendered":"Coopere em manuten\u00e7\u00e3o"},"content":{"rendered":"<div data-elementor-type=\"wp-page\" data-elementor-id=\"31971\" class=\"elementor elementor-31971\">\n\t\t\t\t\t\t<section class=\"elementor-section elementor-top-section elementor-element elementor-element-e2f7489 elementor-section-boxed elementor-section-height-default elementor-section-height-default\" data-id=\"e2f7489\" data-element_type=\"section\">\n\t\t\t\t\t\t<div class=\"elementor-container elementor-column-gap-default\">\n\t\t\t\t\t<div class=\"elementor-column elementor-col-100 elementor-top-column elementor-element elementor-element-cbd6fcd\" data-id=\"cbd6fcd\" data-element_type=\"column\">\n\t\t\t<div class=\"elementor-widget-wrap elementor-element-populated\">\n\t\t\t\t\t\t<div class=\"elementor-element elementor-element-ce9fb11 elementor-widget elementor-widget-image\" data-id=\"ce9fb11\" data-element_type=\"widget\" data-widget_type=\"image.default\">\n\t\t\t\t<div class=\"elementor-widget-container\">\n\t\t\t\t\t\t\t\t\t\t\t\t\t<img fetchpriority=\"high\" decoding=\"async\" width=\"731\" height=\"410\" src=\"https:\/\/sds.unb.br\/wp-content\/uploads\/2025\/10\/coopere_bg.png\" class=\"attachment-large size-large wp-image-38583\" alt=\"\" srcset=\"https:\/\/sds.unb.br\/wp-content\/uploads\/2025\/10\/coopere_bg.png 731w, https:\/\/sds.unb.br\/wp-content\/uploads\/2025\/10\/coopere_bg-300x168.png 300w, https:\/\/sds.unb.br\/wp-content\/uploads\/2025\/10\/coopere_bg-18x10.png 18w, https:\/\/sds.unb.br\/wp-content\/uploads\/2025\/10\/coopere_bg-205x115.png 205w, https:\/\/sds.unb.br\/wp-content\/uploads\/2025\/10\/coopere_bg-480x269.png 480w, https:\/\/sds.unb.br\/wp-content\/uploads\/2025\/10\/elementor\/thumbs\/coopere_bg-150x150.png 730w\" sizes=\"(max-width: 731px) 100vw, 731px\" \/>\t\t\t\t\t\t\t\t\t\t\t\t\t<\/div>\n\t\t\t\t<\/div>\n\t\t\t\t\t<\/div>\n\t\t<\/div>\n\t\t\t\t\t<\/div>\n\t\t<\/section>\n\t\t\t\t<section class=\"elementor-section elementor-top-section elementor-element elementor-element-0d53df5 elementor-section-boxed elementor-section-height-default elementor-section-height-default\" data-id=\"0d53df5\" data-element_type=\"section\">\n\t\t\t\t\t\t<div class=\"elementor-container elementor-column-gap-default\">\n\t\t\t\t\t<div class=\"elementor-column elementor-col-100 elementor-top-column elementor-element elementor-element-e51bc5b\" data-id=\"e51bc5b\" data-element_type=\"column\">\n\t\t\t<div class=\"elementor-widget-wrap elementor-element-populated\">\n\t\t\t\t\t\t<div class=\"elementor-element elementor-element-ddcc09e elementor-widget elementor-widget-heading\" data-id=\"ddcc09e\" data-element_type=\"widget\" data-widget_type=\"heading.default\">\n\t\t\t\t<div class=\"elementor-widget-container\">\n\t\t\t<h2 class=\"elementor-heading-title elementor-size-default\">Desculpe o inconveniente, a plataforma Coopere est\u00e1 em manuten\u00e7\u00e3o!<br><br>Previs\u00e3o de retorno \u00e0s 17h.<\/h2>\t\t<\/div>\n\t\t\t\t<\/div>\n\t\t\t\t\t<\/div>\n\t\t<\/div>\n\t\t\t\t\t<\/div>\n\t\t<\/section>\n\t\t\t\t<\/div>","protected":false},"excerpt":{"rendered":"<p>Desculpe o inconveniente, a plataforma Coopere est\u00e1 em manuten\u00e7\u00e3o! Previs\u00e3o de retorno \u00e0s 17h.<\/p>","protected":false},"author":20,"featured_media":38526,"parent":0,"menu_order":0,"comment_status":"closed","ping_status":"closed","template":"","meta":{"footnotes":""},"tnc_tax_1420":[],"folder":[],"class_list":["post-31971","page","type-page","status-publish","has-post-thumbnail"],"_links":{"self":[{"href":"https:\/\/sds.unb.br\/es\/wp-json\/wp\/v2\/pages\/31971","targetHints":{"allow":["GET"]}}],"collection":[{"href":"https:\/\/sds.unb.br\/es\/wp-json\/wp\/v2\/pages"}],"about":[{"href":"https:\/\/sds.unb.br\/es\/wp-json\/wp\/v2\/types\/page"}],"author":[{"embeddable":true,"href":"https:\/\/sds.unb.br\/es\/wp-json\/wp\/v2\/users\/20"}],"replies":[{"embeddable":true,"href":"https:\/\/sds.unb.br\/es\/wp-json\/wp\/v2\/comments?post=31971"}],"version-history":[{"count":14,"href":"https:\/\/sds.unb.br\/es\/wp-json\/wp\/v2\/pages\/31971\/revisions"}],"predecessor-version":[{"id":38593,"href":"https:\/\/sds.unb.br\/es\/wp-json\/wp\/v2\/pages\/31971\/revisions\/38593"}],"wp:featuredmedia":[{"embeddable":true,"href":"https:\/\/sds.unb.br\/es\/wp-json\/wp\/v2\/media\/38526"}],"wp:attachment":[{"href":"https:\/\/sds.unb.br\/es\/wp-json\/wp\/v2\/media?parent=31971"}],"wp:term":[{"taxonomy":"tnc_tax_1420","embeddable":true,"href":"https:\/\/sds.unb.br\/es\/wp-json\/wp\/v2\/tnc_tax_1420?post=31971"},{"taxonomy":"folder","embeddable":true,"href":"https:\/\/sds.unb.br\/es\/wp-json\/wp\/v2\/folder?post=31971"}],"curies":[{"name":"wp","href":"https:\/\/api.w.org\/{rel}","templated":true}]}}