{"id":31081,"date":"2023-01-17T08:59:28","date_gmt":"2023-01-17T11:59:28","guid":{"rendered":"https:\/\/sds.unb.br\/?page_id=31081"},"modified":"2025-10-14T15:04:26","modified_gmt":"2025-10-14T18:04:26","slug":"quem-somos","status":"publish","type":"page","link":"https:\/\/sds.unb.br\/es\/home-2\/quem-somos\/","title":{"rendered":"QuemSomos"},"content":{"rendered":"<div data-elementor-type=\"wp-page\" data-elementor-id=\"31081\" class=\"elementor elementor-31081\">\n\t\t\t\t\t\t<section class=\"elementor-section elementor-top-section elementor-element elementor-element-9fac436 elementor-section-stretched elementor-section-boxed elementor-section-height-default elementor-section-height-default\" data-id=\"9fac436\" data-element_type=\"section\" data-settings=\"{&quot;stretch_section&quot;:&quot;section-stretched&quot;,&quot;background_background&quot;:&quot;classic&quot;}\">\n\t\t\t\t\t\t<div class=\"elementor-container elementor-column-gap-default\">\n\t\t\t\t\t<div class=\"elementor-column elementor-col-100 elementor-top-column elementor-element elementor-element-81f58ed\" data-id=\"81f58ed\" data-element_type=\"column\">\n\t\t\t<div class=\"elementor-widget-wrap elementor-element-populated\">\n\t\t\t\t\t\t<div class=\"elementor-element elementor-element-76d67cd elementor-widget elementor-widget-heading\" data-id=\"76d67cd\" data-element_type=\"widget\" data-widget_type=\"heading.default\">\n\t\t\t\t<div class=\"elementor-widget-container\">\n\t\t\t<h2 class=\"elementor-heading-title elementor-size-default\">Quienes somos<\/h2>\t\t<\/div>\n\t\t\t\t<\/div>\n\t\t\t\t\t<\/div>\n\t\t<\/div>\n\t\t\t\t\t<\/div>\n\t\t<\/section>\n\t\t\t\t<section class=\"elementor-section elementor-top-section elementor-element elementor-element-ad7f07c elementor-section-boxed elementor-section-height-default elementor-section-height-default\" data-id=\"ad7f07c\" data-element_type=\"section\">\n\t\t\t\t\t\t<div class=\"elementor-container elementor-column-gap-default\">\n\t\t\t\t\t<div class=\"elementor-column elementor-col-100 elementor-top-column elementor-element elementor-element-181ea9d\" data-id=\"181ea9d\" data-element_type=\"column\">\n\t\t\t<div class=\"elementor-widget-wrap elementor-element-populated\">\n\t\t\t\t\t\t<div class=\"elementor-element elementor-element-1507a85 elementor-align-left elementor-widget__width-initial elementor-widget elementor-widget-button\" data-id=\"1507a85\" data-element_type=\"widget\" data-widget_type=\"button.default\">\n\t\t\t\t<div class=\"elementor-widget-container\">\n\t\t\t\t\t<div class=\"elementor-button-wrapper\">\n\t\t\t<a class=\"elementor-button elementor-button-link elementor-size-sm elementor-animation-grow\" href=\"https:\/\/sds.unb.br\/es\/colaboradores\/\">\n\t\t\t\t\t\t<span class=\"elementor-button-content-wrapper\">\n\t\t\t\t\t\t\t\t\t<span class=\"elementor-button-text\">CONHE\u00c7A NOSSO TIME<\/span>\n\t\t\t\t\t<\/span>\n\t\t\t\t\t<\/a>\n\t\t<\/div>\n\t\t\t\t<\/div>\n\t\t\t\t<\/div>\n\t\t\t\t\t<\/div>\n\t\t<\/div>\n\t\t\t\t\t<\/div>\n\t\t<\/section>\n\t\t\t\t<section class=\"elementor-section elementor-top-section elementor-element elementor-element-d190824 elementor-section-boxed elementor-section-height-default elementor-section-height-default\" data-id=\"d190824\" data-element_type=\"section\">\n\t\t\t\t\t\t<div class=\"elementor-container elementor-column-gap-default\">\n\t\t\t\t\t<div class=\"elementor-column elementor-col-100 elementor-top-column elementor-element elementor-element-f189107\" data-id=\"f189107\" data-element_type=\"column\">\n\t\t\t<div class=\"elementor-widget-wrap elementor-element-populated\">\n\t\t\t\t\t\t<div class=\"elementor-element elementor-element-cab4992 elementor-widget__width-initial elementor-widget elementor-widget-text-editor\" data-id=\"cab4992\" data-element_type=\"widget\" data-widget_type=\"text-editor.default\">\n\t\t\t\t<div class=\"elementor-widget-container\">\n\t\t\t\t\t\t\t<p class=\"has-custom-size\">Somos um ambiente para aproximar os <strong>estudantes, professores, colaboradores e profissionais de sa\u00fade<\/strong> a participarem desse processo de <strong>ensino-aprendizagem<\/strong> dos saberes te\u00f3ricos e pr\u00e1ticos de forma<strong> multidisciplinar<\/strong>, atrav\u00e9s da constru\u00e7\u00e3o de conhecimento coletivo.<\/p><p class=\"has-custom-size\">Colaboramos para a constru\u00e7\u00e3o de vis\u00f5es cr\u00edticas, pr\u00e1ticas integradas e, interdisciplinares sobre complexidade da sa\u00fade, seja ela nos campos social, econ\u00f4mico, epidemiol\u00f3gico ou cultural. Sendo uma importante <strong>estrat\u00e9gia de an\u00e1lises e sistematiza\u00e7\u00e3o dos dados<\/strong> relacionados \u00e0 sa\u00fade, nos diversos n\u00edveis de gest\u00e3o em sa\u00fade.<\/p><p class=\"has-custom-size\">A Sala de Situa\u00e7\u00e3o em Sa\u00fade (SDS) foi criada em agosto de 2017, a partir de um Projeto de Extens\u00e3o nomeado \u201cFS Saud\u00e1vel\u201d. Coordenada pelo Prof. Dr. Jonas Brant, que atua tamb\u00e9m como professor no Departamento de Sa\u00fade Coletiva e sub coordenada pela Dra. Marcela Santos, auxiliando os estagi\u00e1rios e colaborando para a forma\u00e7\u00e3o dos estudantes.<\/p><p class=\"has-custom-size\">A Sala de Situa\u00e7\u00e3o tem como objetivo apoiar no <strong>monitoramento, an\u00e1lise e defini\u00e7\u00e3o de a\u00e7\u00f5es em sa\u00fade<\/strong> junto aos estudantes e gestores em sa\u00fade na tomada de decis\u00e3o, visando ser uma refer\u00eancia nacional e internacional. Para o enfrentamento de cen\u00e1rio de crise, a SDS est\u00e1 fundamentada em quatro eixos: <strong>Gest\u00e3o, Comunica\u00e7\u00e3o, Vigil\u00e2ncia e Tecnologia da Informa\u00e7\u00e3o.<\/strong>\u00a0 Cada um deles \u00e9 composto por equipes que atuam de forma remota e\/ou presencial.<\/p><p class=\"has-custom-size\">Temos a miss\u00e3o de ser um espa\u00e7o de <strong>suporte pedag\u00f3gico e tecnol\u00f3gico para ensino, pesquisa e extens\u00e3o,<\/strong> que permita uma melhor caracteriza\u00e7\u00e3o e intera\u00e7\u00e3o entre diferentes atores institucionais e a realidade epidemiol\u00f3gica e tecnol\u00f3gica do Sistema \u00danico de Sa\u00fade (SUS).<\/p><p class=\"has-custom-size\">Atuando como um laborat\u00f3rio <strong>transdisciplinar<\/strong> de \u00e1reas como sa\u00fade, educa\u00e7\u00e3o e tecnologia, buscando estabelecer parcerias com demais institutos e faculdades da UnB, bem como com institui\u00e7\u00f5es do Brasil e exterior, provendo a comunidade acad\u00eamica com melhores oportunidades e meios para ensino, pesquisa e extens\u00e3o em sa\u00fade. Tornando-se refer\u00eancia em aprendizagem profissional e cria\u00e7\u00e3o de salas semelhantes, com interdisciplinaridade, coopera\u00e7\u00e3o, qualidade e transpar\u00eancia.<\/p>\t\t\t\t\t\t<\/div>\n\t\t\t\t<\/div>\n\t\t\t\t\t<\/div>\n\t\t<\/div>\n\t\t\t\t\t<\/div>\n\t\t<\/section>\n\t\t\t\t<\/div>","protected":false},"excerpt":{"rendered":"<p>Quem Somos CONHE\u00c7A NOSSO TIME Somos um ambiente para aproximar os estudantes, professores, colaboradores e profissionais de sa\u00fade a participarem desse processo de ensino-aprendizagem dos saberes te\u00f3ricos e pr\u00e1ticos de forma multidisciplinar, atrav\u00e9s da constru\u00e7\u00e3o de conhecimento coletivo. Colaboramos para a constru\u00e7\u00e3o de vis\u00f5es cr\u00edticas, pr\u00e1ticas integradas e, interdisciplinares sobre complexidade da sa\u00fade, seja ela nos campos social, econ\u00f4mico, epidemiol\u00f3gico ou cultural. Sendo uma importante estrat\u00e9gia&hellip;<\/p>\n<p> <a class=\"more-link\" href=\"https:\/\/sds.unb.br\/es\/home-2\/quem-somos\/\">Leer m\u00e1s<\/a><\/p>","protected":false},"author":31,"featured_media":0,"parent":33705,"menu_order":0,"comment_status":"closed","ping_status":"closed","template":"","meta":{"footnotes":""},"tnc_tax_1420":[],"folder":[],"class_list":["post-31081","page","type-page","status-publish"],"_links":{"self":[{"href":"https:\/\/sds.unb.br\/es\/wp-json\/wp\/v2\/pages\/31081","targetHints":{"allow":["GET"]}}],"collection":[{"href":"https:\/\/sds.unb.br\/es\/wp-json\/wp\/v2\/pages"}],"about":[{"href":"https:\/\/sds.unb.br\/es\/wp-json\/wp\/v2\/types\/page"}],"author":[{"embeddable":true,"href":"https:\/\/sds.unb.br\/es\/wp-json\/wp\/v2\/users\/31"}],"replies":[{"embeddable":true,"href":"https:\/\/sds.unb.br\/es\/wp-json\/wp\/v2\/comments?post=31081"}],"version-history":[{"count":74,"href":"https:\/\/sds.unb.br\/es\/wp-json\/wp\/v2\/pages\/31081\/revisions"}],"predecessor-version":[{"id":38751,"href":"https:\/\/sds.unb.br\/es\/wp-json\/wp\/v2\/pages\/31081\/revisions\/38751"}],"up":[{"embeddable":true,"href":"https:\/\/sds.unb.br\/es\/wp-json\/wp\/v2\/pages\/33705"}],"wp:attachment":[{"href":"https:\/\/sds.unb.br\/es\/wp-json\/wp\/v2\/media?parent=31081"}],"wp:term":[{"taxonomy":"tnc_tax_1420","embeddable":true,"href":"https:\/\/sds.unb.br\/es\/wp-json\/wp\/v2\/tnc_tax_1420?post=31081"},{"taxonomy":"folder","embeddable":true,"href":"https:\/\/sds.unb.br\/es\/wp-json\/wp\/v2\/folder?post=31081"}],"curies":[{"name":"wp","href":"https:\/\/api.w.org\/{rel}","templated":true}]}}