{"id":30994,"date":"2023-01-16T12:36:46","date_gmt":"2023-01-16T15:36:46","guid":{"rendered":"https:\/\/sds.unb.br\/?page_id=30994"},"modified":"2024-10-30T18:49:22","modified_gmt":"2024-10-30T21:49:22","slug":"dant-repositorio-de-dados","status":"publish","type":"page","link":"https:\/\/sds.unb.br\/es\/home-2\/nossos-projetos\/dant\/dant-repositorio-de-dados\/","title":{"rendered":"dant-repositorio-de-dados"},"content":{"rendered":"<div data-elementor-type=\"wp-page\" data-elementor-id=\"30994\" class=\"elementor elementor-30994\">\n\t\t\t\t\t\t<section class=\"elementor-section elementor-top-section elementor-element elementor-element-42fb934a elementor-section-boxed elementor-section-height-default elementor-section-height-default\" data-id=\"42fb934a\" data-element_type=\"section\">\n\t\t\t\t\t\t<div class=\"elementor-container elementor-column-gap-default\">\n\t\t\t\t\t<div class=\"elementor-column elementor-col-100 elementor-top-column elementor-element elementor-element-3b5db58f\" data-id=\"3b5db58f\" data-element_type=\"column\">\n\t\t\t<div class=\"elementor-widget-wrap elementor-element-populated\">\n\t\t\t\t\t\t<div class=\"elementor-element elementor-element-3870e647 elementor-widget elementor-widget-text-editor\" data-id=\"3870e647\" data-element_type=\"widget\" data-widget_type=\"text-editor.default\">\n\t\t\t\t<div class=\"elementor-widget-container\">\n\t\t\t\t\t\t\t<!-- wp:paragraph {\"kioblocks\":[]} -->\n<p><\/p>\n<!-- \/wp:paragraph -->\t\t\t\t\t\t<\/div>\n\t\t\t\t<\/div>\n\t\t\t\t\t<\/div>\n\t\t<\/div>\n\t\t\t\t\t<\/div>\n\t\t<\/section>\n\t\t\t\t<section class=\"elementor-section elementor-top-section elementor-element elementor-element-fe1ce74 elementor-section-boxed elementor-section-height-default elementor-section-height-default\" data-id=\"fe1ce74\" data-element_type=\"section\" data-settings=\"{&quot;background_background&quot;:&quot;classic&quot;}\">\n\t\t\t\t\t\t\t<div class=\"elementor-background-overlay\"><\/div>\n\t\t\t\t\t\t\t<div class=\"elementor-container elementor-column-gap-default\">\n\t\t\t\t\t<div class=\"elementor-column elementor-col-100 elementor-top-column elementor-element elementor-element-f62ea6b\" data-id=\"f62ea6b\" data-element_type=\"column\">\n\t\t\t<div class=\"elementor-widget-wrap elementor-element-populated\">\n\t\t\t\t\t\t<div class=\"elementor-element elementor-element-3af48c6 elementor-widget elementor-widget-image\" data-id=\"3af48c6\" data-element_type=\"widget\" data-widget_type=\"image.default\">\n\t\t\t\t<div class=\"elementor-widget-container\">\n\t\t\t\t\t\t\t\t\t\t\t\t\t<img fetchpriority=\"high\" decoding=\"async\" width=\"800\" height=\"334\" src=\"https:\/\/sds.unb.br\/wp-content\/uploads\/2023\/01\/logoDant3-1024x427.png\" class=\"attachment-large size-large wp-image-31310\" alt=\"\" srcset=\"https:\/\/sds.unb.br\/wp-content\/uploads\/2023\/01\/logoDant3-1024x427.png 1024w, https:\/\/sds.unb.br\/wp-content\/uploads\/2023\/01\/logoDant3-300x125.png 300w, https:\/\/sds.unb.br\/wp-content\/uploads\/2023\/01\/logoDant3-768x320.png 768w, https:\/\/sds.unb.br\/wp-content\/uploads\/2023\/01\/logoDant3-1536x640.png 1536w, https:\/\/sds.unb.br\/wp-content\/uploads\/2023\/01\/logoDant3-18x8.png 18w, https:\/\/sds.unb.br\/wp-content\/uploads\/2023\/01\/logoDant3-205x85.png 205w, https:\/\/sds.unb.br\/wp-content\/uploads\/2023\/01\/logoDant3-480x200.png 480w, https:\/\/sds.unb.br\/wp-content\/uploads\/2023\/01\/logoDant3.png 1920w\" sizes=\"(max-width: 800px) 100vw, 800px\" \/>\t\t\t\t\t\t\t\t\t\t\t\t\t<\/div>\n\t\t\t\t<\/div>\n\t\t\t\t<div class=\"elementor-element elementor-element-524a1d6 elementor-widget elementor-widget-heading\" data-id=\"524a1d6\" data-element_type=\"widget\" data-widget_type=\"heading.default\">\n\t\t\t\t<div class=\"elementor-widget-container\">\n\t\t\t<h2 class=\"elementor-heading-title elementor-size-default\">Reposit\u00f3rio de dados<\/h2>\t\t<\/div>\n\t\t\t\t<\/div>\n\t\t\t\t\t<\/div>\n\t\t<\/div>\n\t\t\t\t\t<\/div>\n\t\t<\/section>\n\t\t\t\t<section class=\"elementor-section elementor-top-section elementor-element elementor-element-50deb96 elementor-section-boxed elementor-section-height-default elementor-section-height-default\" data-id=\"50deb96\" data-element_type=\"section\">\n\t\t\t\t\t\t<div class=\"elementor-container elementor-column-gap-default\">\n\t\t\t\t\t<div class=\"elementor-column elementor-col-100 elementor-top-column elementor-element elementor-element-0a4f85d\" data-id=\"0a4f85d\" data-element_type=\"column\">\n\t\t\t<div class=\"elementor-widget-wrap elementor-element-populated\">\n\t\t\t\t\t\t<div class=\"elementor-element elementor-element-8503b6b elementor-tabs-alignment-stretch elementor-tabs-view-horizontal elementor-widget elementor-widget-tabs\" data-id=\"8503b6b\" data-element_type=\"widget\" data-widget_type=\"tabs.default\">\n\t\t\t\t<div class=\"elementor-widget-container\">\n\t\t\t\t\t<div class=\"elementor-tabs\">\n\t\t\t<div class=\"elementor-tabs-wrapper\" role=\"tablist\" >\n\t\t\t\t\t\t\t\t\t<div id=\"elementor-tab-title-1391\" class=\"elementor-tab-title elementor-tab-desktop-title\" aria-selected=\"true\" data-tab=\"1\" role=\"tab\" tabindex=\"0\" aria-controls=\"elementor-tab-content-1391\" aria-expanded=\"false\">Comunica\u00e7\u00e3o em Sa\u00fade<\/div>\n\t\t\t\t\t\t\t\t\t<div id=\"elementor-tab-title-1392\" class=\"elementor-tab-title elementor-tab-desktop-title\" aria-selected=\"false\" data-tab=\"2\" role=\"tab\" tabindex=\"-1\" aria-controls=\"elementor-tab-content-1392\" aria-expanded=\"false\">Vigil\u00e2ncia em sa\u00fade e aten\u00e7\u00e3o \u00e0 sa\u00fade<\/div>\n\t\t\t\t\t\t\t<\/div>\n\t\t\t<div class=\"elementor-tabs-content-wrapper\" role=\"tablist\" aria-orientation=\"vertical\">\n\t\t\t\t\t\t\t\t\t<div class=\"elementor-tab-title elementor-tab-mobile-title\" aria-selected=\"true\" data-tab=\"1\" role=\"tab\" tabindex=\"0\" aria-controls=\"elementor-tab-content-1391\" aria-expanded=\"false\">Comunica\u00e7\u00e3o em Sa\u00fade<\/div>\n\t\t\t\t\t<div id=\"elementor-tab-content-1391\" class=\"elementor-tab-content elementor-clearfix\" data-tab=\"1\" role=\"tabpanel\" aria-labelledby=\"elementor-tab-title-1391\" tabindex=\"0\" hidden=\"false\"><p><a href=\"https:\/\/www.forumdcnts.org\/post\/linguagem-importa\">Linguagem importa! Atualiza\u00e7\u00e3o de Linguagem para Diabetes, Obesidade e outras condi\u00e7\u00f5es cr\u00f4nicas  de sa\u00fade <br><\/a><\/p>\n<p><a href=\"https:\/\/www.forumdcnts.org\/post\/linguagem-importa\">CONASS debate &#8211; Que sa\u00fade voc\u00ea v\u00ea? <br><\/a><\/p>\n<p><a href=\"https:\/\/drive.google.com\/drive\/u\/6\/folders\/1f21x1mbaDjWzL6_xxeglozoasjBRpT9B\">&#8220;Inova\u00e7\u00f5es na Aten\u00e7\u00e3o Prim\u00e1ria em Sa\u00fade: o uso de ferramentas de<br>tecnologia de comunica\u00e7\u00e3o e informa\u00e7\u00e3o para apoio \u00e0 gest\u00e3o local&#8221; <br><\/a><\/p>\n<p><a href=\"https:\/\/drive.google.com\/drive\/u\/6\/folders\/1f21x1mbaDjWzL6_xxeglozoasjBRpT9B\">&#8220;Os 12 eixos da comunica\u00e7\u00e3o combinada para a sa\u00fade p\u00fablica municipal:<br>uma proposta&#8221; <br><\/a><\/p>\n<p><a href=\"https:\/\/drive.google.com\/drive\/u\/6\/folders\/1f21x1mbaDjWzL6_xxeglozoasjBRpT9B\">&#8220;Sa\u00fade p\u00fablica e comunica\u00e7\u00e3o: impasses do SUS \u00e0 luz da forma\u00e7\u00e3o<br>democr\u00e1tica da opini\u00e3o p\u00fablica&#8221;<\/a><\/p>\n<p><a href=\"https:\/\/www.who.int\/publications\/i\/item\/9789240055339\">Desenvolvimento da alfabetiza\u00e7\u00e3o em sa\u00fade para a preven\u00e7\u00e3o e controle de doen\u00e7as n\u00e3o transmiss\u00edveis: Volume 1. Vis\u00e3o geral\t\t<\/a><\/p>\n<p><a href=\"https:\/\/www.who.int\/publications\/i\/item\/9789240055353\">Desenvolvimento da alfabetiza\u00e7\u00e3o em sa\u00fade para a preven\u00e7\u00e3o e controle de doen\u00e7as n\u00e3o transmiss\u00edveis: Volume 2. Uma perspectiva globalmente relevante<\/a><\/p><p><a href=\"https:\/\/www.who.int\/publications\/i\/item\/9789240055377\">Desenvolvimento da alfabetiza\u00e7\u00e3o em sa\u00fade para a preven\u00e7\u00e3o e controle de doen\u00e7as n\u00e3o transmiss\u00edveis: Volume 3. A\u00e7\u00f5es recomendadas<\/a><\/p><p><a href=\"https:\/\/www.who.int\/publications\/i\/item\/9789240055391\">Desenvolvimento da alfabetiza\u00e7\u00e3o em sa\u00fade para a preven\u00e7\u00e3o e controle de doen\u00e7as n\u00e3o transmiss\u00edveis: Volume 4. Estudos de caso dos Projetos de Demonstra\u00e7\u00e3o de Alfabetiza\u00e7\u00e3o Nacional em Sa\u00fade da OMS<\/a><\/p><\/div>\n\t\t\t\t\t\t\t\t\t<div class=\"elementor-tab-title elementor-tab-mobile-title\" aria-selected=\"false\" data-tab=\"2\" role=\"tab\" tabindex=\"-1\" aria-controls=\"elementor-tab-content-1392\" aria-expanded=\"false\">Vigil\u00e2ncia em sa\u00fade e aten\u00e7\u00e3o \u00e0 sa\u00fade<\/div>\n\t\t\t\t\t<div id=\"elementor-tab-content-1392\" class=\"elementor-tab-content elementor-clearfix\" data-tab=\"2\" role=\"tabpanel\" aria-labelledby=\"elementor-tab-title-1392\" tabindex=\"0\" hidden=\"hidden\"><p><a href=\"https:\/\/bvsms.saude.gov.br\/bvs\/publicacoes\/guia_politica_nacional_atencao_basica_integracao_atencao_basica_vigilancia_saude_modulo_1.pdf\">Guia Pol\u00edtica Nacional de Aten\u00e7\u00e3o B\u00e1sica <br><\/a><\/p>\n<p><a href=\"https:\/\/bvsms.saude.gov.br\/bvs\/publicacoes\/manual_redacao_secretaria_vigilancia_saude_1ed.pdf\">Manual de Reda\u00e7\u00e3o da Secretaria de Vigil\u00e2ncia em Sa\u00fade<\/a><\/p>\n<p><a href=\"https:\/\/drive.google.com\/drive\/u\/6\/folders\/1fXKu3py9X5RKF8oGCto3TT--QvD30F71\">Caderno de Orienta\u00e7\u00f5es 2022 &#8211; Acordo de Gest\u00e3o Local (AGL)<\/a><br><\/p>\n<p><a href=\"https:\/\/drive.google.com\/drive\/u\/6\/folders\/1fXKu3py9X5RKF8oGCto3TT--QvD30F71\">Caderno de Orienta\u00e7\u00f5es 2022 a 2023 &#8211; Acordo de Gest\u00e3o Regional (AGR)<\/a><br><\/p>\n<p><a href=\"\">PLANO DE A\u00c7\u00d5ES ESTRAT\u00c9GICAS PARA O ENFRENTAMENTO DAS DOEN\u00c7AS CR\u00d4NICAS E AGRAVOS N\u00c3O&nbsp;<\/a><\/p>\n<p><a href=\"https:\/\/www.gov.br\/saude\/pt-br\/centrais-de-conteudo\/publicacoes\/publicacoes-svs\/doencas-cronicas-nao-transmissiveis-dcnt\/09-plano-de-dant-2022_2030.pdf\/view#:~:text=O%20plano%20de%20A%C3%A7%C3%B5es%20Estrat%C3%A9gicas,a%20dirimir%20desigualdades%20em%20sa%C3%BAde.\">TRANSMISS\u00cdVEIS NO BRASIL &#8211; 2021-2030<\/a><br><\/p><p><a href=\"https:\/\/www.sebrae.com.br\/Sebrae\/Portal%20Sebrae\/UFs\/CE\/Anexos\/S%C3%A9rie%20Sa%C3%BAde%20e%20Bem-Estar%20no%20Ambiente%20de%20Trabalho-%20Hipertens%C3%A3o%20Vol.06.pdf\">Cartilha SEBRAE &#8211; Hipertens\u00e3o Arterial <\/a><br><\/p><p><a href=\"https:\/\/www.sebrae.com.br\/Sebrae\/Portal%20Sebrae\/UFs\/CE\/Anexos\/S%C3%A9rie_Sa%C3%BAde_e_Bem-Estar_no_Ambiente_de_Trabalho_-_Diabetes.pdf\">Cartilha SEBRAE &#8211; Diabetes Mellitus <\/a><br><\/p><p><a href=\"https:\/\/www.gov.br\/saude\/pt-br\/assuntos\/saude-brasil\/publicacoes-para-promocao-a-saude\/guia_alimentar_populacao_brasileira_2ed.pdf\/view\">Guia alimentar para a popula\u00e7\u00e3o brasileira<\/a><\/p><\/div>\n\t\t\t\t\t\t\t<\/div>\n\t\t<\/div>\n\t\t\t\t<\/div>\n\t\t\t\t<\/div>\n\t\t\t\t\t<\/div>\n\t\t<\/div>\n\t\t\t\t\t<\/div>\n\t\t<\/section>\n\t\t\t\t<\/div>","protected":false},"excerpt":{"rendered":"<p>Reposit\u00f3rio de dados Comunica\u00e7\u00e3o em Sa\u00fade Vigil\u00e2ncia em sa\u00fade e aten\u00e7\u00e3o \u00e0 sa\u00fade Comunica\u00e7\u00e3o em Sa\u00fade Linguagem importa! Atualiza\u00e7\u00e3o de Linguagem para Diabetes, Obesidade e outras condi\u00e7\u00f5es cr\u00f4nicas de sa\u00fade CONASS debate &#8211; Que sa\u00fade voc\u00ea v\u00ea? &#8220;Inova\u00e7\u00f5es na Aten\u00e7\u00e3o Prim\u00e1ria em Sa\u00fade: o uso de ferramentas detecnologia de comunica\u00e7\u00e3o e informa\u00e7\u00e3o para apoio \u00e0 gest\u00e3o local&#8221; &#8220;Os 12 eixos da comunica\u00e7\u00e3o combinada para a sa\u00fade&hellip;<\/p>\n<p> <a class=\"more-link\" href=\"https:\/\/sds.unb.br\/es\/home-2\/nossos-projetos\/dant\/dant-repositorio-de-dados\/\">Leer m\u00e1s<\/a><\/p>","protected":false},"author":31,"featured_media":0,"parent":30185,"menu_order":0,"comment_status":"closed","ping_status":"closed","template":"","meta":{"footnotes":""},"tnc_tax_1420":[],"folder":[322],"class_list":["post-30994","page","type-page","status-publish"],"_links":{"self":[{"href":"https:\/\/sds.unb.br\/es\/wp-json\/wp\/v2\/pages\/30994","targetHints":{"allow":["GET"]}}],"collection":[{"href":"https:\/\/sds.unb.br\/es\/wp-json\/wp\/v2\/pages"}],"about":[{"href":"https:\/\/sds.unb.br\/es\/wp-json\/wp\/v2\/types\/page"}],"author":[{"embeddable":true,"href":"https:\/\/sds.unb.br\/es\/wp-json\/wp\/v2\/users\/31"}],"replies":[{"embeddable":true,"href":"https:\/\/sds.unb.br\/es\/wp-json\/wp\/v2\/comments?post=30994"}],"version-history":[{"count":50,"href":"https:\/\/sds.unb.br\/es\/wp-json\/wp\/v2\/pages\/30994\/revisions"}],"predecessor-version":[{"id":33651,"href":"https:\/\/sds.unb.br\/es\/wp-json\/wp\/v2\/pages\/30994\/revisions\/33651"}],"up":[{"embeddable":true,"href":"https:\/\/sds.unb.br\/es\/wp-json\/wp\/v2\/pages\/30185"}],"wp:attachment":[{"href":"https:\/\/sds.unb.br\/es\/wp-json\/wp\/v2\/media?parent=30994"}],"wp:term":[{"taxonomy":"tnc_tax_1420","embeddable":true,"href":"https:\/\/sds.unb.br\/es\/wp-json\/wp\/v2\/tnc_tax_1420?post=30994"},{"taxonomy":"folder","embeddable":true,"href":"https:\/\/sds.unb.br\/es\/wp-json\/wp\/v2\/folder?post=30994"}],"curies":[{"name":"wp","href":"https:\/\/api.w.org\/{rel}","templated":true}]}}