{"id":29339,"date":"2022-09-03T12:45:54","date_gmt":"2022-09-03T15:45:54","guid":{"rendered":"https:\/\/sds.unb.br\/?page_id=29339"},"modified":"2025-10-14T15:41:04","modified_gmt":"2025-10-14T18:41:04","slug":"podcasts","status":"publish","type":"page","link":"https:\/\/sds.unb.br\/es\/home-2\/producao-tecnica\/podcasts\/","title":{"rendered":"podcasts"},"content":{"rendered":"<div data-elementor-type=\"wp-page\" data-elementor-id=\"29339\" class=\"elementor elementor-29339\">\n\t\t\t\t\t\t<section class=\"elementor-section elementor-top-section elementor-element elementor-element-3b7635c elementor-section-boxed elementor-section-height-default elementor-section-height-default\" data-id=\"3b7635c\" data-element_type=\"section\">\n\t\t\t\t\t\t<div class=\"elementor-container elementor-column-gap-default\">\n\t\t\t\t\t<div class=\"elementor-column elementor-col-50 elementor-top-column elementor-element elementor-element-b4d9ece\" data-id=\"b4d9ece\" data-element_type=\"column\">\n\t\t\t<div class=\"elementor-widget-wrap elementor-element-populated\">\n\t\t\t\t\t\t<div class=\"elementor-element elementor-element-6cb66e6 elementor-widget elementor-widget-image\" data-id=\"6cb66e6\" data-element_type=\"widget\" data-widget_type=\"image.default\">\n\t\t\t\t<div class=\"elementor-widget-container\">\n\t\t\t\t\t\t\t\t\t\t\t\t\t<img fetchpriority=\"high\" decoding=\"async\" width=\"800\" height=\"800\" src=\"https:\/\/sds.unb.br\/wp-content\/uploads\/2023\/03\/Podcast_SDS.png\" class=\"attachment-large size-large wp-image-31960\" alt=\"\" srcset=\"https:\/\/sds.unb.br\/wp-content\/uploads\/2023\/03\/Podcast_SDS.png 1000w, https:\/\/sds.unb.br\/wp-content\/uploads\/2023\/03\/Podcast_SDS-300x300.png 300w, https:\/\/sds.unb.br\/wp-content\/uploads\/2023\/03\/Podcast_SDS-150x150.png 150w, https:\/\/sds.unb.br\/wp-content\/uploads\/2023\/03\/Podcast_SDS-768x768.png 768w, https:\/\/sds.unb.br\/wp-content\/uploads\/2023\/03\/Podcast_SDS-12x12.png 12w, https:\/\/sds.unb.br\/wp-content\/uploads\/2023\/03\/Podcast_SDS-40x40.png 40w, https:\/\/sds.unb.br\/wp-content\/uploads\/2023\/03\/Podcast_SDS-275x275.png 275w, https:\/\/sds.unb.br\/wp-content\/uploads\/2023\/03\/Podcast_SDS-205x205.png 205w, https:\/\/sds.unb.br\/wp-content\/uploads\/2023\/03\/Podcast_SDS-480x480.png 480w\" sizes=\"(max-width: 800px) 100vw, 800px\" \/>\t\t\t\t\t\t\t\t\t\t\t\t\t<\/div>\n\t\t\t\t<\/div>\n\t\t\t\t\t<\/div>\n\t\t<\/div>\n\t\t\t\t<div class=\"elementor-column elementor-col-50 elementor-top-column elementor-element elementor-element-4529dda\" data-id=\"4529dda\" data-element_type=\"column\">\n\t\t\t<div class=\"elementor-widget-wrap elementor-element-populated\">\n\t\t\t\t\t\t<div class=\"elementor-element elementor-element-662b491 elementor-widget elementor-widget-heading\" data-id=\"662b491\" data-element_type=\"widget\" data-widget_type=\"heading.default\">\n\t\t\t\t<div class=\"elementor-widget-container\">\n\t\t\t<h2 class=\"elementor-heading-title elementor-size-default\">Podcasts SDS<\/h2>\t\t<\/div>\n\t\t\t\t<\/div>\n\t\t\t\t<div class=\"elementor-element elementor-element-dfc3762 elementor-widget elementor-widget-text-editor\" data-id=\"dfc3762\" data-element_type=\"widget\" data-widget_type=\"text-editor.default\">\n\t\t\t\t<div class=\"elementor-widget-container\">\n\t\t\t\t\t\t\t<p>Os produtos em \u00e1udios produzidos pela Sala de Situa\u00e7\u00e3o de Sa\u00fade (SDS)\u00a0<\/p>\t\t\t\t\t\t<\/div>\n\t\t\t\t<\/div>\n\t\t\t\t\t<\/div>\n\t\t<\/div>\n\t\t\t\t\t<\/div>\n\t\t<\/section>\n\t\t\t\t<section class=\"elementor-section elementor-top-section elementor-element elementor-element-af843ad elementor-section-boxed elementor-section-height-default elementor-section-height-default\" data-id=\"af843ad\" data-element_type=\"section\">\n\t\t\t\t\t\t<div class=\"elementor-container elementor-column-gap-default\">\n\t\t\t\t\t<div class=\"elementor-column elementor-col-100 elementor-top-column elementor-element elementor-element-e8aea8d\" data-id=\"e8aea8d\" data-element_type=\"column\">\n\t\t\t<div class=\"elementor-widget-wrap elementor-element-populated\">\n\t\t\t\t\t\t<div class=\"elementor-element elementor-element-fac2d14 elementor-widget-divider--view-line elementor-widget elementor-widget-divider\" data-id=\"fac2d14\" data-element_type=\"widget\" data-widget_type=\"divider.default\">\n\t\t\t\t<div class=\"elementor-widget-container\">\n\t\t\t\t\t<div class=\"elementor-divider\">\n\t\t\t<span class=\"elementor-divider-separator\">\n\t\t\t\t\t\t<\/span>\n\t\t<\/div>\n\t\t\t\t<\/div>\n\t\t\t\t<\/div>\n\t\t\t\t<div class=\"elementor-element elementor-element-d0a42cc elementor-widget elementor-widget-heading\" data-id=\"d0a42cc\" data-element_type=\"widget\" data-widget_type=\"heading.default\">\n\t\t\t\t<div class=\"elementor-widget-container\">\n\t\t\t<h2 class=\"elementor-heading-title elementor-size-default\">Fazendo Sala | O podcast da SDS<\/h2>\t\t<\/div>\n\t\t\t\t<\/div>\n\t\t\t\t\t<\/div>\n\t\t<\/div>\n\t\t\t\t\t<\/div>\n\t\t<\/section>\n\t\t\t\t<section class=\"elementor-section elementor-top-section elementor-element elementor-element-03e941c elementor-section-boxed elementor-section-height-default elementor-section-height-default\" data-id=\"03e941c\" data-element_type=\"section\">\n\t\t\t\t\t\t<div class=\"elementor-container elementor-column-gap-default\">\n\t\t\t\t\t<div class=\"elementor-column elementor-col-100 elementor-top-column elementor-element elementor-element-358a3b0\" data-id=\"358a3b0\" data-element_type=\"column\">\n\t\t\t<div class=\"elementor-widget-wrap elementor-element-populated\">\n\t\t\t\t\t\t<div class=\"elementor-element elementor-element-619ba56 elementor-widget elementor-widget-html\" data-id=\"619ba56\" data-element_type=\"widget\" data-widget_type=\"html.default\">\n\t\t\t\t<div class=\"elementor-widget-container\">\n\t\t\t<iframe data-testid=\"embed-iframe\" style=\"border-radius:12px\" src=\"https:\/\/open.spotify.com\/embed\/episode\/4KJkReudScfB4ovsopdBwX?utm_source=generator\" width=\"100%\" height=\"352\" frameborder=\"0\" allowfullscreen=\"\" allow=\"autoplay; clipboard-write; encrypted-media; fullscreen; picture-in-picture\" loading=\"lazy\"><\/iframe>\t\t<\/div>\n\t\t\t\t<\/div>\n\t\t\t\t\t<\/div>\n\t\t<\/div>\n\t\t\t\t\t<\/div>\n\t\t<\/section>\n\t\t\t\t<section class=\"elementor-section elementor-top-section elementor-element elementor-element-7a1c1cf elementor-reverse-mobile elementor-section-boxed elementor-section-height-default elementor-section-height-default\" data-id=\"7a1c1cf\" data-element_type=\"section\">\n\t\t\t\t\t\t<div class=\"elementor-container elementor-column-gap-default\">\n\t\t\t\t\t<div class=\"elementor-column elementor-col-100 elementor-top-column elementor-element elementor-element-edef6f8\" data-id=\"edef6f8\" data-element_type=\"column\">\n\t\t\t<div class=\"elementor-widget-wrap elementor-element-populated\">\n\t\t\t\t\t\t\t<\/div>\n\t\t<\/div>\n\t\t\t\t\t<\/div>\n\t\t<\/section>\n\t\t\t\t<section class=\"elementor-section elementor-top-section elementor-element elementor-element-233abc2 elementor-section-boxed elementor-section-height-default elementor-section-height-default\" data-id=\"233abc2\" data-element_type=\"section\">\n\t\t\t\t\t\t<div class=\"elementor-container elementor-column-gap-default\">\n\t\t\t\t\t<div class=\"elementor-column elementor-col-100 elementor-top-column elementor-element elementor-element-51a368a\" data-id=\"51a368a\" data-element_type=\"column\">\n\t\t\t<div class=\"elementor-widget-wrap elementor-element-populated\">\n\t\t\t\t\t\t<div class=\"elementor-element elementor-element-9e53e64 elementor-widget elementor-widget-text-editor\" data-id=\"9e53e64\" data-element_type=\"widget\" data-widget_type=\"text-editor.default\">\n\t\t\t\t<div class=\"elementor-widget-container\">\n\t\t\t\t\t\t\t<p>O podcast\u00a0 <strong>Fazendo Sala<\/strong> \u00e9 um trocadilho que remete \u00e0 express\u00e3o &#8220;fazer sala&#8221; que significa entreter, agradar uma visita ou h\u00f3spede. Aqui a express\u00e3o traz outro significado. O material em forma de \u00e1udio, muito semelhante a uma r\u00e1dio, mas que pode ser ouvido a qualquer momento e em qualquer lugar, busca abordar quest\u00f5es pertinentes \u00e0 Sala de Situa\u00e7\u00e3o de Sa\u00fade (SDS) da Universidade de Bras\u00edlia (UnB).\u00a0Para n\u00f3s, o podcast representa uma possibilidade acess\u00edvel de democratiza\u00e7\u00e3o do conhecimento, sobretudo no que diz respeito \u00e0 sa\u00fade p\u00fablica.<\/p><p><strong>Produ\u00e7\u00e3o:<\/strong> Milena Marra, Rebeca Rubens, Bianca Giovanna, Luiggi Fontenelle, Amanda Sousa e Dijalma Novaes<br \/><b>Artes e divulga\u00e7\u00e3o: <\/b>Felipe Pinheiro e Tain\u00e1 Carvalho<br \/><b>Efeitos:\u00a0<\/b>Freesound | <b>Chamadas Sonoras:<\/b> Record TV, Rede Globo<br \/><b>Apoio:\u00a0<\/b> Laborat\u00f3rio de \u00c1udio da Faculdade de Comunica\u00e7\u00e3o (FAC|UnB)<\/p>\t\t\t\t\t\t<\/div>\n\t\t\t\t<\/div>\n\t\t\t\t<div class=\"elementor-element elementor-element-4f4bbe7 elementor-widget-divider--view-line elementor-widget elementor-widget-divider\" data-id=\"4f4bbe7\" data-element_type=\"widget\" data-widget_type=\"divider.default\">\n\t\t\t\t<div class=\"elementor-widget-container\">\n\t\t\t\t\t<div class=\"elementor-divider\">\n\t\t\t<span class=\"elementor-divider-separator\">\n\t\t\t\t\t\t<\/span>\n\t\t<\/div>\n\t\t\t\t<\/div>\n\t\t\t\t<\/div>\n\t\t\t\t<div class=\"elementor-element elementor-element-0227d23 elementor-widget elementor-widget-heading\" data-id=\"0227d23\" data-element_type=\"widget\" data-widget_type=\"heading.default\">\n\t\t\t\t<div class=\"elementor-widget-container\">\n\t\t\t<h2 class=\"elementor-heading-title elementor-size-default\">Fala Z\u00e9! | Vacinando ideias, imunizando a\u00e7\u00f5es<\/h2>\t\t<\/div>\n\t\t\t\t<\/div>\n\t\t\t\t\t<\/div>\n\t\t<\/div>\n\t\t\t\t\t<\/div>\n\t\t<\/section>\n\t\t\t\t<section class=\"elementor-section elementor-top-section elementor-element elementor-element-d6c7237 elementor-section-boxed elementor-section-height-default elementor-section-height-default\" data-id=\"d6c7237\" data-element_type=\"section\">\n\t\t\t\t\t\t<div class=\"elementor-container elementor-column-gap-default\">\n\t\t\t\t\t<div class=\"elementor-column elementor-col-100 elementor-top-column elementor-element elementor-element-4181a4c\" data-id=\"4181a4c\" data-element_type=\"column\">\n\t\t\t<div class=\"elementor-widget-wrap elementor-element-populated\">\n\t\t\t\t\t\t<div class=\"elementor-element elementor-element-867145b elementor-widget elementor-widget-html\" data-id=\"867145b\" data-element_type=\"widget\" data-widget_type=\"html.default\">\n\t\t\t\t<div class=\"elementor-widget-container\">\n\t\t\t<iframe data-testid=\"embed-iframe\" style=\"border-radius:12px\" src=\"https:\/\/open.spotify.com\/embed\/episode\/6TkMmyOS60QpvEC75TdxaQ?utm_source=generator\" width=\"100%\" height=\"352\" frameborder=\"0\" allowfullscreen=\"\" allow=\"autoplay; clipboard-write; encrypted-media; fullscreen; picture-in-picture\" loading=\"lazy\"><\/iframe>\t\t<\/div>\n\t\t\t\t<\/div>\n\t\t\t\t\t<\/div>\n\t\t<\/div>\n\t\t\t\t\t<\/div>\n\t\t<\/section>\n\t\t\t\t<section class=\"elementor-section elementor-top-section elementor-element elementor-element-26854db elementor-reverse-mobile elementor-section-boxed elementor-section-height-default elementor-section-height-default\" data-id=\"26854db\" data-element_type=\"section\">\n\t\t\t\t\t\t<div class=\"elementor-container elementor-column-gap-default\">\n\t\t\t\t\t<div class=\"elementor-column elementor-col-100 elementor-top-column elementor-element elementor-element-13cc5ee\" data-id=\"13cc5ee\" data-element_type=\"column\">\n\t\t\t<div class=\"elementor-widget-wrap elementor-element-populated\">\n\t\t\t\t\t\t<div class=\"elementor-element elementor-element-162a7c6 elementor-widget elementor-widget-text-editor\" data-id=\"162a7c6\" data-element_type=\"widget\" data-widget_type=\"text-editor.default\">\n\t\t\t\t<div class=\"elementor-widget-container\">\n\t\t\t\t\t\t\t<p><b>Fala Z\u00e9!<\/b> \u00e9 um podcast que, desde o nome, relembra a figura do Z\u00e9 Gotinha, um emblem\u00e1tico personagem brasileiro criado para as campanhas de vacina\u00e7\u00e3o contra o v\u00edrus da poliomielite com o objetivo de tornar o evento mais atraente para as crian\u00e7as. O podcast fala sobre vacina\u00e7\u00e3o no Brasil e discute os temas atrelados \u00e0 historicidade desse processo no pa\u00eds, al\u00e9m das estrat\u00e9gias de enfrentamento a doen\u00e7as imunopreven\u00edveis.<\/p><p><span style=\"color: var( --e-global-color-text ); word-spacing: normal;\"><strong>Produ\u00e7\u00e3o:<\/strong> Milena Marra, Rebeca Rubens, Bianca Giovanna, Luiggi Fontenelle, Amanda Sousa e Dijalma Novaes<br \/><b>Artes e divulga\u00e7\u00e3o: <\/b>Felipe Pinheiro e Tain\u00e1 Carvalho<br \/><b>Efeitos:\u00a0<\/b>Freesound | <b>Chamadas Sonoras:<\/b> Record TV, Rede Globo<br \/><b>Apoio:\u00a0<\/b> Laborat\u00f3rio de \u00c1udio da Faculdade de Comunica\u00e7\u00e3o (FAC|UnB)<\/span><\/p>\t\t\t\t\t\t<\/div>\n\t\t\t\t<\/div>\n\t\t\t\t\t<\/div>\n\t\t<\/div>\n\t\t\t\t\t<\/div>\n\t\t<\/section>\n\t\t\t\t<section class=\"elementor-section elementor-top-section elementor-element elementor-element-a0d8f78 elementor-section-boxed elementor-section-height-default elementor-section-height-default\" data-id=\"a0d8f78\" data-element_type=\"section\">\n\t\t\t\t\t\t<div class=\"elementor-container elementor-column-gap-default\">\n\t\t\t\t\t<div class=\"elementor-column elementor-col-100 elementor-top-column elementor-element elementor-element-0a4d8d3\" data-id=\"0a4d8d3\" data-element_type=\"column\">\n\t\t\t<div class=\"elementor-widget-wrap elementor-element-populated\">\n\t\t\t\t\t\t<div class=\"elementor-element elementor-element-2acb2ad elementor-widget-divider--view-line elementor-widget elementor-widget-divider\" data-id=\"2acb2ad\" data-element_type=\"widget\" data-widget_type=\"divider.default\">\n\t\t\t\t<div class=\"elementor-widget-container\">\n\t\t\t\t\t<div class=\"elementor-divider\">\n\t\t\t<span class=\"elementor-divider-separator\">\n\t\t\t\t\t\t<\/span>\n\t\t<\/div>\n\t\t\t\t<\/div>\n\t\t\t\t<\/div>\n\t\t\t\t<div class=\"elementor-element elementor-element-6813b6c elementor-widget elementor-widget-heading\" data-id=\"6813b6c\" data-element_type=\"widget\" data-widget_type=\"heading.default\">\n\t\t\t\t<div class=\"elementor-widget-container\">\n\t\t\t<h2 class=\"elementor-heading-title elementor-size-default\">Relat\u00f3rio SITREP | Semana Epidemiol\u00f3gica<\/h2>\t\t<\/div>\n\t\t\t\t<\/div>\n\t\t\t\t\t<\/div>\n\t\t<\/div>\n\t\t\t\t\t<\/div>\n\t\t<\/section>\n\t\t\t\t<section class=\"elementor-section elementor-top-section elementor-element elementor-element-93e8131 elementor-section-boxed elementor-section-height-default elementor-section-height-default\" data-id=\"93e8131\" data-element_type=\"section\">\n\t\t\t\t\t\t<div class=\"elementor-container elementor-column-gap-default\">\n\t\t\t\t\t<div class=\"elementor-column elementor-col-100 elementor-top-column elementor-element elementor-element-b58564f\" data-id=\"b58564f\" data-element_type=\"column\">\n\t\t\t<div class=\"elementor-widget-wrap elementor-element-populated\">\n\t\t\t\t\t\t<div class=\"elementor-element elementor-element-d23cb45 elementor-widget elementor-widget-html\" data-id=\"d23cb45\" data-element_type=\"widget\" data-widget_type=\"html.default\">\n\t\t\t\t<div class=\"elementor-widget-container\">\n\t\t\t<iframe data-testid=\"embed-iframe\" style=\"border-radius:12px\" src=\"https:\/\/open.spotify.com\/embed\/episode\/1z2l9F9DbHcDGWG523JVdP?utm_source=generator\" width=\"100%\" height=\"352\" frameborder=\"0\" allowfullscreen=\"\" allow=\"autoplay; clipboard-write; encrypted-media; fullscreen; picture-in-picture\" loading=\"lazy\"><\/iframe>\t\t<\/div>\n\t\t\t\t<\/div>\n\t\t\t\t\t<\/div>\n\t\t<\/div>\n\t\t\t\t\t<\/div>\n\t\t<\/section>\n\t\t\t\t<section class=\"elementor-section elementor-top-section elementor-element elementor-element-b0449bd elementor-section-boxed elementor-section-height-default elementor-section-height-default\" data-id=\"b0449bd\" data-element_type=\"section\">\n\t\t\t\t\t\t<div class=\"elementor-container elementor-column-gap-default\">\n\t\t\t\t\t<div class=\"elementor-column elementor-col-100 elementor-top-column elementor-element elementor-element-05833fb\" data-id=\"05833fb\" data-element_type=\"column\">\n\t\t\t<div class=\"elementor-widget-wrap elementor-element-populated\">\n\t\t\t\t\t\t<div class=\"elementor-element elementor-element-c643034 elementor-widget elementor-widget-text-editor\" data-id=\"c643034\" data-element_type=\"widget\" data-widget_type=\"text-editor.default\">\n\t\t\t\t<div class=\"elementor-widget-container\">\n\t\t\t\t\t\t\t<p><strong>Relat\u00f3rio SITREP | Semana Epidemiol\u00f3gica<\/strong> \u00e9 um podcast que tem como intuito facilitar a leitura SITREP e dar a oportunidade para interpretar os boletins epidemiol\u00f3gicos de forma pr\u00e1tica e din\u00e2mica.<\/p><p><span style=\"color: var( --e-global-color-text ); word-spacing: normal;\">\u00a0<\/span><\/p>\t\t\t\t\t\t<\/div>\n\t\t\t\t<\/div>\n\t\t\t\t\t<\/div>\n\t\t<\/div>\n\t\t\t\t\t<\/div>\n\t\t<\/section>\n\t\t\t\t<\/div>","protected":false},"excerpt":{"rendered":"<p>Podcasts SDS Os produtos em \u00e1udios produzidos pela Sala de Situa\u00e7\u00e3o de Sa\u00fade (SDS)\u00a0 Fazendo Sala | O podcast da SDS O podcast\u00a0 Fazendo Sala \u00e9 um trocadilho que remete \u00e0 express\u00e3o &#8220;fazer sala&#8221; que significa entreter, agradar uma visita ou h\u00f3spede. Aqui a express\u00e3o traz outro significado. O material em forma de \u00e1udio, muito semelhante a uma r\u00e1dio, mas que pode ser ouvido a qualquer&hellip;<\/p>\n<p> <a class=\"more-link\" href=\"https:\/\/sds.unb.br\/es\/home-2\/producao-tecnica\/podcasts\/\">Leer m\u00e1s<\/a><\/p>","protected":false},"author":31,"featured_media":0,"parent":17,"menu_order":0,"comment_status":"closed","ping_status":"closed","template":"","meta":{"footnotes":""},"tnc_tax_1420":[],"folder":[],"class_list":["post-29339","page","type-page","status-publish"],"_links":{"self":[{"href":"https:\/\/sds.unb.br\/es\/wp-json\/wp\/v2\/pages\/29339","targetHints":{"allow":["GET"]}}],"collection":[{"href":"https:\/\/sds.unb.br\/es\/wp-json\/wp\/v2\/pages"}],"about":[{"href":"https:\/\/sds.unb.br\/es\/wp-json\/wp\/v2\/types\/page"}],"author":[{"embeddable":true,"href":"https:\/\/sds.unb.br\/es\/wp-json\/wp\/v2\/users\/31"}],"replies":[{"embeddable":true,"href":"https:\/\/sds.unb.br\/es\/wp-json\/wp\/v2\/comments?post=29339"}],"version-history":[{"count":179,"href":"https:\/\/sds.unb.br\/es\/wp-json\/wp\/v2\/pages\/29339\/revisions"}],"predecessor-version":[{"id":38780,"href":"https:\/\/sds.unb.br\/es\/wp-json\/wp\/v2\/pages\/29339\/revisions\/38780"}],"up":[{"embeddable":true,"href":"https:\/\/sds.unb.br\/es\/wp-json\/wp\/v2\/pages\/17"}],"wp:attachment":[{"href":"https:\/\/sds.unb.br\/es\/wp-json\/wp\/v2\/media?parent=29339"}],"wp:term":[{"taxonomy":"tnc_tax_1420","embeddable":true,"href":"https:\/\/sds.unb.br\/es\/wp-json\/wp\/v2\/tnc_tax_1420?post=29339"},{"taxonomy":"folder","embeddable":true,"href":"https:\/\/sds.unb.br\/es\/wp-json\/wp\/v2\/folder?post=29339"}],"curies":[{"name":"wp","href":"https:\/\/api.w.org\/{rel}","templated":true}]}}