{"id":27576,"date":"2022-05-24T13:19:09","date_gmt":"2022-05-24T16:19:09","guid":{"rendered":"https:\/\/sds.unb.br\/?page_id=27576"},"modified":"2025-10-14T13:53:23","modified_gmt":"2025-10-14T16:53:23","slug":"epiride","status":"publish","type":"page","link":"https:\/\/sds.unb.br\/es\/home-2\/nossos-projetos\/epiride\/","title":{"rendered":"EpiRide"},"content":{"rendered":"<div data-elementor-type=\"wp-page\" data-elementor-id=\"27576\" class=\"elementor elementor-27576\">\n\t\t\t\t\t\t<section class=\"elementor-section elementor-top-section elementor-element elementor-element-40285f3 elementor-section-boxed elementor-section-height-default elementor-section-height-default\" data-id=\"40285f3\" data-element_type=\"section\" data-settings=\"{&quot;background_background&quot;:&quot;classic&quot;}\">\n\t\t\t\t\t\t\t<div class=\"elementor-background-overlay\"><\/div>\n\t\t\t\t\t\t\t<div class=\"elementor-container elementor-column-gap-default\">\n\t\t\t\t\t<div class=\"elementor-column elementor-col-50 elementor-top-column elementor-element elementor-element-936eb56\" data-id=\"936eb56\" data-element_type=\"column\" data-settings=\"{&quot;background_background&quot;:&quot;classic&quot;}\">\n\t\t\t<div class=\"elementor-widget-wrap elementor-element-populated\">\n\t\t\t\t\t\t<div class=\"elementor-element elementor-element-2e99305 elementor-widget elementor-widget-image\" data-id=\"2e99305\" data-element_type=\"widget\" data-widget_type=\"image.default\">\n\t\t\t\t<div class=\"elementor-widget-container\">\n\t\t\t\t\t\t\t\t\t\t\t\t\t<img fetchpriority=\"high\" decoding=\"async\" width=\"800\" height=\"796\" src=\"https:\/\/sds.unb.br\/wp-content\/uploads\/2023\/06\/Logo-Epi-ride-simbolo-1024x1019.png\" class=\"attachment-large size-large wp-image-32303\" alt=\"\" srcset=\"https:\/\/sds.unb.br\/wp-content\/uploads\/2023\/06\/Logo-Epi-ride-simbolo-1024x1019.png 1024w, https:\/\/sds.unb.br\/wp-content\/uploads\/2023\/06\/Logo-Epi-ride-simbolo-300x298.png 300w, https:\/\/sds.unb.br\/wp-content\/uploads\/2023\/06\/Logo-Epi-ride-simbolo-150x150.png 150w, https:\/\/sds.unb.br\/wp-content\/uploads\/2023\/06\/Logo-Epi-ride-simbolo-768x764.png 768w, https:\/\/sds.unb.br\/wp-content\/uploads\/2023\/06\/Logo-Epi-ride-simbolo-1536x1528.png 1536w, https:\/\/sds.unb.br\/wp-content\/uploads\/2023\/06\/Logo-Epi-ride-simbolo-2048x2037.png 2048w, https:\/\/sds.unb.br\/wp-content\/uploads\/2023\/06\/Logo-Epi-ride-simbolo-12x12.png 12w, https:\/\/sds.unb.br\/wp-content\/uploads\/2023\/06\/Logo-Epi-ride-simbolo-40x40.png 40w, https:\/\/sds.unb.br\/wp-content\/uploads\/2023\/06\/Logo-Epi-ride-simbolo-275x275.png 275w, https:\/\/sds.unb.br\/wp-content\/uploads\/2023\/06\/Logo-Epi-ride-simbolo-205x204.png 205w, https:\/\/sds.unb.br\/wp-content\/uploads\/2023\/06\/Logo-Epi-ride-simbolo-480x477.png 480w\" sizes=\"(max-width: 800px) 100vw, 800px\" \/>\t\t\t\t\t\t\t\t\t\t\t\t\t<\/div>\n\t\t\t\t<\/div>\n\t\t\t\t\t<\/div>\n\t\t<\/div>\n\t\t\t\t<div class=\"elementor-column elementor-col-50 elementor-top-column elementor-element elementor-element-2e5f512\" data-id=\"2e5f512\" data-element_type=\"column\" data-settings=\"{&quot;background_background&quot;:&quot;classic&quot;}\">\n\t\t\t<div class=\"elementor-widget-wrap elementor-element-populated\">\n\t\t\t\t\t\t<div class=\"elementor-element elementor-element-2dadb5e elementor-widget elementor-widget-heading\" data-id=\"2dadb5e\" data-element_type=\"widget\" data-widget_type=\"heading.default\">\n\t\t\t\t<div class=\"elementor-widget-container\">\n\t\t\t<h2 class=\"elementor-heading-title elementor-size-default\">Projeto Fortalecimento das <br>\nSalas de Situa\u00e7\u00e3o em Sa\u00fade<\/h2>\t\t<\/div>\n\t\t\t\t<\/div>\n\t\t\t\t<div class=\"elementor-element elementor-element-345bbcf e-grid-align-right elementor-shape-rounded elementor-grid-0 elementor-widget elementor-widget-social-icons\" data-id=\"345bbcf\" data-element_type=\"widget\" data-widget_type=\"social-icons.default\">\n\t\t\t\t<div class=\"elementor-widget-container\">\n\t\t\t\t\t<div class=\"elementor-social-icons-wrapper elementor-grid\">\n\t\t\t\t\t\t\t<span class=\"elementor-grid-item\">\n\t\t\t\t\t<a class=\"elementor-icon elementor-social-icon elementor-social-icon-instagram elementor-repeater-item-74e7875\" href=\"https:\/\/www.instagram.com\/sds_unb\/\" target=\"_blank\">\n\t\t\t\t\t\t<span class=\"elementor-screen-only\">Instagram<\/span>\n\t\t\t\t\t\t<i class=\"fab fa-instagram\"><\/i>\t\t\t\t\t<\/a>\n\t\t\t\t<\/span>\n\t\t\t\t\t\t\t<span class=\"elementor-grid-item\">\n\t\t\t\t\t<a class=\"elementor-icon elementor-social-icon elementor-social-icon-facebook elementor-repeater-item-c21643d\" href=\"https:\/\/web.facebook.com\/Sala-de-Situa\u00e7\u00e3o-de-Sa\u00fade-UnB-104865918001731\" target=\"_blank\">\n\t\t\t\t\t\t<span class=\"elementor-screen-only\">Facebook<\/span>\n\t\t\t\t\t\t<i class=\"fab fa-facebook\"><\/i>\t\t\t\t\t<\/a>\n\t\t\t\t<\/span>\n\t\t\t\t\t\t\t<span class=\"elementor-grid-item\">\n\t\t\t\t\t<a class=\"elementor-icon elementor-social-icon elementor-social-icon-twitter elementor-repeater-item-bf65a3e\" href=\"https:\/\/twitter.com\/sds_unb\" target=\"_blank\">\n\t\t\t\t\t\t<span class=\"elementor-screen-only\">Twitter<\/span>\n\t\t\t\t\t\t<i class=\"fab fa-twitter\"><\/i>\t\t\t\t\t<\/a>\n\t\t\t\t<\/span>\n\t\t\t\t\t\t\t<span class=\"elementor-grid-item\">\n\t\t\t\t\t<a class=\"elementor-icon elementor-social-icon elementor-social-icon-youtube elementor-repeater-item-f085c37\" href=\"https:\/\/www.youtube.com\/channel\/UCE-qtyTHQDU26uy-EXR-H4g\" target=\"_blank\">\n\t\t\t\t\t\t<span class=\"elementor-screen-only\">Youtube<\/span>\n\t\t\t\t\t\t<i class=\"fab fa-youtube\"><\/i>\t\t\t\t\t<\/a>\n\t\t\t\t<\/span>\n\t\t\t\t\t<\/div>\n\t\t\t\t<\/div>\n\t\t\t\t<\/div>\n\t\t\t\t\t<\/div>\n\t\t<\/div>\n\t\t\t\t\t<\/div>\n\t\t<\/section>\n\t\t\t\t<section class=\"elementor-section elementor-top-section elementor-element elementor-element-7145cbe elementor-section-boxed elementor-section-height-default elementor-section-height-default\" data-id=\"7145cbe\" data-element_type=\"section\" id=\"sec2\">\n\t\t\t\t\t\t<div class=\"elementor-container elementor-column-gap-default\">\n\t\t\t\t\t<div class=\"elementor-column elementor-col-100 elementor-top-column elementor-element elementor-element-b8f7c1c\" data-id=\"b8f7c1c\" data-element_type=\"column\">\n\t\t\t<div class=\"elementor-widget-wrap elementor-element-populated\">\n\t\t\t\t\t\t<div class=\"elementor-element elementor-element-81e62e5 elementor-icon-list--layout-inline elementor-align-center elementor-list-item-link-full_width elementor-widget elementor-widget-icon-list\" data-id=\"81e62e5\" data-element_type=\"widget\" data-widget_type=\"icon-list.default\">\n\t\t\t\t<div class=\"elementor-widget-container\">\n\t\t\t\t\t<ul class=\"elementor-icon-list-items elementor-inline-items\">\n\t\t\t\t\t\t\t<li class=\"elementor-icon-list-item elementor-inline-item\">\n\t\t\t\t\t\t\t\t\t\t\t<a href=\"#sec2\">\n\n\t\t\t\t\t\t\t\t\t\t\t<span class=\"elementor-icon-list-text\">Sobre<\/span>\n\t\t\t\t\t\t\t\t\t\t\t<\/a>\n\t\t\t\t\t\t\t\t\t<\/li>\n\t\t\t\t\t\t\t\t<li class=\"elementor-icon-list-item elementor-inline-item\">\n\t\t\t\t\t\t\t\t\t\t\t<a href=\"#sec3\">\n\n\t\t\t\t\t\t\t\t\t\t\t<span class=\"elementor-icon-list-text\">Regi\u00f5es Apoiadas<\/span>\n\t\t\t\t\t\t\t\t\t\t\t<\/a>\n\t\t\t\t\t\t\t\t\t<\/li>\n\t\t\t\t\t\t\t\t<li class=\"elementor-icon-list-item elementor-inline-item\">\n\t\t\t\t\t\t\t\t\t\t\t<a href=\"#sec4\">\n\n\t\t\t\t\t\t\t\t\t\t\t<span class=\"elementor-icon-list-text\">Produ\u00e7\u00f5es<\/span>\n\t\t\t\t\t\t\t\t\t\t\t<\/a>\n\t\t\t\t\t\t\t\t\t<\/li>\n\t\t\t\t\t\t<\/ul>\n\t\t\t\t<\/div>\n\t\t\t\t<\/div>\n\t\t\t\t\t<\/div>\n\t\t<\/div>\n\t\t\t\t\t<\/div>\n\t\t<\/section>\n\t\t\t\t<section class=\"elementor-section elementor-top-section elementor-element elementor-element-7b07a45 elementor-section-boxed elementor-section-height-default elementor-section-height-default\" data-id=\"7b07a45\" data-element_type=\"section\" id=\"sec2\">\n\t\t\t\t\t\t<div class=\"elementor-container elementor-column-gap-default\">\n\t\t\t\t\t<div class=\"elementor-column elementor-col-50 elementor-top-column elementor-element elementor-element-42aeab9\" data-id=\"42aeab9\" data-element_type=\"column\">\n\t\t\t<div class=\"elementor-widget-wrap elementor-element-populated\">\n\t\t\t\t\t\t<div class=\"elementor-element elementor-element-04db493 elementor-widget elementor-widget-heading\" data-id=\"04db493\" data-element_type=\"widget\" data-widget_type=\"heading.default\">\n\t\t\t\t<div class=\"elementor-widget-container\">\n\t\t\t<h2 class=\"elementor-heading-title elementor-size-xl\">Sobre o Projeto<\/h2>\t\t<\/div>\n\t\t\t\t<\/div>\n\t\t\t\t<div class=\"elementor-element elementor-element-1586974 elementor-widget elementor-widget-image\" data-id=\"1586974\" data-element_type=\"widget\" data-widget_type=\"image.default\">\n\t\t\t\t<div class=\"elementor-widget-container\">\n\t\t\t\t\t\t\t\t\t\t\t\t\t<img decoding=\"async\" src=\"https:\/\/sds.unb.br\/wp-content\/uploads\/2023\/06\/cropped-cropped-cropped-Logo-Epi-ride-1.png\" title=\"cropped-cropped-cropped-Logo-Epi-ride-1.png\" alt=\"cropped-cropped-cropped-Logo-Epi-ride-1.png\" loading=\"lazy\" \/>\t\t\t\t\t\t\t\t\t\t\t\t\t<\/div>\n\t\t\t\t<\/div>\n\t\t\t\t<div class=\"elementor-element elementor-element-a2c02df elementor-align-center elementor-widget elementor-widget-button\" data-id=\"a2c02df\" data-element_type=\"widget\" data-widget_type=\"button.default\">\n\t\t\t\t<div class=\"elementor-widget-container\">\n\t\t\t\t\t<div class=\"elementor-button-wrapper\">\n\t\t\t<a class=\"elementor-button elementor-button-link elementor-size-sm elementor-animation-grow\" href=\"https:\/\/sds.unb.br\/es\/epi-ride-saiba-mais\/\" target=\"_blank\">\n\t\t\t\t\t\t<span class=\"elementor-button-content-wrapper\">\n\t\t\t\t\t\t\t\t\t<span class=\"elementor-button-text\">Saiba mais<\/span>\n\t\t\t\t\t<\/span>\n\t\t\t\t\t<\/a>\n\t\t<\/div>\n\t\t\t\t<\/div>\n\t\t\t\t<\/div>\n\t\t\t\t\t<\/div>\n\t\t<\/div>\n\t\t\t\t<div class=\"elementor-column elementor-col-50 elementor-top-column elementor-element elementor-element-cd8349e\" data-id=\"cd8349e\" data-element_type=\"column\">\n\t\t\t<div class=\"elementor-widget-wrap elementor-element-populated\">\n\t\t\t\t\t\t<div class=\"elementor-element elementor-element-9250346 animated-slow elementor-invisible elementor-widget elementor-widget-text-editor\" data-id=\"9250346\" data-element_type=\"widget\" data-settings=\"{&quot;_animation&quot;:&quot;fadeIn&quot;,&quot;_animation_delay&quot;:100}\" data-widget_type=\"text-editor.default\">\n\t\t\t\t<div class=\"elementor-widget-container\">\n\t\t\t\t\t\t\t<p>Idealizado pela SDS, o projeto Epi-RIDE &#8211; Salas de Situa\u00e7\u00e3o tem como objetivo apoiar a estrutura\u00e7\u00e3o das Salas de Situa\u00e7\u00e3o de Sa\u00fade nos munic\u00edpios que comp\u00f5em a Regi\u00e3o Integrada de Desenvolvimento do Distrito Federal e Entorno (RIDE-DF). O Epi-RIDE visa aprimorar a capacidade de monitoramento, a gest\u00e3o de crises e fornecer respostas mais efetivas \u00e0s demandas de sa\u00fade da popula\u00e7\u00e3o.<\/p>\t\t\t\t\t\t<\/div>\n\t\t\t\t<\/div>\n\t\t\t\t\t<\/div>\n\t\t<\/div>\n\t\t\t\t\t<\/div>\n\t\t<\/section>\n\t\t\t\t<section class=\"elementor-section elementor-top-section elementor-element elementor-element-f59390b elementor-section-boxed elementor-section-height-default elementor-section-height-default\" data-id=\"f59390b\" data-element_type=\"section\" id=\"sec3\">\n\t\t\t\t\t\t<div class=\"elementor-container elementor-column-gap-default\">\n\t\t\t\t\t<div class=\"elementor-column elementor-col-100 elementor-top-column elementor-element elementor-element-fcef9aa\" data-id=\"fcef9aa\" data-element_type=\"column\">\n\t\t\t<div class=\"elementor-widget-wrap elementor-element-populated\">\n\t\t\t\t\t\t<div class=\"elementor-element elementor-element-850799c elementor-widget elementor-widget-spacer\" data-id=\"850799c\" data-element_type=\"widget\" data-widget_type=\"spacer.default\">\n\t\t\t\t<div class=\"elementor-widget-container\">\n\t\t\t\t\t<div class=\"elementor-spacer\">\n\t\t\t<div class=\"elementor-spacer-inner\"><\/div>\n\t\t<\/div>\n\t\t\t\t<\/div>\n\t\t\t\t<\/div>\n\t\t\t\t\t<\/div>\n\t\t<\/div>\n\t\t\t\t\t<\/div>\n\t\t<\/section>\n\t\t\t\t<section class=\"elementor-section elementor-top-section elementor-element elementor-element-b758bf2 elementor-section-boxed elementor-section-height-default elementor-section-height-default\" data-id=\"b758bf2\" data-element_type=\"section\" id=\"sec3\" data-settings=\"{&quot;background_background&quot;:&quot;classic&quot;}\">\n\t\t\t\t\t\t<div class=\"elementor-container elementor-column-gap-default\">\n\t\t\t\t\t<div class=\"elementor-column elementor-col-50 elementor-top-column elementor-element elementor-element-57e2c0f\" data-id=\"57e2c0f\" data-element_type=\"column\">\n\t\t\t<div class=\"elementor-widget-wrap elementor-element-populated\">\n\t\t\t\t\t\t<div class=\"elementor-element elementor-element-396e74c elementor-widget elementor-widget-heading\" data-id=\"396e74c\" data-element_type=\"widget\" data-widget_type=\"heading.default\">\n\t\t\t\t<div class=\"elementor-widget-container\">\n\t\t\t<h2 class=\"elementor-heading-title elementor-size-default\">Regi\u00f5es Apoiadas<\/h2>\t\t<\/div>\n\t\t\t\t<\/div>\n\t\t\t\t<div class=\"elementor-element elementor-element-d2afba0 elementor-widget elementor-widget-heading\" data-id=\"d2afba0\" data-element_type=\"widget\" data-widget_type=\"heading.default\">\n\t\t\t\t<div class=\"elementor-widget-container\">\n\t\t\t<h2 class=\"elementor-heading-title elementor-size-xl\">33<\/h2>\t\t<\/div>\n\t\t\t\t<\/div>\n\t\t\t\t<div class=\"elementor-element elementor-element-5b9adea elementor-widget elementor-widget-text-editor\" data-id=\"5b9adea\" data-element_type=\"widget\" data-widget_type=\"text-editor.default\">\n\t\t\t\t<div class=\"elementor-widget-container\">\n\t\t\t\t\t\t\t<p><span class=\"JsGRdQ\">Apoio aos 33 munic\u00edpios da RIDE e \u00e0s regi\u00f5es administrativas do DF<\/span><br><\/p>\t\t\t\t\t\t<\/div>\n\t\t\t\t<\/div>\n\t\t\t\t<div class=\"elementor-element elementor-element-5d52cef elementor-widget elementor-widget-spacer\" data-id=\"5d52cef\" data-element_type=\"widget\" data-widget_type=\"spacer.default\">\n\t\t\t\t<div class=\"elementor-widget-container\">\n\t\t\t\t\t<div class=\"elementor-spacer\">\n\t\t\t<div class=\"elementor-spacer-inner\"><\/div>\n\t\t<\/div>\n\t\t\t\t<\/div>\n\t\t\t\t<\/div>\n\t\t\t\t\t<\/div>\n\t\t<\/div>\n\t\t\t\t<div class=\"elementor-column elementor-col-50 elementor-top-column elementor-element elementor-element-2107a38\" data-id=\"2107a38\" data-element_type=\"column\">\n\t\t\t<div class=\"elementor-widget-wrap elementor-element-populated\">\n\t\t\t\t\t\t<div class=\"elementor-element elementor-element-64ed85a elementor-widget elementor-widget-html\" data-id=\"64ed85a\" data-element_type=\"widget\" data-widget_type=\"html.default\">\n\t\t\t\t<div class=\"elementor-widget-container\">\n\t\t\t<div class=\"map_wrapper\" id=\"map_wrapper_27739\">\n<div class=\"map_box\" style=\"max-width:2000px\">\n<div class=\"map_aspect_ratio\" style=\"padding-top:63%\" data-padding-top=\"63%\" data-padding-top-mobile=\"0%\">\n<div class=\"map_container\">\n<div class=\"map_render map_loading\" id=\"map_27739\"><\/div>\n<\/div>\n<\/div>\n<\/div>\n<\/div>\t\t<\/div>\n\t\t\t\t<\/div>\n\t\t\t\t<div class=\"elementor-element elementor-element-f3c29b1 elementor-widget elementor-widget-text-editor\" data-id=\"f3c29b1\" data-element_type=\"widget\" data-widget_type=\"text-editor.default\">\n\t\t\t\t<div class=\"elementor-widget-container\">\n\t\t\t\t\t\t\t<p>Passe por cima de cada munic\u00edpio para obter mais informa\u00e7\u00f5es<\/p>\t\t\t\t\t\t<\/div>\n\t\t\t\t<\/div>\n\t\t\t\t\t<\/div>\n\t\t<\/div>\n\t\t\t\t\t<\/div>\n\t\t<\/section>\n\t\t\t\t<section class=\"elementor-section elementor-top-section elementor-element elementor-element-a32a335 elementor-section-boxed elementor-section-height-default elementor-section-height-default\" data-id=\"a32a335\" data-element_type=\"section\" id=\"sec4\">\n\t\t\t\t\t\t<div class=\"elementor-container elementor-column-gap-default\">\n\t\t\t\t\t<div class=\"elementor-column elementor-col-100 elementor-top-column elementor-element elementor-element-18ddc88\" data-id=\"18ddc88\" data-element_type=\"column\">\n\t\t\t<div class=\"elementor-widget-wrap elementor-element-populated\">\n\t\t\t\t\t\t<div class=\"elementor-element elementor-element-779f7e7 elementor-widget elementor-widget-spacer\" data-id=\"779f7e7\" data-element_type=\"widget\" data-widget_type=\"spacer.default\">\n\t\t\t\t<div class=\"elementor-widget-container\">\n\t\t\t\t\t<div class=\"elementor-spacer\">\n\t\t\t<div class=\"elementor-spacer-inner\"><\/div>\n\t\t<\/div>\n\t\t\t\t<\/div>\n\t\t\t\t<\/div>\n\t\t\t\t\t<\/div>\n\t\t<\/div>\n\t\t\t\t\t<\/div>\n\t\t<\/section>\n\t\t\t\t<section class=\"elementor-section elementor-top-section elementor-element elementor-element-7523923 elementor-section-boxed elementor-section-height-default elementor-section-height-default\" data-id=\"7523923\" data-element_type=\"section\">\n\t\t\t\t\t\t<div class=\"elementor-container elementor-column-gap-default\">\n\t\t\t\t\t<div class=\"elementor-column elementor-col-100 elementor-top-column elementor-element elementor-element-8fdd2c8\" data-id=\"8fdd2c8\" data-element_type=\"column\">\n\t\t\t<div class=\"elementor-widget-wrap elementor-element-populated\">\n\t\t\t\t\t\t<div class=\"elementor-element elementor-element-54f3614 elementor-widget elementor-widget-heading\" data-id=\"54f3614\" data-element_type=\"widget\" data-widget_type=\"heading.default\">\n\t\t\t\t<div class=\"elementor-widget-container\">\n\t\t\t<h2 class=\"elementor-heading-title elementor-size-default\">Produ\u00e7\u00f5es<\/h2>\t\t<\/div>\n\t\t\t\t<\/div>\n\t\t\t\t\t<\/div>\n\t\t<\/div>\n\t\t\t\t\t<\/div>\n\t\t<\/section>\n\t\t\t\t<section class=\"elementor-section elementor-top-section elementor-element elementor-element-657f098 elementor-section-boxed elementor-section-height-default elementor-section-height-default\" data-id=\"657f098\" data-element_type=\"section\">\n\t\t\t\t\t\t<div class=\"elementor-container elementor-column-gap-default\">\n\t\t\t\t\t<div class=\"elementor-column elementor-col-33 elementor-top-column elementor-element elementor-element-183f569\" data-id=\"183f569\" data-element_type=\"column\">\n\t\t\t<div class=\"elementor-widget-wrap elementor-element-populated\">\n\t\t\t\t\t\t<div class=\"elementor-element elementor-element-3c02b74 elementor-widget elementor-widget-htmega-button-addons\" data-id=\"3c02b74\" data-element_type=\"widget\" data-widget_type=\"htmega-button-addons.default\">\n\t\t\t\t<div class=\"elementor-widget-container\">\n\t\t\t<div class=\"htmega-button htmega-btn-style-1 htmega-btn-shadow-0\"><a href=\"https:\/\/sds.unb.br\/es\/epi-ride-glossario\/\" class=\"htb-btn htmega-btn-size-lg htmega-btn-effect-0\">Gloss\u00e1rio<\/a><\/div>\t\t<\/div>\n\t\t\t\t<\/div>\n\t\t\t\t<div class=\"elementor-element elementor-element-66ad04b elementor-widget elementor-widget-htmega-button-addons\" data-id=\"66ad04b\" data-element_type=\"widget\" data-widget_type=\"htmega-button-addons.default\">\n\t\t\t\t<div class=\"elementor-widget-container\">\n\t\t\t<div class=\"htmega-button htmega-btn-style-1 htmega-btn-shadow-0\"><a href=\"https:\/\/sds.unb.br\/es\/epi-ride-documentos-tecnicos\/\" class=\"htb-btn htmega-btn-size-lg htmega-btn-effect-0\">Documentos T\u00e9cnicos<\/a><\/div>\t\t<\/div>\n\t\t\t\t<\/div>\n\t\t\t\t\t<\/div>\n\t\t<\/div>\n\t\t\t\t<div class=\"elementor-column elementor-col-33 elementor-top-column elementor-element elementor-element-057910d\" data-id=\"057910d\" data-element_type=\"column\">\n\t\t\t<div class=\"elementor-widget-wrap elementor-element-populated\">\n\t\t\t\t\t\t<div class=\"elementor-element elementor-element-edc7250 elementor-widget elementor-widget-htmega-button-addons\" data-id=\"edc7250\" data-element_type=\"widget\" data-widget_type=\"htmega-button-addons.default\">\n\t\t\t\t<div class=\"elementor-widget-container\">\n\t\t\t<div class=\"htmega-button htmega-btn-style-1 htmega-btn-shadow-0\"><a href=\"https:\/\/sds.unb.br\/es\/epi-ride-clipping\/\" class=\"htb-btn htmega-btn-size-lg htmega-btn-effect-0\">Clipping<\/a><\/div>\t\t<\/div>\n\t\t\t\t<\/div>\n\t\t\t\t<div class=\"elementor-element elementor-element-fc722f2 elementor-widget elementor-widget-htmega-button-addons\" data-id=\"fc722f2\" data-element_type=\"widget\" data-widget_type=\"htmega-button-addons.default\">\n\t\t\t\t<div class=\"elementor-widget-container\">\n\t\t\t<div class=\"htmega-button htmega-btn-style-1 htmega-btn-shadow-0\"><a href=\"https:\/\/sds.unb.br\/wp-content\/uploads\/2024\/02\/Boletim_Informativo_001_TI_CREC.pdf\" class=\"htb-btn htmega-btn-size-lg htmega-btn-effect-0\">Epi-RIDE Comunica<\/a><\/div>\t\t<\/div>\n\t\t\t\t<\/div>\n\t\t\t\t\t<\/div>\n\t\t<\/div>\n\t\t\t\t<div class=\"elementor-column elementor-col-33 elementor-top-column elementor-element elementor-element-0bfa691\" data-id=\"0bfa691\" data-element_type=\"column\">\n\t\t\t<div class=\"elementor-widget-wrap elementor-element-populated\">\n\t\t\t\t\t\t<div class=\"elementor-element elementor-element-6a74d6d elementor-widget elementor-widget-htmega-button-addons\" data-id=\"6a74d6d\" data-element_type=\"widget\" data-widget_type=\"htmega-button-addons.default\">\n\t\t\t\t<div class=\"elementor-widget-container\">\n\t\t\t<div class=\"htmega-button htmega-btn-style-1 htmega-btn-shadow-0\"><a href=\"https:\/\/sds.unb.br\/es\/epi-ride-comu-risco\/\" class=\"htb-btn htmega-btn-size-lg htmega-btn-effect-0\">Comunica\u00e7\u00e3o de risco<\/a><\/div>\t\t<\/div>\n\t\t\t\t<\/div>\n\t\t\t\t\t<\/div>\n\t\t<\/div>\n\t\t\t\t\t<\/div>\n\t\t<\/section>\n\t\t\t\t<\/div>","protected":false},"excerpt":{"rendered":"<p>Projeto Fortalecimento das Salas de Situa\u00e7\u00e3o em Sa\u00fade Instagram Facebook Twitter Youtube Sobre Regi\u00f5es Apoiadas Produ\u00e7\u00f5es Sobre o Projeto Saiba mais Idealizado pela SDS, o projeto Epi-RIDE &#8211; Salas de Situa\u00e7\u00e3o tem como objetivo apoiar a estrutura\u00e7\u00e3o das Salas de Situa\u00e7\u00e3o de Sa\u00fade nos munic\u00edpios que comp\u00f5em a Regi\u00e3o Integrada de Desenvolvimento do Distrito Federal e Entorno (RIDE-DF). O Epi-RIDE visa aprimorar a capacidade de monitoramento,&hellip;<\/p>\n<p> <a class=\"more-link\" href=\"https:\/\/sds.unb.br\/es\/home-2\/nossos-projetos\/epiride\/\">Leer m\u00e1s<\/a><\/p>","protected":false},"author":31,"featured_media":0,"parent":31049,"menu_order":0,"comment_status":"closed","ping_status":"closed","template":"","meta":{"footnotes":""},"tnc_tax_1420":[],"folder":[321],"class_list":["post-27576","page","type-page","status-publish"],"_links":{"self":[{"href":"https:\/\/sds.unb.br\/es\/wp-json\/wp\/v2\/pages\/27576","targetHints":{"allow":["GET"]}}],"collection":[{"href":"https:\/\/sds.unb.br\/es\/wp-json\/wp\/v2\/pages"}],"about":[{"href":"https:\/\/sds.unb.br\/es\/wp-json\/wp\/v2\/types\/page"}],"author":[{"embeddable":true,"href":"https:\/\/sds.unb.br\/es\/wp-json\/wp\/v2\/users\/31"}],"replies":[{"embeddable":true,"href":"https:\/\/sds.unb.br\/es\/wp-json\/wp\/v2\/comments?post=27576"}],"version-history":[{"count":547,"href":"https:\/\/sds.unb.br\/es\/wp-json\/wp\/v2\/pages\/27576\/revisions"}],"predecessor-version":[{"id":38704,"href":"https:\/\/sds.unb.br\/es\/wp-json\/wp\/v2\/pages\/27576\/revisions\/38704"}],"up":[{"embeddable":true,"href":"https:\/\/sds.unb.br\/es\/wp-json\/wp\/v2\/pages\/31049"}],"wp:attachment":[{"href":"https:\/\/sds.unb.br\/es\/wp-json\/wp\/v2\/media?parent=27576"}],"wp:term":[{"taxonomy":"tnc_tax_1420","embeddable":true,"href":"https:\/\/sds.unb.br\/es\/wp-json\/wp\/v2\/tnc_tax_1420?post=27576"},{"taxonomy":"folder","embeddable":true,"href":"https:\/\/sds.unb.br\/es\/wp-json\/wp\/v2\/folder?post=27576"}],"curies":[{"name":"wp","href":"https:\/\/api.w.org\/{rel}","templated":true}]}}