{"id":21770,"date":"2022-09-19T11:07:29","date_gmt":"2022-09-19T14:07:29","guid":{"rendered":"https:\/\/sds.unb.br\/?page_id=21770"},"modified":"2024-10-30T18:48:42","modified_gmt":"2024-10-30T21:48:42","slug":"epi-ride-ferramentas","status":"publish","type":"page","link":"https:\/\/sds.unb.br\/es\/home-2\/nossos-projetos\/epiride\/epi-ride-ferramentas\/","title":{"rendered":"epi-ride-ferramentas"},"content":{"rendered":"<div data-elementor-type=\"wp-page\" data-elementor-id=\"21770\" class=\"elementor elementor-21770\">\n\t\t\t\t\t\t<section class=\"elementor-section elementor-top-section elementor-element elementor-element-f1ee357 elementor-section-boxed elementor-section-height-default elementor-section-height-default\" data-id=\"f1ee357\" data-element_type=\"section\" data-settings=\"{&quot;background_background&quot;:&quot;classic&quot;}\">\n\t\t\t\t\t\t<div class=\"elementor-container elementor-column-gap-default\">\n\t\t\t\t\t<div class=\"elementor-column elementor-col-50 elementor-top-column elementor-element elementor-element-7263ca9\" data-id=\"7263ca9\" data-element_type=\"column\">\n\t\t\t<div class=\"elementor-widget-wrap elementor-element-populated\">\n\t\t\t\t\t\t<div class=\"elementor-element elementor-element-45fd4d8 elementor-hidden-mobile elementor-widget elementor-widget-image\" data-id=\"45fd4d8\" data-element_type=\"widget\" data-widget_type=\"image.default\">\n\t\t\t\t<div class=\"elementor-widget-container\">\n\t\t\t\t\t\t\t\t\t\t\t\t\t<img fetchpriority=\"high\" decoding=\"async\" width=\"800\" height=\"826\" src=\"https:\/\/sds.unb.br\/wp-content\/uploads\/2023\/03\/EPI-RIDE_2_NEGATIVO-992x1024.png\" class=\"attachment-large size-large wp-image-31671\" alt=\"\" srcset=\"https:\/\/sds.unb.br\/wp-content\/uploads\/2023\/03\/EPI-RIDE_2_NEGATIVO-992x1024.png 992w, https:\/\/sds.unb.br\/wp-content\/uploads\/2023\/03\/EPI-RIDE_2_NEGATIVO-291x300.png 291w, https:\/\/sds.unb.br\/wp-content\/uploads\/2023\/03\/EPI-RIDE_2_NEGATIVO-768x793.png 768w, https:\/\/sds.unb.br\/wp-content\/uploads\/2023\/03\/EPI-RIDE_2_NEGATIVO-12x12.png 12w, https:\/\/sds.unb.br\/wp-content\/uploads\/2023\/03\/EPI-RIDE_2_NEGATIVO-40x40.png 40w, https:\/\/sds.unb.br\/wp-content\/uploads\/2023\/03\/EPI-RIDE_2_NEGATIVO-205x212.png 205w, https:\/\/sds.unb.br\/wp-content\/uploads\/2023\/03\/EPI-RIDE_2_NEGATIVO-480x496.png 480w, https:\/\/sds.unb.br\/wp-content\/uploads\/2023\/03\/EPI-RIDE_2_NEGATIVO.png 1204w\" sizes=\"(max-width: 800px) 100vw, 800px\" \/>\t\t\t\t\t\t\t\t\t\t\t\t\t<\/div>\n\t\t\t\t<\/div>\n\t\t\t\t\t<\/div>\n\t\t<\/div>\n\t\t\t\t<div class=\"elementor-column elementor-col-50 elementor-top-column elementor-element elementor-element-8027536\" data-id=\"8027536\" data-element_type=\"column\">\n\t\t\t<div class=\"elementor-widget-wrap elementor-element-populated\">\n\t\t\t\t\t\t<div class=\"elementor-element elementor-element-3dd661f elementor-hidden-mobile elementor-widget elementor-widget-spacer\" data-id=\"3dd661f\" data-element_type=\"widget\" data-widget_type=\"spacer.default\">\n\t\t\t\t<div class=\"elementor-widget-container\">\n\t\t\t\t\t<div class=\"elementor-spacer\">\n\t\t\t<div class=\"elementor-spacer-inner\"><\/div>\n\t\t<\/div>\n\t\t\t\t<\/div>\n\t\t\t\t<\/div>\n\t\t\t\t<div class=\"elementor-element elementor-element-bdd2e80 elementor-widget elementor-widget-heading\" data-id=\"bdd2e80\" data-element_type=\"widget\" data-widget_type=\"heading.default\">\n\t\t\t\t<div class=\"elementor-widget-container\">\n\t\t\t<h2 class=\"elementor-heading-title elementor-size-default\">Herramientas<\/h2>\t\t<\/div>\n\t\t\t\t<\/div>\n\t\t\t\t<div class=\"elementor-element elementor-element-9c62ba3 animated-slow elementor-invisible elementor-widget elementor-widget-text-editor\" data-id=\"9c62ba3\" data-element_type=\"widget\" data-settings=\"{&quot;_animation&quot;:&quot;fadeIn&quot;,&quot;_animation_delay&quot;:100}\" data-widget_type=\"text-editor.default\">\n\t\t\t\t<div class=\"elementor-widget-container\">\n\t\t\t\t\t\t\t<p>O Epi-Ride busca melhorar a capacidade de monitoramento, a gest\u00e3o de crises e proporcionar respostas mais efetivas \u00e0s demandas de sa\u00fade da popula\u00e7\u00e3o. Para isso, a Sala de Situa\u00e7\u00e3o de Sa\u00fade fornece ferramentas aplic\u00e1veis \u00e0s situa\u00e7\u00f5es do dia-a-dia da Regi\u00e3o Integrada de Desenvolvimento do Distrito Federal e Entorno (RIDE\/DF). Por isso, disponibilizamos abaixo ferramentas relacionados ao Epi Ride para que voc\u00ea possa aplic\u00e1-las em sua regi\u00e3o<\/p>\t\t\t\t\t\t<\/div>\n\t\t\t\t<\/div>\n\t\t\t\t\t<\/div>\n\t\t<\/div>\n\t\t\t\t\t<\/div>\n\t\t<\/section>\n\t\t\t\t<section class=\"elementor-section elementor-top-section elementor-element elementor-element-dff535a elementor-section-boxed elementor-section-height-default elementor-section-height-default\" data-id=\"dff535a\" data-element_type=\"section\">\n\t\t\t\t\t\t<div class=\"elementor-container elementor-column-gap-default\">\n\t\t\t\t\t<div class=\"elementor-column elementor-col-100 elementor-top-column elementor-element elementor-element-2d4130a4\" data-id=\"2d4130a4\" data-element_type=\"column\">\n\t\t\t<div class=\"elementor-widget-wrap elementor-element-populated\">\n\t\t\t\t\t\t<div class=\"elementor-element elementor-element-60f0e5b9 elementor-widget elementor-widget-heading\" data-id=\"60f0e5b9\" data-element_type=\"widget\" data-widget_type=\"heading.default\">\n\t\t\t\t<div class=\"elementor-widget-container\">\n\t\t\t<h2 class=\"elementor-heading-title elementor-size-default\">Todas as ferramentas<\/h2>\t\t<\/div>\n\t\t\t\t<\/div>\n\t\t\t\t\t<\/div>\n\t\t<\/div>\n\t\t\t\t\t<\/div>\n\t\t<\/section>\n\t\t\t\t<\/div>","protected":false},"excerpt":{"rendered":"<p>Ferramentas O Epi-Ride busca melhorar a capacidade de monitoramento, a gest\u00e3o de crises e proporcionar respostas mais efetivas \u00e0s demandas de sa\u00fade da popula\u00e7\u00e3o. Para isso, a Sala de Situa\u00e7\u00e3o de Sa\u00fade fornece ferramentas aplic\u00e1veis \u00e0s situa\u00e7\u00f5es do dia-a-dia da Regi\u00e3o Integrada de Desenvolvimento do Distrito Federal e Entorno (RIDE\/DF). Por isso, disponibilizamos abaixo ferramentas relacionados ao Epi Ride para que voc\u00ea possa aplic\u00e1-las em sua&hellip;<\/p>\n<p> <a class=\"more-link\" href=\"https:\/\/sds.unb.br\/es\/home-2\/nossos-projetos\/epiride\/epi-ride-ferramentas\/\">Leer m\u00e1s<\/a><\/p>","protected":false},"author":20,"featured_media":0,"parent":27576,"menu_order":0,"comment_status":"closed","ping_status":"closed","template":"","meta":{"footnotes":""},"tnc_tax_1420":[],"folder":[321],"class_list":["post-21770","page","type-page","status-publish"],"_links":{"self":[{"href":"https:\/\/sds.unb.br\/es\/wp-json\/wp\/v2\/pages\/21770","targetHints":{"allow":["GET"]}}],"collection":[{"href":"https:\/\/sds.unb.br\/es\/wp-json\/wp\/v2\/pages"}],"about":[{"href":"https:\/\/sds.unb.br\/es\/wp-json\/wp\/v2\/types\/page"}],"author":[{"embeddable":true,"href":"https:\/\/sds.unb.br\/es\/wp-json\/wp\/v2\/users\/20"}],"replies":[{"embeddable":true,"href":"https:\/\/sds.unb.br\/es\/wp-json\/wp\/v2\/comments?post=21770"}],"version-history":[{"count":14,"href":"https:\/\/sds.unb.br\/es\/wp-json\/wp\/v2\/pages\/21770\/revisions"}],"predecessor-version":[{"id":31738,"href":"https:\/\/sds.unb.br\/es\/wp-json\/wp\/v2\/pages\/21770\/revisions\/31738"}],"up":[{"embeddable":true,"href":"https:\/\/sds.unb.br\/es\/wp-json\/wp\/v2\/pages\/27576"}],"wp:attachment":[{"href":"https:\/\/sds.unb.br\/es\/wp-json\/wp\/v2\/media?parent=21770"}],"wp:term":[{"taxonomy":"tnc_tax_1420","embeddable":true,"href":"https:\/\/sds.unb.br\/es\/wp-json\/wp\/v2\/tnc_tax_1420?post=21770"},{"taxonomy":"folder","embeddable":true,"href":"https:\/\/sds.unb.br\/es\/wp-json\/wp\/v2\/folder?post=21770"}],"curies":[{"name":"wp","href":"https:\/\/api.w.org\/{rel}","templated":true}]}}